{"id":1319,"date":"2018-06-30T11:00:14","date_gmt":"2018-06-30T09:00:14","guid":{"rendered":"https:\/\/nifty-chatelet.100-42-184-64.plesk.page\/?page_id=1319"},"modified":"2018-08-18T13:45:36","modified_gmt":"2018-08-18T11:45:36","slug":"produktbroschueren","status":"publish","type":"page","link":"https:\/\/vogelsitze.com\/de\/produktbroschueren\/","title":{"rendered":"Produktbrosch\u00fcren 2017\/2018"},"content":{"rendered":"<p>[vc_row css=&#8220;.vc_custom_1520677707881{margin-top: -30px !important;}&#8220;][vc_column]<header class=\"thememount-heading-wrapper thememount-heading-wrapper-align-left\"><div class=\"thememount-heading-wrapper-inner\"><h2 class=\"thememount-heading-align-left\"><span>Vogelsitze Produktbrosch\u00fcren<\/span><\/h2><\/div><p class=\"thememount-subheading\">als PDF-Dateien zum Download<\/p><\/header>[vc_empty_space height=&#8220;40px&#8220;]<header class=\"thememount-heading-wrapper thememount-heading-wrapper-align-left\"><div class=\"thememount-heading-wrapper-inner\"><h3 class=\"thememount-heading-align-left\"><span>Bussitze<\/span><\/h3><\/div><\/header>[vc_column_text]<\/p>\n<h4>City | Intercity<\/h4>\n<p>[\/vc_column_text]<section class=\"thememount-servicebox thememount-servicebox-lefticonspacing  float-shadow \"><div class=\"thememount-servicebox-title-wrapper\"><i class=\"fas fa-\"><\/i><h2 class=\"thememount-servicebox-title\"><a class=\"thememount-sb-title-link\" href=\"https:\/\/nifty-chatelet.100-42-184-64.plesk.page\/wp-content\/uploads\/Vogelsitze-Pino.pdf\"\n   title=\"Produktbrosch\u00fcre als PDF-Dokument zum Download (Dateigr\u00f6\u00dfe: 527 KB)\" target=\"_blank\">Pino - Sitz f\u00fcr Busse, Bahnen, Schiffe und Gondeln<\/a><\/h2><h4 class=\"thememount-servicebox-subtitle\">Produktbrosch\u00fcre als PDF-Dokument zum Download (Dateigr\u00f6\u00dfe: 527 KB)<\/h4><div class=\"thememount-servicebox-content\"><\/div><\/div><\/section><section class=\"thememount-servicebox thememount-servicebox-lefticonspacing  float-shadow \"><div class=\"thememount-servicebox-title-wrapper\"><i class=\"fas fa-\"><\/i><h2 class=\"thememount-servicebox-title\"><a class=\"thememount-sb-title-link\" href=\"https:\/\/nifty-chatelet.100-42-184-64.plesk.page\/wp-content\/uploads\/Vogelsitze-Arondo.pdf\"\n   title=\"Produktbrosch\u00fcre als PDF-Dokument zum Download (Dateigr\u00f6\u00dfe: 532 KB)\" target=\"_blank\">Arondo - Sitz f\u00fcr Mini- und Midibusse mit Schulbuszulassung<\/a><\/h2><h4 class=\"thememount-servicebox-subtitle\">Produktbrosch\u00fcre als PDF-Dokument zum Download (Dateigr\u00f6\u00dfe: 532 KB)<\/h4><div class=\"thememount-servicebox-content\"><\/div><\/div><\/section><section class=\"thememount-servicebox thememount-servicebox-lefticonspacing  float-shadow \"><div class=\"thememount-servicebox-title-wrapper\"><i class=\"fas fa-\"><\/i><h2 class=\"thememount-servicebox-title\"><a class=\"thememount-sb-title-link\" href=\"https:\/\/nifty-chatelet.100-42-184-64.plesk.page\/wp-content\/uploads\/Vogelsitze-Primus.pdf\"\n   title=\"Produktbrosch\u00fcre als PDF-Dokument zum Download (Dateigr\u00f6\u00dfe: 590 KB)\" target=\"_blank\">Primus - Sitz f\u00fcr Kleinbusse bis Intercitybusse, Allrounder f\u00fcr Midibusse (MB Sprinter etc.)<\/a><\/h2><h4 class=\"thememount-servicebox-subtitle\">Produktbrosch\u00fcre als PDF-Dokument zum Download (Dateigr\u00f6\u00dfe: 590 KB)<\/h4><div class=\"thememount-servicebox-content\"><\/div><\/div><\/section>[vc_empty_space height=&#8220;40px&#8220;]<header class=\"thememount-heading-wrapper thememount-heading-wrapper-align-left\"><div class=\"thememount-heading-wrapper-inner\"><h3 class=\"thememount-heading-align-left\"><span>Bussitze<\/span><\/h3><\/div><\/header>[vc_column_text]<\/p>\n<h4>Coach<\/h4>\n<p>[\/vc_column_text]<section class=\"thememount-servicebox thememount-servicebox-lefticonspacing  float-shadow \"><div class=\"thememount-servicebox-title-wrapper\"><i class=\"fas fa-\"><\/i><h2 class=\"thememount-servicebox-title\"><a class=\"thememount-sb-title-link\" href=\"https:\/\/nifty-chatelet.100-42-184-64.plesk.page\/wp-content\/uploads\/Vogelsitze-LS20.pdf\"\n   title=\"Produktbrosch\u00fcre als PDF-Dokument zum Download (Dateigr\u00f6\u00dfe: 678 KB)\" target=\"_blank\">LS20 - Sitz f\u00fcr alle Reisebusse<\/a><\/h2><h4 class=\"thememount-servicebox-subtitle\">Produktbrosch\u00fcre als PDF-Dokument zum Download (Dateigr\u00f6\u00dfe: 678 KB)<\/h4><div class=\"thememount-servicebox-content\"><\/div><\/div><\/section><section class=\"thememount-servicebox thememount-servicebox-lefticonspacing  float-shadow \"><div class=\"thememount-servicebox-title-wrapper\"><i class=\"fas fa-\"><\/i><h2 class=\"thememount-servicebox-title\"><a class=\"thememount-sb-title-link\" href=\"https:\/\/nifty-chatelet.100-42-184-64.plesk.page\/wp-content\/uploads\/Vogelsitze-LS30.pdf\"\n   title=\"Produktbrosch\u00fcre als PDF-Dokument zum Download (Dateigr\u00f6\u00dfe: 681 KB)\" target=\"_blank\">LS30 - Sitz f\u00fcr alle Reisebusse<\/a><\/h2><h4 class=\"thememount-servicebox-subtitle\">Produktbrosch\u00fcre als PDF-Dokument zum Download (Dateigr\u00f6\u00dfe: 681 KB)<\/h4><div class=\"thememount-servicebox-content\"><\/div><\/div><\/section><section class=\"thememount-servicebox thememount-servicebox-lefticonspacing  float-shadow \"><div class=\"thememount-servicebox-title-wrapper\"><i class=\"fas fa-\"><\/i><h2 class=\"thememount-servicebox-title\"><a class=\"thememount-sb-title-link\" href=\"https:\/\/nifty-chatelet.100-42-184-64.plesk.page\/wp-content\/uploads\/Vogelsitze-LS40.pdf\"\n   title=\"Produktbrosch\u00fcre als PDF-Dokument zum Download (Dateigr\u00f6\u00dfe: 694 KB)\" target=\"_blank\">LS40 - Sitz f\u00fcr alle Reisebusse<\/a><\/h2><h4 class=\"thememount-servicebox-subtitle\">Produktbrosch\u00fcre als PDF-Dokument zum Download (Dateigr\u00f6\u00dfe: 694 KB)<\/h4><div class=\"thememount-servicebox-content\"><\/div><\/div><\/section><section class=\"thememount-servicebox thememount-servicebox-lefticonspacing  float-shadow \"><div class=\"thememount-servicebox-title-wrapper\"><i class=\"fas fa-\"><\/i><h2 class=\"thememount-servicebox-title\"><a class=\"thememount-sb-title-link\" href=\"https:\/\/nifty-chatelet.100-42-184-64.plesk.page\/wp-content\/uploads\/Vogelsitze-LS60.pdf\"\n   title=\"Produktbrosch\u00fcre als PDF-Dokument zum Download (Dateigr\u00f6\u00dfe: 639 KB)\" target=\"_blank\">LS60 - Sitz f\u00fcr alle Reisebusse <\/a><\/h2><h4 class=\"thememount-servicebox-subtitle\">Produktbrosch\u00fcre als PDF-Dokument zum Download (Dateigr\u00f6\u00dfe: 639 KB)<\/h4><div class=\"thememount-servicebox-content\"><\/div><\/div><\/section><section class=\"thememount-servicebox thememount-servicebox-lefticonspacing  float-shadow \"><div class=\"thememount-servicebox-title-wrapper\"><i class=\"fas fa-\"><\/i><h2 class=\"thememount-servicebox-title\"><a class=\"thememount-sb-title-link\" href=\"https:\/\/nifty-chatelet.100-42-184-64.plesk.page\/wp-content\/uploads\/Vogelsitze-LS80-Accent.pdf\"\n   title=\"Produktbrosch\u00fcre als PDF-Dokument zum Download (Dateigr\u00f6\u00dfe: 555 KB)\" target=\"_blank\">LS80 \/ Accent - Sitz f\u00fcr alle Reisebusse<\/a><\/h2><h4 class=\"thememount-servicebox-subtitle\">Produktbrosch\u00fcre als PDF-Dokument zum Download (Dateigr\u00f6\u00dfe: 555 KB)<\/h4><div class=\"thememount-servicebox-content\"><\/div><\/div><\/section>[vc_empty_space height=&#8220;40px&#8220;]<header class=\"thememount-heading-wrapper thememount-heading-wrapper-align-left\"><div class=\"thememount-heading-wrapper-inner\"><h3 class=\"thememount-heading-align-left\"><span>Bussitze<\/span><\/h3><\/div><\/header>[vc_column_text]<\/p>\n<h4>M1<\/h4>\n<p>[\/vc_column_text]<section class=\"thememount-servicebox thememount-servicebox-lefticonspacing  float-shadow \"><div class=\"thememount-servicebox-title-wrapper\"><i class=\"fas fa-\"><\/i><h2 class=\"thememount-servicebox-title\"><a class=\"thememount-sb-title-link\" href=\"https:\/\/nifty-chatelet.100-42-184-64.plesk.page\/wp-content\/uploads\/Vogelsitze-Strada.pdf\"\n   title=\"Produktbrosch\u00fcre als PDF-Dokument zum Download (Dateigr\u00f6\u00dfe: 500 KB)\" target=\"_blank\">Strada - Sitz f\u00fcr Minibusse<\/a><\/h2><h4 class=\"thememount-servicebox-subtitle\">Produktbrosch\u00fcre als PDF-Dokument zum Download (Dateigr\u00f6\u00dfe: 500 KB)<\/h4><div class=\"thememount-servicebox-content\"><\/div><\/div><\/section>[vc_empty_space height=&#8220;40px&#8220;][vc_separator border_width=&#8220;2&#8243;][vc_empty_space height=&#8220;40px&#8220;]<header class=\"thememount-heading-wrapper thememount-heading-wrapper-align-left\"><div class=\"thememount-heading-wrapper-inner\"><h3 class=\"thememount-heading-align-left\"><span>Bahnsitze<\/span><\/h3><\/div><\/header>[vc_column_text]<\/p>\n<h4>City | Intercity<\/h4>\n<p>[\/vc_column_text]<section class=\"thememount-servicebox thememount-servicebox-lefticonspacing  float-shadow \"><div class=\"thememount-servicebox-title-wrapper\"><i class=\"fas fa-\"><\/i><h2 class=\"thememount-servicebox-title\"><a class=\"thememount-sb-title-link\" href=\"https:\/\/nifty-chatelet.100-42-184-64.plesk.page\/wp-content\/uploads\/Vogelsitze-Pino.pdf\"\n   title=\"Produktbrosch\u00fcre als PDF-Dokument zum Download (Dateigr\u00f6\u00dfe: 528 KB)\" target=\"_blank\">Pino - Sitz f\u00fcr Busse, Bahnen, Schiffe und Gondeln<\/a><\/h2><h4 class=\"thememount-servicebox-subtitle\">Produktbrosch\u00fcre als PDF-Dokument zum Download (Dateigr\u00f6\u00dfe: 528 KB)<\/h4><div class=\"thememount-servicebox-content\"><\/div><\/div><\/section>[vc_empty_space height=&#8220;40px&#8220;][\/vc_column][\/vc_row]<\/p>\n","protected":false},"excerpt":{"rendered":"<p>[vc_row css=&#8220;.vc_custom_1520677707881{margin-top: -30px !important;}&#8220;][vc_column][vc_empty_space height=&#8220;40px&#8220;][vc_column_text] City | Intercity [\/vc_column_text][vc_empty_space height=&#8220;40px&#8220;][vc_column_text] Coach [\/vc_column_text][vc_empty_space height=&#8220;40px&#8220;][vc_column_text] M1 [\/vc_column_text][vc_empty_space height=&#8220;40px&#8220;][vc_separator border_width=&#8220;2&#8243;][vc_empty_space height=&#8220;40px&#8220;][vc_column_text] City | Intercity [\/vc_column_text][vc_empty_space height=&#8220;40px&#8220;][\/vc_column][\/vc_row]<\/p>\n","protected":false},"author":8,"featured_media":0,"parent":0,"menu_order":0,"comment_status":"closed","ping_status":"closed","template":"","meta":{"footnotes":""},"class_list":["post-1319","page","type-page","status-publish","hentry"],"rttpg_featured_image_url":null,"rttpg_author":{"display_name":"\u00d6zcan YARDIMCI","author_link":"https:\/\/vogelsitze.com\/de\/author\/oyardimci\/"},"rttpg_comment":0,"rttpg_category":" <a href=\"https:\/\/vogelsitze.com\/de\/?taxonomy=translation_priority&#038;term=optional\" rel=\"tag\">Optional<\/a>","rttpg_excerpt":"[vc_row css=&#8220;.vc_custom_1520677707881{margin-top: -30px !important;}&#8220;][vc_column][vc_empty_space height=&#8220;40px&#8220;][vc_column_text] City | Intercity [\/vc_column_text][vc_empty_space height=&#8220;40px&#8220;][vc_column_text] Coach [\/vc_column_text][vc_empty_space height=&#8220;40px&#8220;][vc_column_text] M1 [\/vc_column_text][vc_empty_space height=&#8220;40px&#8220;][vc_separator border_width=&#8220;2&#8243;][vc_empty_space height=&#8220;40px&#8220;][vc_column_text] City | Intercity [\/vc_column_text][vc_empty_space height=&#8220;40px&#8220;][\/vc_column][\/vc_row]","_links":{"self":[{"href":"https:\/\/vogelsitze.com\/de\/wp-json\/wp\/v2\/pages\/1319","targetHints":{"allow":["GET"]}}],"collection":[{"href":"https:\/\/vogelsitze.com\/de\/wp-json\/wp\/v2\/pages"}],"about":[{"href":"https:\/\/vogelsitze.com\/de\/wp-json\/wp\/v2\/types\/page"}],"author":[{"embeddable":true,"href":"https:\/\/vogelsitze.com\/de\/wp-json\/wp\/v2\/users\/8"}],"replies":[{"embeddable":true,"href":"https:\/\/vogelsitze.com\/de\/wp-json\/wp\/v2\/comments?post=1319"}],"version-history":[{"count":9,"href":"https:\/\/vogelsitze.com\/de\/wp-json\/wp\/v2\/pages\/1319\/revisions"}],"predecessor-version":[{"id":1340,"href":"https:\/\/vogelsitze.com\/de\/wp-json\/wp\/v2\/pages\/1319\/revisions\/1340"}],"wp:attachment":[{"href":"https:\/\/vogelsitze.com\/de\/wp-json\/wp\/v2\/media?parent=1319"}],"curies":[{"name":"wp","href":"https:\/\/api.w.org\/{rel}","templated":true}]}}