{"id":4402,"date":"2022-05-23T13:42:03","date_gmt":"2022-05-23T11:42:03","guid":{"rendered":"https:\/\/nifty-chatelet.100-42-184-64.plesk.page\/?page_id=4402"},"modified":"2022-08-18T16:03:44","modified_gmt":"2022-08-18T14:03:44","slug":"geschichte","status":"publish","type":"page","link":"https:\/\/vogelsitze.com\/de\/geschichte\/","title":{"rendered":"Geschichte"},"content":{"rendered":"<p>[vc_row][vc_column el_class=&#8220;top_up&#8220;][vc_single_image image=&#8220;4253&#8243; img_size=&#8220;full&#8220; alignment=&#8220;center&#8220; style=&#8220;vc_box_shadow&#8220; css_animation=&#8220;slideInDown&#8220;][vc_column_text]<strong style=\"font-size: 30px;\">GESCHICHTE\u00a0\u00a0<\/strong>[\/vc_column_text][\/vc_column][\/vc_row][vc_row css=&#8220;.vc_custom_1658995495423{background-image: url(https:\/\/vogelsitze.com\/wp-content\/uploads\/Background_history-9.png?id=4399) !important;}&#8220;][vc_column][vc_row_inner][vc_column_inner width=&#8220;1\/4&#8243;][vc_column_text]<\/p>\n<div style=\"color: white; font-size: 15px; text-align: justify;\">\n<p><strong>1925<\/strong><\/p>\n<ul>\n<li data-ccp-props=\"{&quot;335551550&quot;:1,&quot;335551620&quot;:1,&quot;335559683&quot;:0,&quot;335559685&quot;:0,&quot;335559731&quot;:0,&quot;335559737&quot;:0,&quot;335562764&quot;:2,&quot;335562765&quot;:1,&quot;335562766&quot;:4,&quot;335562767&quot;:0,&quot;335562768&quot;:4,&quot;335562769&quot;:0}\"><span data-contrast=\"none\">Josef Vogel gr\u00fcndet im l\u00e4ndlichen\u00a0<\/span><span data-contrast=\"none\">Stupferich<\/span><span data-contrast=\"none\">\u00a0einen Omnibusbetrieb.<\/span>\u200b<\/li>\n<li data-ccp-props=\"{&quot;335551550&quot;:1,&quot;335551620&quot;:1,&quot;335559683&quot;:0,&quot;335559685&quot;:0,&quot;335559731&quot;:0,&quot;335559737&quot;:0,&quot;335562764&quot;:2,&quot;335562765&quot;:1,&quot;335562766&quot;:4,&quot;335562767&quot;:6,&quot;335562768&quot;:4,&quot;335562769&quot;:0}\"><span data-contrast=\"none\">Den ersten Bus (Magirus) baute er hierf\u00fcr komplett selbst auf.<\/span>\u200b<\/li>\n<li data-ccp-props=\"{&quot;335551550&quot;:1,&quot;335551620&quot;:1,&quot;335559683&quot;:0,&quot;335559685&quot;:0,&quot;335559731&quot;:0,&quot;335559737&quot;:0,&quot;335562764&quot;:2,&quot;335562765&quot;:1,&quot;335562766&quot;:4,&quot;335562767&quot;:6,&quot;335562768&quot;:4,&quot;335562769&quot;:0}\"><span data-contrast=\"none\">Vorerst war Josef Vogel im Berufsverkehr t\u00e4tig.<\/span><\/li>\n<\/ul>\n<\/div>\n<p>[\/vc_column_text][\/vc_column_inner][vc_column_inner width=&#8220;1\/4&#8243;][vc_column_text]<\/p>\n<div style=\"color: white; font-size: 15px; text-align: justify;\">\n<p><strong>1959<\/strong><\/p>\n<ul>\n<li>Vogel konstruiert und baut eigene Sitzgestelle, die Gottlieb Auw\u00e4rter in Vogels eigenen Neoplan einbaut. \u200bAls andere Kunden diese \u201eneuen\u201c Sitze bei Neoplan sehen und auch haben wollten, war der Grundstein der Firma Vogelsitze gelegt.<\/li>\n<\/ul>\n<\/div>\n<p>[\/vc_column_text][\/vc_column_inner][vc_column_inner width=&#8220;1\/4&#8243;][vc_column_text]<\/p>\n<div style=\"color: white; font-size: 15px; text-align: justify;\">\n<p><strong>1960<\/strong><\/p>\n<ul>\n<li>Ignaz Vogel und seine Frau Elisabeth gr\u00fcnden Vogelsitze. Erster Kunde ist die Firma Gottlob Auw\u00e4rter.<\/li>\n<\/ul>\n<p>&nbsp;<\/p>\n<\/div>\n<p>[\/vc_column_text][\/vc_column_inner][vc_column_inner width=&#8220;1\/4&#8243;][vc_column_text]<\/p>\n<div style=\"color: white; font-size: 15px; text-align: justify;\">\n<p><strong>1986<\/strong><\/p>\n<ul>\n<li>Modulares System mit Aluminiumprofilen-Strangpressprofilen wird patentiert. Nach Ablauf des Patents wird dieses von ALLEN Mitwettbewerbern \u00fcbernommen und ist bis heute der allgemeiner der Standard.<\/li>\n<\/ul>\n<\/div>\n<p>[\/vc_column_text][\/vc_column_inner][\/vc_row_inner][vc_separator color=&#8220;white&#8220;][vc_row_inner][vc_column_inner width=&#8220;1\/4&#8243;][vc_column_text]<\/p>\n<div style=\"color: white; font-size: 15px; text-align: justify;\">\n<p><strong>2018<\/strong><\/p>\n<ul>\n<li>Restrukturierung Firma Vogelsitz\u200be.<br \/>\nNutzung der ersten Synergien um Kosten zu reduzieren.<br \/>\nInstallation einer vollautomatischen Fertigungslinie.<\/li>\n<\/ul>\n<\/div>\n<p>[\/vc_column_text][\/vc_column_inner][vc_column_inner width=&#8220;1\/4&#8243;][vc_column_text]<\/p>\n<div style=\"color: white; font-size: 15px; text-align: justify;\">\n<p><strong>2019<\/strong><\/p>\n<ul>\n<li>Gr\u00fcndung der Vogelsitze T\u00fcrkei um in der sehr preissensitiven Branche auch zuk\u00fcnftig bestehen zu k\u00f6nnen.<\/li>\n<\/ul>\n<\/div>\n<p>[\/vc_column_text][\/vc_column_inner][vc_column_inner width=&#8220;1\/4&#8243;][vc_column_text]<\/p>\n<div style=\"color: white; font-size: 15px; text-align: justify;\">\n<p><strong>2020<\/strong><\/p>\n<p>Fortsetzung des Restrukturierungsprozesses:\u200b<\/p>\n<ul>\n<li>Neuentwicklung des neuen Reisebussitzes MAGNIO zusammen mit einem namhaften OEM gestartet.<\/li>\n<li>Neuentwicklung der Stadtbussitze System 300, Arondo Seating System.<\/li>\n<\/ul>\n<\/div>\n<p>[\/vc_column_text][\/vc_column_inner][vc_column_inner width=&#8220;1\/4&#8243;][vc_column_text]<\/p>\n<div style=\"color: white; font-size: 15px; text-align: justify;\">\n<p><strong>2022<\/strong><\/p>\n<ul>\n<li>Start der SAP S4 Hana und MES Projekte.<\/li>\n<\/ul>\n<\/div>\n<p>[\/vc_column_text][\/vc_column_inner][\/vc_row_inner][\/vc_column][\/vc_row]<\/p>\n","protected":false},"excerpt":{"rendered":"<p>[vc_row][vc_column el_class=&#8220;top_up&#8220;][vc_single_image image=&#8220;4253&#8243; img_size=&#8220;full&#8220; alignment=&#8220;center&#8220; style=&#8220;vc_box_shadow&#8220; css_animation=&#8220;slideInDown&#8220;][vc_column_text]GESCHICHTE\u00a0\u00a0[\/vc_column_text][\/vc_column][\/vc_row][vc_row css=&#8220;.vc_custom_1658995495423{background-image: url(https:\/\/vogelsitze.com\/wp-content\/uploads\/Background_history-9.png?id=4399) !important;}&#8220;][vc_column][vc_row_inner][vc_column_inner width=&#8220;1\/4&#8243;][vc_column_text] 1925 Josef Vogel gr\u00fcndet im l\u00e4ndlichen\u00a0Stupferich\u00a0einen Omnibusbetrieb.\u200b Den ersten Bus (Magirus) baute er hierf\u00fcr komplett selbst auf.\u200b Vorerst war Josef Vogel im Berufsverkehr t\u00e4tig. [\/vc_column_text][\/vc_column_inner][vc_column_inner width=&#8220;1\/4&#8243;][vc_column_text] 1959 Vogel konstruiert und baut eigene Sitzgestelle, die Gottlieb Auw\u00e4rter in Vogels eigenen Neoplan einbaut. \u200bAls andere Kunden [&hellip;]<\/p>\n","protected":false},"author":8,"featured_media":0,"parent":0,"menu_order":0,"comment_status":"closed","ping_status":"closed","template":"","meta":{"footnotes":""},"class_list":["post-4402","page","type-page","status-publish","hentry"],"rttpg_featured_image_url":null,"rttpg_author":{"display_name":"\u00d6zcan YARDIMCI","author_link":"https:\/\/vogelsitze.com\/de\/author\/oyardimci\/"},"rttpg_comment":0,"rttpg_category":" <a href=\"https:\/\/vogelsitze.com\/de\/?taxonomy=translation_priority&#038;term=optional\" rel=\"tag\">Optional<\/a>","rttpg_excerpt":"[vc_row][vc_column el_class=&#8220;top_up&#8220;][vc_single_image image=&#8220;4253&#8243; img_size=&#8220;full&#8220; alignment=&#8220;center&#8220; style=&#8220;vc_box_shadow&#8220; css_animation=&#8220;slideInDown&#8220;][vc_column_text]GESCHICHTE\u00a0\u00a0[\/vc_column_text][\/vc_column][\/vc_row][vc_row css=&#8220;.vc_custom_1658995495423{background-image: url(https:\/\/vogelsitze.com\/wp-content\/uploads\/Background_history-9.png?id=4399) !important;}&#8220;][vc_column][vc_row_inner][vc_column_inner width=&#8220;1\/4&#8243;][vc_column_text] 1925 Josef Vogel gr\u00fcndet im l\u00e4ndlichen\u00a0Stupferich\u00a0einen Omnibusbetrieb.\u200b Den ersten Bus (Magirus) baute er hierf\u00fcr komplett selbst auf.\u200b Vorerst war Josef Vogel im Berufsverkehr t\u00e4tig. [\/vc_column_text][\/vc_column_inner][vc_column_inner width=&#8220;1\/4&#8243;][vc_column_text] 1959 Vogel konstruiert und baut eigene Sitzgestelle, die Gottlieb Auw\u00e4rter in Vogels eigenen Neoplan einbaut. \u200bAls andere Kunden&hellip;","_links":{"self":[{"href":"https:\/\/vogelsitze.com\/de\/wp-json\/wp\/v2\/pages\/4402","targetHints":{"allow":["GET"]}}],"collection":[{"href":"https:\/\/vogelsitze.com\/de\/wp-json\/wp\/v2\/pages"}],"about":[{"href":"https:\/\/vogelsitze.com\/de\/wp-json\/wp\/v2\/types\/page"}],"author":[{"embeddable":true,"href":"https:\/\/vogelsitze.com\/de\/wp-json\/wp\/v2\/users\/8"}],"replies":[{"embeddable":true,"href":"https:\/\/vogelsitze.com\/de\/wp-json\/wp\/v2\/comments?post=4402"}],"version-history":[{"count":37,"href":"https:\/\/vogelsitze.com\/de\/wp-json\/wp\/v2\/pages\/4402\/revisions"}],"predecessor-version":[{"id":7103,"href":"https:\/\/vogelsitze.com\/de\/wp-json\/wp\/v2\/pages\/4402\/revisions\/7103"}],"wp:attachment":[{"href":"https:\/\/vogelsitze.com\/de\/wp-json\/wp\/v2\/media?parent=4402"}],"curies":[{"name":"wp","href":"https:\/\/api.w.org\/{rel}","templated":true}]}}