{"id":5185,"date":"2022-07-27T11:18:07","date_gmt":"2022-07-27T09:18:07","guid":{"rendered":"https:\/\/nifty-chatelet.100-42-184-64.plesk.page\/nahverkehr\/"},"modified":"2025-03-27T00:52:58","modified_gmt":"2025-03-26T23:52:58","slug":"nahverkehr","status":"publish","type":"page","link":"https:\/\/vogelsitze.com\/de\/nahverkehr\/","title":{"rendered":"Nahverkehr"},"content":{"rendered":"<p>[vc_row parallax=&#8220;true&#8220;][vc_column el_class=&#8220;top_up&#8220;][vc_empty_space height=&#8220;50px&#8220;][vc_column_text]<strong style=\"font-size: 45px;\">NAHVERKEHR<\/strong>[\/vc_column_text][vc_empty_space height=&#8220;50px&#8220;][vc_row_inner el_id=&#8220;pino&#8220;][vc_column_inner width=&#8220;1\/2&#8243;][vc_column_text]<strong style=\"font-size: 30px;\">PINO<\/strong>[\/vc_column_text][vc_column_text]<\/p>\n<div style=\"border-right: 1px solid #000000;\">\n<div style=\"margin-right: 15px; text-align: justify;\"><em><strong>Pino<\/strong><\/em> steht f\u00fcr h\u00f6chste Produktinnovation.<\/div>\n<div style=\"margin-right: 15px; text-align: justify;\">Geringes Gewicht bei hoher Festigkeit dank intelligenter Konstruktion und Werkstoffauswahl.<\/div>\n<div style=\"margin-right: 15px; text-align: justify;\">Die \u201eWelle mit Funktion\u201c bringt perfekten Sitzkomfort, optimalen Seitenhalt, Luftzirkulation im R\u00fcckenbereich.<\/div>\n<\/div>\n<p>[\/vc_column_text][mvc_advanced_button btn_animation=&#8220;button&#8211;ujarak&#8220; btn_text=&#8220;Download PDF&#8220; btn_icon=&#8220;fas fa-file-download&#8220; btn_hvrbg=&#8220;#003366&#8243; btn_url=&#8220;url:https%3A%2F%2Fnifty-chatelet.100-42-184-64.plesk.page%2Fwp-content%2Fuploads%2Fpino-brosur-2020.pdf|target:_blank&#8220;][\/vc_column_inner][vc_column_inner width=&#8220;1\/2&#8243;][vc_single_image image=&#8220;4442&#8243; img_size=&#8220;large&#8220; css_animation=&#8220;fadeInRight&#8220;][\/vc_column_inner][\/vc_row_inner][vc_empty_space height=&#8220;50px&#8220;][vc_row_inner el_id=&#8220;system300&#8243;][vc_column_inner width=&#8220;1\/2&#8243;][vc_single_image image=&#8220;5334&#8243; img_size=&#8220;large&#8220; css_animation=&#8220;fadeInLeft&#8220;][\/vc_column_inner][vc_column_inner width=&#8220;1\/2&#8243;][vc_column_text]<strong style=\"font-size: 30px; margin-left: 15px;\">AERION<\/strong>[\/vc_column_text][vc_column_text]<\/p>\n<div style=\"border-left: 1px solid #000000;\">\n<div style=\"margin-left: 15px;\">\n<p style=\"text-align: justify;\">Ein hochmoderner Sitz im \u00f6ffentlichen Nahverkehr mit perfektem Sitzkomfort.<\/p>\n<p style=\"text-align: justify;\"><em><strong>Aerion<\/strong><\/em>\u00a0mit seinem Zubeh\u00f6rprogramm erf\u00fcllt alle Anforderungen an einen Sitz seiner Klasse. Von h\u00f6chster Qualit\u00e4t und ein hochwertiges Design verleihen dem Sitz sein unverwechselbares Aussehen.<\/p>\n<p style=\"text-align: justify;\">Mit seiner leichten, modularen Aluminiumbauweise, den Polstereinbauteilen mit dem Trim\u2010o\u2010fix-Schnellwechsel-Abdecksystem, sprechen die leicht zug\u00e4nglichen Teile ohne alles f\u00fcr seine praktische Konstruktion \u2010 im praktischen Einsatz.<\/p>\n<\/div>\n<\/div>\n<p>[\/vc_column_text][mvc_advanced_button btn_animation=&#8220;button&#8211;ujarak&#8220; btn_text=&#8220;Download PDF&#8220; btn_icon=&#8220;fas fa-file-download&#8220; btn_hvrbg=&#8220;#003366&#8243; btn_url=&#8220;url:https%3A%2F%2Fnifty-chatelet.100-42-184-64.plesk.page%2Fwp-content%2Fuploads%2Faerion.pdf|target:_blank&#8220; caption_url=&#8220;&#8220; caption_urls=&#8220;&#8220; caption_urlss=&#8220;&#8220;][\/vc_column_inner][\/vc_row_inner][vc_empty_space height=&#8220;50px&#8220;][vc_row_inner el_id=&#8220;arondocity&#8220;][vc_column_inner width=&#8220;1\/2&#8243;][vc_column_text]<strong style=\"font-size: 30px;\">ARONDO CITY<\/strong>[\/vc_column_text][vc_column_text]<\/p>\n<div style=\"border-right: 1px solid #000000;\">\n<div style=\"margin-right: 15px; text-align: justify;\">Der moderne City-Sitz mit bestem Komfort.<\/div>\n<div style=\"margin-right: 15px; text-align: justify;\">Ausgestattet mit verschiedenen Anbauteilen erf\u00fcllt der <strong>Arondo City<\/strong> alle Anforderungen an einen Sitz seiner Klasse.<\/div>\n<div style=\"margin-right: 15px; text-align: justify;\">Der modulare Sitzaufbau erm\u00f6glicht einen einfachen und schnellen Austausch der Komponenten.<\/div>\n<\/div>\n<p>[\/vc_column_text][mvc_advanced_button btn_animation=&#8220;button&#8211;ujarak&#8220; btn_text=&#8220;Download PDF&#8220; btn_icon=&#8220;fas fa-file-download&#8220; btn_hvrbg=&#8220;#003366&#8243; btn_url=&#8220;url:https%3A%2F%2Fnifty-chatelet.100-42-184-64.plesk.page%2Fwp-content%2Fuploads%2FArondo.pdf|target:_blank&#8220;][\/vc_column_inner][vc_column_inner width=&#8220;1\/2&#8243;][vc_single_image image=&#8220;3508&#8243; img_size=&#8220;large&#8220; css_animation=&#8220;fadeInRight&#8220;][\/vc_column_inner][\/vc_row_inner][vc_empty_space height=&#8220;50px&#8220;][vc_row_inner el_id=&#8220;arondocombi&#8220;][vc_column_inner width=&#8220;1\/2&#8243;][vc_single_image image=&#8220;3524&#8243; img_size=&#8220;large&#8220; css_animation=&#8220;fadeInLeft&#8220;][\/vc_column_inner][vc_column_inner width=&#8220;1\/2&#8243;][vc_column_text]<strong style=\"font-size: 30px; margin-left: 15px;\">ARONDO COMBI<\/strong>[\/vc_column_text][vc_column_text]<\/p>\n<div style=\"border-left: 1px solid #000000;\">\n<div style=\"margin-left: 15px;\">\n<p style=\"text-align: justify;\"><strong><em>Combi<\/em><\/strong>\u201c bedeutet hier \u201esowohl als auch\u201c &#8211; und so pr\u00e4sentiert sich der neue Vogel <strong><em>\u201eCombi<\/em><\/strong>\u201c sowohl als \u00dcberland- als auch als Stadtbussitz.<\/p>\n<p style=\"text-align: justify;\">Der <strong><em>\u201eCombi<\/em><\/strong>\u201c-\u00dcL-Sitz ist nach aktuellen EU-Richtlinien gepr\u00fcft und wird mit 2- oder 3-Punkt-Gurten angeboten.<\/p>\n<p style=\"text-align: justify;\">Flexible Gurtschl\u00f6sser erm\u00f6glichen einen problemlosen Fahrgastwechsel sowie einfaches Anschnallen.<\/p>\n<\/div>\n<\/div>\n<p>[\/vc_column_text][mvc_advanced_button btn_animation=&#8220;button&#8211;ujarak&#8220; btn_text=&#8220;Download PDF&#8220; btn_icon=&#8220;fas fa-file-download&#8220; btn_hvrbg=&#8220;#003366&#8243; btn_url=&#8220;url:https%3A%2F%2Fnifty-chatelet.100-42-184-64.plesk.page%2Fwp-content%2Fuploads%2FArondo.pdf|target:_blank&#8220;][\/vc_column_inner][\/vc_row_inner][\/vc_column][\/vc_row]<\/p>\n","protected":false},"excerpt":{"rendered":"<p>[vc_row parallax=&#8220;true&#8220;][vc_column el_class=&#8220;top_up&#8220;][vc_empty_space height=&#8220;50px&#8220;][vc_column_text]NAHVERKEHR[\/vc_column_text][vc_empty_space height=&#8220;50px&#8220;][vc_row_inner el_id=&#8220;pino&#8220;][vc_column_inner width=&#8220;1\/2&#8243;][vc_column_text]PINO[\/vc_column_text][vc_column_text] Pino steht f\u00fcr h\u00f6chste Produktinnovation. Geringes Gewicht bei hoher Festigkeit dank intelligenter Konstruktion und Werkstoffauswahl. Die \u201eWelle mit Funktion\u201c bringt perfekten Sitzkomfort, optimalen Seitenhalt, Luftzirkulation im R\u00fcckenbereich. [\/vc_column_text][mvc_advanced_button btn_animation=&#8220;button&#8211;ujarak&#8220; btn_text=&#8220;Download PDF&#8220; btn_icon=&#8220;fas fa-file-download&#8220; btn_hvrbg=&#8220;#003366&#8243; btn_url=&#8220;url:https%3A%2F%2Fnifty-chatelet.100-42-184-64.plesk.page%2Fwp-content%2Fuploads%2Fpino-brosur-2020.pdf|target:_blank&#8220;][\/vc_column_inner][vc_column_inner width=&#8220;1\/2&#8243;][vc_single_image image=&#8220;4442&#8243; img_size=&#8220;large&#8220; css_animation=&#8220;fadeInRight&#8220;][\/vc_column_inner][\/vc_row_inner][vc_empty_space height=&#8220;50px&#8220;][vc_row_inner el_id=&#8220;system300&#8243;][vc_column_inner width=&#8220;1\/2&#8243;][vc_single_image image=&#8220;5334&#8243; img_size=&#8220;large&#8220; css_animation=&#8220;fadeInLeft&#8220;][\/vc_column_inner][vc_column_inner width=&#8220;1\/2&#8243;][vc_column_text]AERION[\/vc_column_text][vc_column_text] Ein hochmoderner [&hellip;]<\/p>\n","protected":false},"author":8,"featured_media":0,"parent":0,"menu_order":0,"comment_status":"closed","ping_status":"closed","template":"","meta":{"footnotes":""},"class_list":["post-5185","page","type-page","status-publish","hentry"],"rttpg_featured_image_url":null,"rttpg_author":{"display_name":"\u00d6zcan YARDIMCI","author_link":"https:\/\/vogelsitze.com\/de\/author\/oyardimci\/"},"rttpg_comment":0,"rttpg_category":" <a href=\"https:\/\/vogelsitze.com\/de\/?taxonomy=translation_priority&#038;term=optional\" rel=\"tag\">Optional<\/a>","rttpg_excerpt":"[vc_row parallax=&#8220;true&#8220;][vc_column el_class=&#8220;top_up&#8220;][vc_empty_space height=&#8220;50px&#8220;][vc_column_text]NAHVERKEHR[\/vc_column_text][vc_empty_space height=&#8220;50px&#8220;][vc_row_inner el_id=&#8220;pino&#8220;][vc_column_inner width=&#8220;1\/2&#8243;][vc_column_text]PINO[\/vc_column_text][vc_column_text] Pino steht f\u00fcr h\u00f6chste Produktinnovation. Geringes Gewicht bei hoher Festigkeit dank intelligenter Konstruktion und Werkstoffauswahl. Die \u201eWelle mit Funktion\u201c bringt perfekten Sitzkomfort, optimalen Seitenhalt, Luftzirkulation im R\u00fcckenbereich. [\/vc_column_text][mvc_advanced_button btn_animation=&#8220;button&#8211;ujarak&#8220; btn_text=&#8220;Download PDF&#8220; btn_icon=&#8220;fas fa-file-download&#8220; btn_hvrbg=&#8220;#003366&#8243; btn_url=&#8220;url:https%3A%2F%2Fnifty-chatelet.100-42-184-64.plesk.page%2Fwp-content%2Fuploads%2Fpino-brosur-2020.pdf|target:_blank&#8220;][\/vc_column_inner][vc_column_inner width=&#8220;1\/2&#8243;][vc_single_image image=&#8220;4442&#8243; img_size=&#8220;large&#8220; css_animation=&#8220;fadeInRight&#8220;][\/vc_column_inner][\/vc_row_inner][vc_empty_space height=&#8220;50px&#8220;][vc_row_inner el_id=&#8220;system300&#8243;][vc_column_inner width=&#8220;1\/2&#8243;][vc_single_image image=&#8220;5334&#8243; img_size=&#8220;large&#8220; css_animation=&#8220;fadeInLeft&#8220;][\/vc_column_inner][vc_column_inner width=&#8220;1\/2&#8243;][vc_column_text]AERION[\/vc_column_text][vc_column_text] Ein hochmoderner&hellip;","_links":{"self":[{"href":"https:\/\/vogelsitze.com\/de\/wp-json\/wp\/v2\/pages\/5185","targetHints":{"allow":["GET"]}}],"collection":[{"href":"https:\/\/vogelsitze.com\/de\/wp-json\/wp\/v2\/pages"}],"about":[{"href":"https:\/\/vogelsitze.com\/de\/wp-json\/wp\/v2\/types\/page"}],"author":[{"embeddable":true,"href":"https:\/\/vogelsitze.com\/de\/wp-json\/wp\/v2\/users\/8"}],"replies":[{"embeddable":true,"href":"https:\/\/vogelsitze.com\/de\/wp-json\/wp\/v2\/comments?post=5185"}],"version-history":[{"count":31,"href":"https:\/\/vogelsitze.com\/de\/wp-json\/wp\/v2\/pages\/5185\/revisions"}],"predecessor-version":[{"id":7467,"href":"https:\/\/vogelsitze.com\/de\/wp-json\/wp\/v2\/pages\/5185\/revisions\/7467"}],"wp:attachment":[{"href":"https:\/\/vogelsitze.com\/de\/wp-json\/wp\/v2\/media?parent=5185"}],"curies":[{"name":"wp","href":"https:\/\/api.w.org\/{rel}","templated":true}]}}