{"id":5190,"date":"2022-07-27T11:25:29","date_gmt":"2022-07-27T09:25:29","guid":{"rendered":"https:\/\/nifty-chatelet.100-42-184-64.plesk.page\/regionalverkehr\/"},"modified":"2022-08-18T23:29:26","modified_gmt":"2022-08-18T21:29:26","slug":"regionalverkehr","status":"publish","type":"page","link":"https:\/\/vogelsitze.com\/de\/regionalverkehr\/","title":{"rendered":"Regionalverkehr"},"content":{"rendered":"<p>[vc_row][vc_column el_class=&#8220;top_up&#8220;][vc_empty_space height=&#8220;50px&#8220;][vc_column_text]<strong style=\"font-size: 45px;\">REGIONALVERKEHR<\/strong>[\/vc_column_text][vc_empty_space height=&#8220;50px&#8220;][vc_row_inner el_id=&#8220;arondocity&#8220;][vc_column_inner width=&#8220;1\/2&#8243;][vc_column_text]<strong style=\"font-size: 30px;\">ARONDO CITY<\/strong>[\/vc_column_text][vc_column_text]<\/p>\n<div style=\"border-right: 1px solid #000000;\">\n<div style=\"margin-right: 15px;\">\n<p style=\"text-align: justify;\">Der moderne City-Sitz mit bestem Komfort.<\/p>\n<p style=\"text-align: justify;\">Ausgestattet mit verschiedenen Anbauteilen erf\u00fcllt der\u00a0<strong>Arondo City<\/strong>\u00a0alle Anforderungen an einen Sitz seiner Klasse. Der modulare Sitzaufbau erm\u00f6glicht einen einfachen und schnellen Austausch der Komponenten.<\/p>\n<\/div>\n<\/div>\n<p>[\/vc_column_text][mvc_advanced_button btn_animation=&#8220;button&#8211;ujarak&#8220; btn_text=&#8220;Download PDF&#8220; btn_icon=&#8220;fas fa-file-download&#8220; btn_hvrbg=&#8220;#003366&#8243; btn_url=&#8220;url:https%3A%2F%2Fnifty-chatelet.100-42-184-64.plesk.page%2Fwp-content%2Fuploads%2FArondo.pdf|target:_blank&#8220;][\/vc_column_inner][vc_column_inner width=&#8220;1\/2&#8243;][vc_single_image image=&#8220;3508&#8243; img_size=&#8220;full&#8220;][\/vc_column_inner][\/vc_row_inner][vc_empty_space height=&#8220;50px&#8220;][vc_row_inner el_id=&#8220;arondocombi&#8220;][vc_column_inner width=&#8220;1\/2&#8243;][vc_single_image image=&#8220;3524&#8243; img_size=&#8220;full&#8220;][\/vc_column_inner][vc_column_inner width=&#8220;1\/2&#8243;][vc_column_text]<strong style=\"font-size: 30px; margin-left: 15px;\">ARONDO COMBI<\/strong>[\/vc_column_text][vc_column_text]<\/p>\n<div style=\"border-left: 1px solid #000000;\">\n<div style=\"margin-left: 15px;\">\n<p style=\"text-align: justify;\"><strong><em>Combi<\/em><\/strong>\u201c bedeutet hier \u201esowohl als auch\u201c \u2013 und so pr\u00e4sentiert sich der neue Vogel\u00a0<strong><em>\u201eCombi<\/em><\/strong>\u201c sowohl als \u00dcberland- als auch als Stadtbussitz.<\/p>\n<p style=\"text-align: justify;\">Der\u00a0<strong><em>\u201eCombi<\/em><\/strong>\u201c-\u00dcL-Sitz ist nach aktuellen EU-Richtlinien gepr\u00fcft und wird mit 2- oder 3-Punkt-Gurten angeboten. Flexible Gurtschl\u00f6sser erm\u00f6glichen einen problemlosen Fahrgastwechsel sowie einfaches Anschnallen.<\/p>\n<\/div>\n<\/div>\n<p>[\/vc_column_text][mvc_advanced_button btn_animation=&#8220;button&#8211;ujarak&#8220; btn_text=&#8220;Download PDF&#8220; btn_icon=&#8220;fas fa-file-download&#8220; btn_hvrbg=&#8220;#003366&#8243; btn_url=&#8220;url:https%3A%2F%2Fnifty-chatelet.100-42-184-64.plesk.page%2Fwp-content%2Fuploads%2FArondo.pdf|target:_blank&#8220;][\/vc_column_inner][\/vc_row_inner][vc_empty_space height=&#8220;50px&#8220;][vc_row_inner el_id=&#8220;arondo&#8220;][vc_column_inner width=&#8220;1\/2&#8243;][vc_column_text]<strong style=\"font-size: 30px;\">ARONDO<\/strong>[\/vc_column_text][vc_column_text]<\/p>\n<div style=\"border-right: 1px solid #000000;\">\n<div style=\"margin-right: 15px;\">\n<p style=\"text-align: justify;\">Der moderne Sitz mit bestem Komfort.<\/p>\n<p style=\"text-align: justify;\">Ausgestattet mit verschiedenen Anbauteilen erf\u00fcllt das ARONDO Sitzsystem alle Anforderungen an einen Sitzseiner Klasse.<\/p>\n<p style=\"text-align: justify;\">Seine Leichtbauweise in Aluminium, der modulare Aufbau,die eingelassenen Polsterelemente mit Schnellwechsel- Bezugssystem trim-o-fix, die leicht zug\u00e4nglichen Bauteile ohne sichtbare Verschraubungen: alle Merkmale sprechen f\u00fcr eine praxisorientierte Konstruktion \u2013 f\u00fcr denpraxisgerechten Einsatz.<\/p>\n<p style=\"text-align: justify;\">Der sehr d\u00fcnne R\u00fccken l\u00e4sst eine maximale Beinfreiheit f\u00fcr den Passagier zu und bietet dennoch einen hohen Sitzkomfort.<\/p>\n<p style=\"text-align: justify;\">VOGELSITZE bietet f\u00fcr ARONDO Sitze das 3-Punkt Generations- Gurt System an, das dem Fahrgast erm\u00f6glicht der diagonalen Schulterh\u00f6he, je nach Alter und Gr\u00f6\u00dfe umbis zur einer Reichweite von +\/- von 100 mm ver\u00e4ndertwerden kann.<\/p>\n<\/div>\n<\/div>\n<p>[\/vc_column_text][mvc_advanced_button btn_animation=&#8220;button&#8211;ujarak&#8220; btn_text=&#8220;Download PDF&#8220; btn_icon=&#8220;fas fa-file-download&#8220; btn_hvrbg=&#8220;#003366&#8243; btn_url=&#8220;url:https%3A%2F%2Fnifty-chatelet.100-42-184-64.plesk.page%2Fwp-content%2Fuploads%2FArondo.pdf|target:_blank&#8220;][\/vc_column_inner][vc_column_inner width=&#8220;1\/2&#8243;][vc_single_image image=&#8220;3556&#8243; img_size=&#8220;large&#8220; css_animation=&#8220;fadeInRight&#8220;][\/vc_column_inner][\/vc_row_inner][vc_empty_space height=&#8220;50px&#8220;][vc_row_inner el_id=&#8220;primus&#8220;][vc_column_inner width=&#8220;1\/2&#8243;][vc_single_image image=&#8220;5337&#8243; img_size=&#8220;full&#8220; css_animation=&#8220;fadeInLeft&#8220;][\/vc_column_inner][vc_column_inner width=&#8220;1\/2&#8243;][vc_column_text]<strong style=\"font-size: 30px; margin-left: 15px;\">PRIMUS<\/strong>[\/vc_column_text][vc_column_text]<\/p>\n<div style=\"border-left: 1px solid #000000;\">\n<div style=\"margin-left: 15px;\">\n<p style=\"text-align: justify;\">Individuelle Kombinationsm\u00f6glichkeiten<\/p>\n<p style=\"text-align: justify;\">Primus kann mit 2- und 3-Punkt Sicherheits-Gurten ausgestattet werden. Optionale R\u00fcckenabdeckschalen sch\u00fctzen wirkGepr\u00fcft nach UN ECE R 118.02ungsvoll Sitzr\u00fccken und Kissen. Primus entspricht als \u00dcberlandsitz allen Anforderungen dieser Klasse.<\/p>\n<p style=\"text-align: justify;\">Die Sitzplatzbreite 420 mm erlaubt Bestuhlungen vom Kleinbus bis hin zum gro\u00dfen Intercitybus. Modularit\u00e4t, Vielseitigkeit und Robustheit machen Primus zum idealen \u00dcberlandsitz.<\/p>\n<p style=\"text-align: justify;\">Die Vielf\u00e4ltigkeit vom schmalen Primus macht ihn zum Allrounder f\u00fcr Midibusse. Primus kann auch als Beifahrersitz verwendet werden.<\/p>\n<\/div>\n<\/div>\n<p>[\/vc_column_text][mvc_advanced_button btn_animation=&#8220;button&#8211;ujarak&#8220; btn_text=&#8220;Download PDF&#8220; btn_icon=&#8220;fas fa-file-download&#8220; btn_hvrbg=&#8220;#003366&#8243; btn_url=&#8220;url:https%3A%2F%2Fnifty-chatelet.100-42-184-64.plesk.page%2Fwp-content%2Fuploads%2Fprimus-2020.pdf|target:_blank&#8220;][\/vc_column_inner][\/vc_row_inner][\/vc_column][\/vc_row]<\/p>\n","protected":false},"excerpt":{"rendered":"<p>[vc_row][vc_column el_class=&#8220;top_up&#8220;][vc_empty_space height=&#8220;50px&#8220;][vc_column_text]REGIONALVERKEHR[\/vc_column_text][vc_empty_space height=&#8220;50px&#8220;][vc_row_inner el_id=&#8220;arondocity&#8220;][vc_column_inner width=&#8220;1\/2&#8243;][vc_column_text]ARONDO CITY[\/vc_column_text][vc_column_text] Der moderne City-Sitz mit bestem Komfort. Ausgestattet mit verschiedenen Anbauteilen erf\u00fcllt der\u00a0Arondo City\u00a0alle Anforderungen an einen Sitz seiner Klasse. Der modulare Sitzaufbau erm\u00f6glicht einen einfachen und schnellen Austausch der Komponenten. [\/vc_column_text][mvc_advanced_button btn_animation=&#8220;button&#8211;ujarak&#8220; btn_text=&#8220;Download PDF&#8220; btn_icon=&#8220;fas fa-file-download&#8220; btn_hvrbg=&#8220;#003366&#8243; btn_url=&#8220;url:https%3A%2F%2Fnifty-chatelet.100-42-184-64.plesk.page%2Fwp-content%2Fuploads%2FArondo.pdf|target:_blank&#8220;][\/vc_column_inner][vc_column_inner width=&#8220;1\/2&#8243;][vc_single_image image=&#8220;3508&#8243; img_size=&#8220;full&#8220;][\/vc_column_inner][\/vc_row_inner][vc_empty_space height=&#8220;50px&#8220;][vc_row_inner el_id=&#8220;arondocombi&#8220;][vc_column_inner width=&#8220;1\/2&#8243;][vc_single_image image=&#8220;3524&#8243; img_size=&#8220;full&#8220;][\/vc_column_inner][vc_column_inner width=&#8220;1\/2&#8243;][vc_column_text]ARONDO COMBI[\/vc_column_text][vc_column_text] [&hellip;]<\/p>\n","protected":false},"author":8,"featured_media":0,"parent":0,"menu_order":0,"comment_status":"closed","ping_status":"closed","template":"","meta":{"footnotes":""},"class_list":["post-5190","page","type-page","status-publish","hentry"],"rttpg_featured_image_url":null,"rttpg_author":{"display_name":"\u00d6zcan YARDIMCI","author_link":"https:\/\/vogelsitze.com\/de\/author\/oyardimci\/"},"rttpg_comment":0,"rttpg_category":" <a href=\"https:\/\/vogelsitze.com\/de\/?taxonomy=translation_priority&#038;term=optional\" rel=\"tag\">Optional<\/a>","rttpg_excerpt":"[vc_row][vc_column el_class=&#8220;top_up&#8220;][vc_empty_space height=&#8220;50px&#8220;][vc_column_text]REGIONALVERKEHR[\/vc_column_text][vc_empty_space height=&#8220;50px&#8220;][vc_row_inner el_id=&#8220;arondocity&#8220;][vc_column_inner width=&#8220;1\/2&#8243;][vc_column_text]ARONDO CITY[\/vc_column_text][vc_column_text] Der moderne City-Sitz mit bestem Komfort. Ausgestattet mit verschiedenen Anbauteilen erf\u00fcllt der\u00a0Arondo City\u00a0alle Anforderungen an einen Sitz seiner Klasse. Der modulare Sitzaufbau erm\u00f6glicht einen einfachen und schnellen Austausch der Komponenten. [\/vc_column_text][mvc_advanced_button btn_animation=&#8220;button&#8211;ujarak&#8220; btn_text=&#8220;Download PDF&#8220; btn_icon=&#8220;fas fa-file-download&#8220; btn_hvrbg=&#8220;#003366&#8243; btn_url=&#8220;url:https%3A%2F%2Fnifty-chatelet.100-42-184-64.plesk.page%2Fwp-content%2Fuploads%2FArondo.pdf|target:_blank&#8220;][\/vc_column_inner][vc_column_inner width=&#8220;1\/2&#8243;][vc_single_image image=&#8220;3508&#8243; img_size=&#8220;full&#8220;][\/vc_column_inner][\/vc_row_inner][vc_empty_space height=&#8220;50px&#8220;][vc_row_inner el_id=&#8220;arondocombi&#8220;][vc_column_inner width=&#8220;1\/2&#8243;][vc_single_image image=&#8220;3524&#8243; img_size=&#8220;full&#8220;][\/vc_column_inner][vc_column_inner width=&#8220;1\/2&#8243;][vc_column_text]ARONDO COMBI[\/vc_column_text][vc_column_text]&hellip;","_links":{"self":[{"href":"https:\/\/vogelsitze.com\/de\/wp-json\/wp\/v2\/pages\/5190","targetHints":{"allow":["GET"]}}],"collection":[{"href":"https:\/\/vogelsitze.com\/de\/wp-json\/wp\/v2\/pages"}],"about":[{"href":"https:\/\/vogelsitze.com\/de\/wp-json\/wp\/v2\/types\/page"}],"author":[{"embeddable":true,"href":"https:\/\/vogelsitze.com\/de\/wp-json\/wp\/v2\/users\/8"}],"replies":[{"embeddable":true,"href":"https:\/\/vogelsitze.com\/de\/wp-json\/wp\/v2\/comments?post=5190"}],"version-history":[{"count":22,"href":"https:\/\/vogelsitze.com\/de\/wp-json\/wp\/v2\/pages\/5190\/revisions"}],"predecessor-version":[{"id":7152,"href":"https:\/\/vogelsitze.com\/de\/wp-json\/wp\/v2\/pages\/5190\/revisions\/7152"}],"wp:attachment":[{"href":"https:\/\/vogelsitze.com\/de\/wp-json\/wp\/v2\/media?parent=5190"}],"curies":[{"name":"wp","href":"https:\/\/api.w.org\/{rel}","templated":true}]}}