{"id":5196,"date":"2022-07-27T11:28:20","date_gmt":"2022-07-27T09:28:20","guid":{"rendered":"https:\/\/nifty-chatelet.100-42-184-64.plesk.page\/nahverker\/"},"modified":"2025-03-26T20:57:36","modified_gmt":"2025-03-26T19:57:36","slug":"nahverkehr-2","status":"publish","type":"page","link":"https:\/\/vogelsitze.com\/de\/nahverkehr-2\/","title":{"rendered":"Nahverkehr"},"content":{"rendered":"<p>[vc_row css=&#8220;.vc_custom_1520677707881{margin-top: -30px !important;}&#8220;][vc_column el_class=&#8220;top_up_testing&#8220;][vc_empty_space height=&#8220;50px&#8220;][vc_column_text]<strong style=\"font-size: 45px;\">NAHVERKEHR<\/strong>[\/vc_column_text][vc_empty_space height=&#8220;50px&#8220;][vc_row_inner][vc_column_inner width=&#8220;1\/2&#8243;][vc_single_image image=&#8220;5954&#8243; img_size=&#8220;large&#8220;][\/vc_column_inner][vc_column_inner width=&#8220;1\/2&#8243;][vc_separator color=&#8220;black&#8220;][vc_column_text]<strong style=\"font-size: 30px;\">FLEX-SITZE<\/strong>[\/vc_column_text][mvc_advanced_button btn_animation=&#8220;button&#8211;ujarak&#8220; btn_text=&#8220;Download PDF&#8220; btn_icon=&#8220;fas fa-file-download&#8220;][\/vc_column_inner][\/vc_row_inner][vc_empty_space][vc_row_inner][vc_column_inner width=&#8220;1\/2&#8243;][vc_separator color=&#8220;black&#8220;][vc_column_text]<strong style=\"font-size: 30px;\">PINO<\/strong>[\/vc_column_text][vc_column_text]<\/p>\n<div style=\"border-right: 1px solid #000000;\">\n<div style=\"margin-right: 15px; text-align: justify;\">Pino steht f\u00fcr h\u00f6chste Produktinnovation<\/div>\n<div style=\"margin-right: 15px; text-align: justify;\">Geringes Gewicht bei hoher Festigkeit dank intelligenter Konstruktion und Werkstoffauswahl.<\/div>\n<div style=\"margin-right: 15px; text-align: justify;\">Die \u201eWelle mit Funktion\u201c bringt perfekten Sitzkomfort, optimalen Seitenhalt, Luftzirkulation im R\u00fcckenbereich.<\/div>\n<\/div>\n<p>[\/vc_column_text][mvc_advanced_button btn_animation=&#8220;button&#8211;ujarak&#8220; btn_text=&#8220;Download PDF&#8220; btn_icon=&#8220;fas fa-file-download&#8220; btn_url=&#8220;url:https%3A%2F%2Fnifty-chatelet.100-42-184-64.plesk.page%2Fwp-content%2Fuploads%2Fpino-brosur-2020.pdf|target:_blank&#8220;][\/vc_column_inner][vc_column_inner width=&#8220;1\/2&#8243; css=&#8220;.vc_custom_1659961205263{margin-top: -40px !important;}&#8220;][vc_single_image image=&#8220;4442&#8243; img_size=&#8220;full&#8220;][\/vc_column_inner][\/vc_row_inner][vc_empty_space][vc_row_inner][vc_column_inner width=&#8220;1\/2&#8243; css=&#8220;.vc_custom_1659961210244{margin-top: -40px !important;}&#8220;][vc_single_image image=&#8220;2971&#8243; img_size=&#8220;full&#8220;][\/vc_column_inner][vc_column_inner width=&#8220;1\/2&#8243;][vc_separator color=&#8220;black&#8220;][vc_column_text]<strong style=\"font-size: 30px; margin-left: 15px;\">AERION<\/strong>[\/vc_column_text][vc_column_text]<\/p>\n<div style=\"border-left: 1px solid #000000;\">\n<div style=\"margin-left: 15px;\">\n<p style=\"text-align: justify;\">Ein hochmoderner Sitz im \u00f6ffentlichen Nahverkehr mit perfektem Sitzkomfort.<\/p>\n<p style=\"text-align: justify;\"><em><strong>Aerion<\/strong><\/em>\u00a0mit seinem Zubeh\u00f6rprogramm erf\u00fcllt alle Anforderungen an einen Sitz seiner Klasse. Von h\u00f6chster Qualit\u00e4t und ein hochwertiges Design verleihen dem Sitz sein unverwechselbares Aussehen.<\/p>\n<p style=\"text-align: justify;\">Mit seiner leichten, modularen Aluminiumbauweise, den Polstereinbauteilen mit dem Trim\u2010o\u2010fix-Schnellwechsel-Abdecksystem, sprechen die leicht zug\u00e4nglichen Teile ohne alles f\u00fcr seine praktische Konstruktion \u2010 im praktischen Einsatz.<\/p>\n<\/div>\n<\/div>\n<p>[\/vc_column_text][mvc_advanced_button btn_animation=&#8220;button&#8211;ujarak&#8220; btn_text=&#8220;Download PDF&#8220; btn_icon=&#8220;fas fa-file-download&#8220; btn_url=&#8220;url:https%3A%2F%2Fnifty-chatelet.100-42-184-64.plesk.page%2Fwp-content%2Fuploads%2Fsystem-300.pdf|target:_blank&#8220;][\/vc_column_inner][\/vc_row_inner][vc_empty_space][vc_row_inner][vc_column_inner width=&#8220;1\/2&#8243; css=&#8220;.vc_custom_1659961210244{margin-top: -40px !important;}&#8220;][vc_separator color=&#8220;black&#8220;][vc_column_text]<strong style=\"font-size: 30px;\">ARONDO CITY<\/strong>[\/vc_column_text][vc_column_text]<\/p>\n<div style=\"border-right: 1px solid #000000;\">\n<div style=\"margin-right: 15px; text-align: justify;\">Der moderne City-Sitz mit bestem Komfort.Ausgestattet mit verschiedenen Anbauteilen erf\u00fcllt der <strong>Arondo City<\/strong> alle Anforderungen an einen Sitz seiner Klasse. Der modulare Sitzaufbau erm\u00f6glicht einen einfachen und schnellen Austausch der Komponenten.<\/div>\n<\/div>\n<p>[\/vc_column_text][mvc_advanced_button btn_animation=&#8220;button&#8211;ujarak&#8220; btn_text=&#8220;Download PDF&#8220; btn_icon=&#8220;fas fa-file-download&#8220; btn_url=&#8220;url:https%3A%2F%2Fnifty-chatelet.100-42-184-64.plesk.page%2Fwp-content%2Fuploads%2FArondo.pdf|target:_blank&#8220;][\/vc_column_inner][vc_column_inner width=&#8220;1\/2&#8243;][vc_single_image image=&#8220;3508&#8243; img_size=&#8220;full&#8220;][\/vc_column_inner][\/vc_row_inner][vc_empty_space][vc_row_inner][vc_column_inner width=&#8220;1\/2&#8243;][vc_single_image image=&#8220;3524&#8243; img_size=&#8220;full&#8220;][\/vc_column_inner][vc_column_inner width=&#8220;1\/2&#8243; css=&#8220;.vc_custom_1659961216406{margin-top: -40px !important;}&#8220;][vc_separator color=&#8220;black&#8220;][vc_column_text]<strong style=\"font-size: 30px; margin-left: 15px;\">ARONDO RAIL<br \/>\n<\/strong>[\/vc_column_text][vc_column_text]<\/p>\n<div style=\"border-left: 1px solid #000000;\">\n<div style=\"margin-left: 15px;\">\n<p style=\"text-align: justify;\">Besonders Servicefreundlich<\/p>\n<p style=\"text-align: justify;\">Arondo Rail Sitzfamilie ist ein modulares Sitzkonzept, das fu\u0308r den f\u00fcr den Einsatz in Z\u00fcgen entwickelt wurde.<\/p>\n<p style=\"text-align: justify;\">Arondo Rail hat verschiedene Einsatzbereiche von der 1. Klasse und 2. Klasse Regionalverkehr.<\/p>\n<p style=\"text-align: justify;\">Ein weiterer Vorteil ist seine schlanke Bauweise, die vorhandenen Raum optimal ausnutzt und damit ohne Komfortverlust fu\u0308r den Fahrgast erm\u00f6glicht.<\/p>\n<\/div>\n<\/div>\n<p>[\/vc_column_text][mvc_advanced_button btn_animation=&#8220;button&#8211;ujarak&#8220; btn_text=&#8220;Download PDF&#8220; btn_icon=&#8220;fas fa-file-download&#8220; btn_url=&#8220;url:https%3A%2F%2Fnifty-chatelet.100-42-184-64.plesk.page%2Fwp-content%2Fuploads%2FArondo.pdf|target:_blank&#8220;][\/vc_column_inner][\/vc_row_inner][vc_empty_space][vc_row_inner][vc_column_inner width=&#8220;1\/2&#8243;][vc_separator color=&#8220;black&#8220;][vc_column_text]<strong style=\"font-size: 30px;\">CITY WING<\/strong>[\/vc_column_text][vc_column_text]<\/p>\n<div style=\"border-right: 1px #000000 solid;\">\n<div style=\"margin-right: 15px;\">\n<p style=\"text-align: justify;\"><strong>Der komfortable Sitz f\u00fcr den Schienen-Nahverkehr.<\/strong><\/p>\n<p style=\"text-align: justify;\">Nat\u00fcrliche, hochwertige Materialien und ein ausgezeichnetes Design gibt dem Sitz sein unverwechselbares Erscheinungsbild.<\/p>\n<p style=\"text-align: justify;\">Ausf\u00fchrungen: dos-a-dos, Doppel-und Einzelsitz mit oder ohne Polsterauflagen f\u00fcr Sitz und R\u00fccke<\/p>\n<\/div>\n<\/div>\n<p>[\/vc_column_text][mvc_advanced_button btn_animation=&#8220;button&#8211;ujarak&#8220; btn_text=&#8220;Download PDF&#8220; btn_icon=&#8220;fas fa-file-download&#8220; btn_url=&#8220;url:https%3A%2F%2Fnifty-chatelet.100-42-184-64.plesk.page%2Fwp-content%2Fuploads%2Fcity-wing-one_pice.pdf|target:_blank&#8220;][\/vc_column_inner][vc_column_inner width=&#8220;1\/2&#8243;][vc_single_image image=&#8220;6484&#8243; img_size=&#8220;full&#8220;][\/vc_column_inner][\/vc_row_inner][\/vc_column][\/vc_row]<\/p>\n","protected":false},"excerpt":{"rendered":"<p>[vc_row css=&#8220;.vc_custom_1520677707881{margin-top: -30px !important;}&#8220;][vc_column el_class=&#8220;top_up_testing&#8220;][vc_empty_space height=&#8220;50px&#8220;][vc_column_text]NAHVERKEHR[\/vc_column_text][vc_empty_space height=&#8220;50px&#8220;][vc_row_inner][vc_column_inner width=&#8220;1\/2&#8243;][vc_single_image image=&#8220;5954&#8243; img_size=&#8220;large&#8220;][\/vc_column_inner][vc_column_inner width=&#8220;1\/2&#8243;][vc_separator color=&#8220;black&#8220;][vc_column_text]FLEX-SITZE[\/vc_column_text][mvc_advanced_button btn_animation=&#8220;button&#8211;ujarak&#8220; btn_text=&#8220;Download PDF&#8220; btn_icon=&#8220;fas fa-file-download&#8220;][\/vc_column_inner][\/vc_row_inner][vc_empty_space][vc_row_inner][vc_column_inner width=&#8220;1\/2&#8243;][vc_separator color=&#8220;black&#8220;][vc_column_text]PINO[\/vc_column_text][vc_column_text] Pino steht f\u00fcr h\u00f6chste Produktinnovation Geringes Gewicht bei hoher Festigkeit dank intelligenter Konstruktion und Werkstoffauswahl. Die \u201eWelle mit Funktion\u201c bringt perfekten Sitzkomfort, optimalen Seitenhalt, Luftzirkulation im R\u00fcckenbereich. [\/vc_column_text][mvc_advanced_button btn_animation=&#8220;button&#8211;ujarak&#8220; btn_text=&#8220;Download PDF&#8220; btn_icon=&#8220;fas fa-file-download&#8220; btn_url=&#8220;url:https%3A%2F%2Fnifty-chatelet.100-42-184-64.plesk.page%2Fwp-content%2Fuploads%2Fpino-brosur-2020.pdf|target:_blank&#8220;][\/vc_column_inner][vc_column_inner width=&#8220;1\/2&#8243; css=&#8220;.vc_custom_1659961205263{margin-top: [&hellip;]<\/p>\n","protected":false},"author":8,"featured_media":0,"parent":0,"menu_order":0,"comment_status":"closed","ping_status":"closed","template":"","meta":{"footnotes":""},"class_list":["post-5196","page","type-page","status-publish","hentry"],"rttpg_featured_image_url":null,"rttpg_author":{"display_name":"\u00d6zcan YARDIMCI","author_link":"https:\/\/vogelsitze.com\/de\/author\/oyardimci\/"},"rttpg_comment":0,"rttpg_category":" <a href=\"https:\/\/vogelsitze.com\/de\/?taxonomy=translation_priority&#038;term=optional\" rel=\"tag\">Optional<\/a>","rttpg_excerpt":"[vc_row css=&#8220;.vc_custom_1520677707881{margin-top: -30px !important;}&#8220;][vc_column el_class=&#8220;top_up_testing&#8220;][vc_empty_space height=&#8220;50px&#8220;][vc_column_text]NAHVERKEHR[\/vc_column_text][vc_empty_space height=&#8220;50px&#8220;][vc_row_inner][vc_column_inner width=&#8220;1\/2&#8243;][vc_single_image image=&#8220;5954&#8243; img_size=&#8220;large&#8220;][\/vc_column_inner][vc_column_inner width=&#8220;1\/2&#8243;][vc_separator color=&#8220;black&#8220;][vc_column_text]FLEX-SITZE[\/vc_column_text][mvc_advanced_button btn_animation=&#8220;button&#8211;ujarak&#8220; btn_text=&#8220;Download PDF&#8220; btn_icon=&#8220;fas fa-file-download&#8220;][\/vc_column_inner][\/vc_row_inner][vc_empty_space][vc_row_inner][vc_column_inner width=&#8220;1\/2&#8243;][vc_separator color=&#8220;black&#8220;][vc_column_text]PINO[\/vc_column_text][vc_column_text] Pino steht f\u00fcr h\u00f6chste Produktinnovation Geringes Gewicht bei hoher Festigkeit dank intelligenter Konstruktion und Werkstoffauswahl. Die \u201eWelle mit Funktion\u201c bringt perfekten Sitzkomfort, optimalen Seitenhalt, Luftzirkulation im R\u00fcckenbereich. [\/vc_column_text][mvc_advanced_button btn_animation=&#8220;button&#8211;ujarak&#8220; btn_text=&#8220;Download PDF&#8220; btn_icon=&#8220;fas fa-file-download&#8220; btn_url=&#8220;url:https%3A%2F%2Fnifty-chatelet.100-42-184-64.plesk.page%2Fwp-content%2Fuploads%2Fpino-brosur-2020.pdf|target:_blank&#8220;][\/vc_column_inner][vc_column_inner width=&#8220;1\/2&#8243; css=&#8220;.vc_custom_1659961205263{margin-top:&hellip;","_links":{"self":[{"href":"https:\/\/vogelsitze.com\/de\/wp-json\/wp\/v2\/pages\/5196","targetHints":{"allow":["GET"]}}],"collection":[{"href":"https:\/\/vogelsitze.com\/de\/wp-json\/wp\/v2\/pages"}],"about":[{"href":"https:\/\/vogelsitze.com\/de\/wp-json\/wp\/v2\/types\/page"}],"author":[{"embeddable":true,"href":"https:\/\/vogelsitze.com\/de\/wp-json\/wp\/v2\/users\/8"}],"replies":[{"embeddable":true,"href":"https:\/\/vogelsitze.com\/de\/wp-json\/wp\/v2\/comments?post=5196"}],"version-history":[{"count":33,"href":"https:\/\/vogelsitze.com\/de\/wp-json\/wp\/v2\/pages\/5196\/revisions"}],"predecessor-version":[{"id":7464,"href":"https:\/\/vogelsitze.com\/de\/wp-json\/wp\/v2\/pages\/5196\/revisions\/7464"}],"wp:attachment":[{"href":"https:\/\/vogelsitze.com\/de\/wp-json\/wp\/v2\/media?parent=5196"}],"curies":[{"name":"wp","href":"https:\/\/api.w.org\/{rel}","templated":true}]}}