{"id":5201,"date":"2022-07-27T11:32:14","date_gmt":"2022-07-27T09:32:14","guid":{"rendered":"https:\/\/nifty-chatelet.100-42-184-64.plesk.page\/reiseverkehr\/"},"modified":"2022-10-21T08:40:55","modified_gmt":"2022-10-21T06:40:55","slug":"reiseverkehr","status":"publish","type":"page","link":"https:\/\/vogelsitze.com\/de\/reiseverkehr\/","title":{"rendered":"Reiseverkehr"},"content":{"rendered":"<p>[vc_row css=&#8220;.vc_custom_1520677707881{margin-top: -30px !important;}&#8220;][vc_column el_class=&#8220;top_up_testing&#8220; css=&#8220;.vc_custom_1659604007422{margin-top: 0px !important;}&#8220;][vc_empty_space height=&#8220;50px&#8220;][vc_column_text]<strong style=\"font-size: 45px;\">REISEVERKEHR<\/strong>[\/vc_column_text][vc_row_inner][vc_column_inner][vc_column_text]<\/p>\n<p style=\"text-align: justify;\"><strong>Immer die richtige L\u00f6sung f\u00fcr jeden Bedarf<\/strong><\/p>\n<p style=\"text-align: justify;\">Die Reisebus Sitzsystemen von Vogelsitze bringen bestechende Eleganz, h\u00f6chster Komfort und perfekte Sicherheit in innovativem Design und modernster Technik.<\/p>\n<p style=\"text-align: justify;\">Mit vielf\u00e4ltigen Sitzsystemen und variablen Ausstattungsprogrammen bieten wir kundenindividuelle Produkte, funktionales und formsch\u00f6nes Zubeh\u00f6r &#8211; die perfekten L\u00f6sungen f\u00fcr jeden Bedarf.<\/p>\n<p>[\/vc_column_text][vc_empty_space height=&#8220;10px&#8220;][vc_separator color=&#8220;black&#8220;][\/vc_column_inner][\/vc_row_inner][vc_row_inner el_id=&#8220;magnio&#8220;][vc_column_inner][vc_column_text]<\/p>\n<p style=\"text-align: left;\"><strong style=\"font-size: 30px;\">MAGNIO<\/strong><\/p>\n<p>[\/vc_column_text][vc_column_text]<\/p>\n<p style=\"text-align: justify;\">Moderne Reisebus-Generationen brauchen modernes Interieur.<\/p>\n<p style=\"text-align: justify;\"><strong>MAGNIO Sitze<\/strong> erf\u00fcllen alle Aspekte, die Design und Funktion heute verlangen. Eine Top-Innovation der <strong>MAGNIO<\/strong> Sitze ist die individuell und stufenlos verstellbare Lordose-Unterst\u00fctzung.<\/p>\n<p style=\"text-align: justify;\">MAGNIO ist in vier Varianten erh\u00e4ltlich.<\/p>\n<p>[\/vc_column_text][vc_empty_space][\/vc_column_inner][\/vc_row_inner][vc_row_inner el_id=&#8220;magniobasic&#8220;][vc_column_inner width=&#8220;1\/2&#8243;][vc_separator color=&#8220;black&#8220;][vc_column_text]<\/p>\n<p style=\"text-align: left;\"><strong style=\"font-size: 30px;\">MAGNIO BASIC<\/strong><\/p>\n<p>[\/vc_column_text][vc_column_text]<\/p>\n<div style=\"border-right: 1px solid #000000;\">\n<div style=\"margin-right: 15px;\">\n<p style=\"text-align: justify;\">Bestechende Eleganz, h\u00f6chster Komfort und perfekte Sicherheit in innovativem Design und modernster Technik. Die Ergonomie des Sitzes, seine dynamische Linienf\u00fchrung und Standardpolsterung &#8211; Standard Plus &#8211; Standard-Prestige Polsterung bieten h\u00f6chsten Komfort auf allen Strecken.<\/p>\n<\/div>\n<\/div>\n<p>[\/vc_column_text][mvc_advanced_button btn_animation=&#8220;button&#8211;ujarak&#8220; btn_text=&#8220;Download PDF&#8220; btn_icon=&#8220;fas fa-file-download&#8220; btn_url=&#8220;url:https%3A%2F%2Fvogelsitze.com%2Fwp-content%2Fuploads%2FmagnioPdf-1.pdf|target:_blank&#8220; btn_hvrbg=&#8220;#003366&#8243; caption_url=&#8220;&#8220; caption_urls=&#8220;&#8220; caption_urlss=&#8220;&#8220;][\/vc_column_inner][vc_column_inner width=&#8220;1\/2&#8243;][vc_single_image image=&#8220;6740&#8243; img_size=&#8220;full&#8220; css_animation=&#8220;none&#8220; css=&#8220;.vc_custom_1660296763759{margin-top: -30px !important;}&#8220;][\/vc_column_inner][\/vc_row_inner][vc_empty_space height=&#8220;50px&#8220;][vc_row_inner el_id=&#8220;magnioluxury&#8220;][vc_column_inner width=&#8220;1\/2&#8243;][vc_single_image image=&#8220;6742&#8243; img_size=&#8220;full&#8220; css_animation=&#8220;none&#8220; css=&#8220;.vc_custom_1660296783373{margin-top: -30px !important;}&#8220;][\/vc_column_inner][vc_column_inner width=&#8220;1\/2&#8243;][vc_separator color=&#8220;black&#8220;][vc_column_text]<strong style=\"font-size: 30px; margin-left: 15px;\">MAGNIO LUXURY<\/strong>[\/vc_column_text][vc_column_text]<\/p>\n<div style=\"border-left: 1px solid #000000;\">\n<div style=\"margin-left: 15px;\">\n<p style=\"text-align: justify;\">Mit MAGNIO den Reisesitz neu entdecken: Intelligente Detaill\u00f6sungen zum Nutzen des Fahrgastes.<\/p>\n<p style=\"text-align: justify;\">Polsterung DeLuxe oder Ambassador, mit beweglicher und h\u00f6henverstellbarer Kopfst\u00fctze. Optional sind USB-Steckdose, Monitor, eine induktive Telefon Charging (Wireless Charging) sowie ein integrierter h\u00f6henverstellbarer Drei-Punkt-Gurt.<\/p>\n<\/div>\n<\/div>\n<p>[\/vc_column_text][mvc_advanced_button btn_animation=&#8220;button&#8211;ujarak&#8220; btn_text=&#8220;Download PDF&#8220; btn_icon=&#8220;fas fa-file-download&#8220; btn_url=&#8220;url:https%3A%2F%2Fvogelsitze.com%2Fwp-content%2Fuploads%2FmagnioPdf-1.pdf|target:_blank&#8220; btn_hvrbg=&#8220;#003366&#8243; caption_url=&#8220;&#8220; caption_urls=&#8220;&#8220; caption_urlss=&#8220;&#8220;][\/vc_column_inner][\/vc_row_inner][vc_empty_space height=&#8220;50px&#8220;][vc_row_inner el_id=&#8220;magniohighluxury&#8220;][vc_column_inner width=&#8220;1\/2&#8243;][vc_separator color=&#8220;black&#8220;][vc_column_text]<\/p>\n<p style=\"text-align: left;\"><strong style=\"font-size: 30px;\">MAGNIO HIGH LUXURY<\/strong><\/p>\n<p>[\/vc_column_text][vc_column_text]<\/p>\n<div style=\"border-right: 1px solid #000000;\">\n<div style=\"margin-right: 10px;\">\n<p style=\"text-align: justify;\">Mit MAGNIO den Reisesitz neu entdecken: Intelligente<br \/>\nDetaill\u00f6sungen zum Nutzen des Fahrgastes.<\/p>\n<p style=\"text-align: justify;\">Polsterung DeLuxe oder Ambassador, mit beweglicher und h\u00f6henverstellbarer Kopfst\u00fctze. Optional sind USB-Steckdose, Monitor, eine induktive Telefon (WiFi-Charging) sowie ein integrierter h\u00f6henverstellbarer Drei-Punkt-Gurt.<\/p>\n<\/div>\n<\/div>\n<p>[\/vc_column_text][mvc_advanced_button btn_animation=&#8220;button&#8211;ujarak&#8220; btn_text=&#8220;Download PDF&#8220; btn_icon=&#8220;fas fa-file-download&#8220; btn_url=&#8220;url:https%3A%2F%2Fvogelsitze.com%2Fwp-content%2Fuploads%2FmagnioPdf-1.pdf|target:_blank&#8220; btn_hvrbg=&#8220;#003366&#8243; caption_url=&#8220;&#8220; caption_urls=&#8220;&#8220; caption_urlss=&#8220;&#8220;][\/vc_column_inner][vc_column_inner width=&#8220;1\/2&#8243;][vc_single_image image=&#8220;6744&#8243; img_size=&#8220;full&#8220; css_animation=&#8220;none&#8220; css=&#8220;.vc_custom_1660296799628{margin-top: -30px !important;}&#8220;][\/vc_column_inner][\/vc_row_inner][vc_empty_space height=&#8220;50px&#8220;][vc_row_inner el_id=&#8220;magnio\/vip&#8220;][vc_column_inner width=&#8220;1\/2&#8243;][vc_single_image image=&#8220;6946&#8243; img_size=&#8220;full&#8220; css_animation=&#8220;none&#8220; css=&#8220;.vc_custom_1660722267235{margin-top: -30px !important;}&#8220;][\/vc_column_inner][vc_column_inner width=&#8220;1\/2&#8243;][vc_separator color=&#8220;black&#8220;][vc_column_text]<\/p>\n<p style=\"text-align: left; margin-left: 15px;\"><strong style=\"font-size: 30px;\">MAGNIO \/ VIP<\/strong><\/p>\n<p>[\/vc_column_text][vc_column_text]<\/p>\n<div style=\"border-left: 1px solid #000000;\">\n<div style=\"margin-left: 15px;\">\n<p style=\"text-align: justify;\">F\u00fcr h\u00f6chste Anspr\u00fcche \u2013 die 2+1 Bestuhlung<br \/>\nDie Top-Ausstattung f\u00fcr besondere Fahrzeuge: Magnio VIP f\u00fcr die 2+1<\/p>\n<p style=\"text-align: justify;\">Bestuhlung mit einer Sitzplatzbreite von 500 mm. Polsterung DeLuxe oder Ambassador, mit beweglicher und h\u00f6henverstellbarer Kopfst\u00fctze.<\/p>\n<p style=\"text-align: justify;\">Optional sind USB-Steckdose, Monitor, eine induktive Telefon (WiFi-Charging) sowie ein integrierter h\u00f6henverstellbarer Drei-Punkt-Gurt.<\/p>\n<\/div>\n<\/div>\n<p>[\/vc_column_text][mvc_advanced_button btn_animation=&#8220;button&#8211;ujarak&#8220; btn_text=&#8220;Download PDF&#8220; btn_icon=&#8220;fas fa-file-download&#8220; btn_url=&#8220;url:https%3A%2F%2Fvogelsitze.com%2Fwp-content%2Fuploads%2FmagnioPdf-1.pdf|target:_blank&#8220; btn_hvrbg=&#8220;#003366&#8243; caption_url=&#8220;&#8220; caption_urls=&#8220;&#8220; caption_urlss=&#8220;&#8220;][\/vc_column_inner][\/vc_row_inner][vc_empty_space height=&#8220;50px&#8220;][vc_row_inner el_id=&#8220;ls20&#8243;][vc_column_inner width=&#8220;1\/2&#8243;][vc_separator color=&#8220;black&#8220;][vc_column_text]<strong style=\"font-size: 30px;\">LS 20<\/strong>[\/vc_column_text][vc_column_text]<\/p>\n<div style=\"border-right: 1px solid #000000;\">\n<div style=\"margin-right: 15px;\">\n<p style=\"text-align: justify;\"><strong><span dir=\"ltr\" role=\"presentation\">Qualit\u00e4t als Ergebnis von Erfahrung und Know-how<\/span><\/strong><\/p>\n<p style=\"text-align: justify;\"><br role=\"presentation\" \/><span dir=\"ltr\" role=\"presentation\">Der Klassiker f\u00fcr komfortable Reisen. In der LS 20-Bau-<\/span><span dir=\"ltr\" role=\"presentation\">reihe sind Erfahrung und modernste Technik intelligent <\/span><span dir=\"ltr\" role=\"presentation\">miteinander kombiniert, um die hohen Anforderungen <\/span><span dir=\"ltr\" role=\"presentation\">an Komfort und Qualit\u00e4t zu erf\u00fcllen. <\/span><\/p>\n<p style=\"text-align: justify;\"><span dir=\"ltr\" role=\"presentation\">Eine Vielfalt an <\/span><span dir=\"ltr\" role=\"presentation\">Stoffen und Leder erleichtert die optimale Abstimmung <\/span><span dir=\"ltr\" role=\"presentation\">im Fahrgastraum.<\/span><\/p>\n<\/div>\n<\/div>\n<p>[\/vc_column_text][mvc_advanced_button btn_animation=&#8220;button&#8211;ujarak&#8220; btn_text=&#8220;Download PDF&#8220; btn_icon=&#8220;fas fa-file-download&#8220; btn_url=&#8220;url:https%3A%2F%2Fvogelsitze.com%2Fwp-content%2Fuploads%2FVogelsitze_LS20-2022.pdf|target:_blank&#8220; btn_hvrbg=&#8220;#003366&#8243;][\/vc_column_inner][vc_column_inner width=&#8220;1\/2&#8243;][vc_single_image image=&#8220;5569&#8243; img_size=&#8220;full&#8220; css_animation=&#8220;none&#8220; css=&#8220;.vc_custom_1660296819462{margin-top: -10px !important;margin-right: 70px !important;margin-bottom: 70px !important;margin-left: 70px !important;}&#8220;][\/vc_column_inner][\/vc_row_inner][vc_empty_space height=&#8220;50px&#8220;][vc_row_inner el_id=&#8220;ls30&#8243;][vc_column_inner width=&#8220;1\/2&#8243;][vc_single_image image=&#8220;5571&#8243; img_size=&#8220;full&#8220; css_animation=&#8220;none&#8220; css=&#8220;.vc_custom_1660296837608{margin-top: 30px !important;margin-right: 70px !important;margin-bottom: 70px !important;margin-left: 70px !important;}&#8220;][\/vc_column_inner][vc_column_inner width=&#8220;1\/2&#8243;][vc_separator color=&#8220;black&#8220;][vc_column_text]<strong style=\"font-size: 30px; margin-left: 15px;\">LS 30<\/strong>[\/vc_column_text][vc_column_text]<\/p>\n<div style=\"border-left: 1px solid #000000;\">\n<div style=\"margin-left: 15px;\">\n<p style=\"text-align: justify;\"><strong><span dir=\"ltr\" role=\"presentation\">Kontur mit Komfort und Bewegungsfreiheit<\/span><\/strong><\/p>\n<p style=\"text-align: justify;\"><br role=\"presentation\" \/><span dir=\"ltr\" role=\"presentation\">Moderne Reisebus-Generationen brauchen modernes <\/span><span dir=\"ltr\" role=\"presentation\">Interieur. <\/span><\/p>\n<p style=\"text-align: justify;\"><span dir=\"ltr\" role=\"presentation\">LS 30 erf\u00fcllt alle Aspekte, die Design und Funktion <\/span><span dir=\"ltr\" role=\"presentation\">heute verlangen. <\/span><\/p>\n<p style=\"text-align: justify;\"><span dir=\"ltr\" role=\"presentation\">Die neu entwickelte R\u00fcckenlinie in <\/span><span dir=\"ltr\" role=\"presentation\">betont<\/span> <span dir=\"ltr\" role=\"presentation\">fl<\/span><span dir=\"ltr\" role=\"presentation\">acher Formgebung verschafft Schultern und <\/span><span dir=\"ltr\" role=\"presentation\">Armen optimale Bewegungsfreiheit.<\/span><br role=\"presentation\" \/><span dir=\"ltr\" role=\"presentation\">LS 30 bietet Platz, wo er ben\u00f6tigt wird !<\/span><\/p>\n<\/div>\n<\/div>\n<p>[\/vc_column_text][mvc_advanced_button btn_animation=&#8220;button&#8211;ujarak&#8220; btn_text=&#8220;Download PDF&#8220; btn_icon=&#8220;fas fa-file-download&#8220; btn_url=&#8220;url:https%3A%2F%2Fvogelsitze.com%2Fwp-content%2Fuploads%2FVogelsitze_LS30-2022.pdf|target:_blank&#8220; btn_hvrbg=&#8220;#003366&#8243;][\/vc_column_inner][\/vc_row_inner][vc_empty_space height=&#8220;50px&#8220;][vc_row_inner el_id=&#8220;ls40&#8243;][vc_column_inner width=&#8220;1\/2&#8243;][vc_separator color=&#8220;black&#8220;][vc_column_text]<strong style=\"font-size: 30px;\">LS 40<\/strong>[\/vc_column_text][vc_column_text]<\/p>\n<div style=\"border-right: 1px solid #000000;\">\n<div style=\"margin-right: 15px;\">\n<p style=\"text-align: justify;\"><strong><span dir=\"ltr\" role=\"presentation\">Kontur mit Komfort und Bewegungsfreiheit<\/span><\/strong><\/p>\n<p style=\"text-align: justify;\"><br role=\"presentation\" \/><span dir=\"ltr\" role=\"presentation\">Moderne Reisebus-Generationen brauchen modernes <\/span><span dir=\"ltr\" role=\"presentation\">Interieur. <\/span><\/p>\n<p style=\"text-align: justify;\"><span dir=\"ltr\" role=\"presentation\">LS 40 erf\u00fcllt alle Aspekte, die Design und Funktion <\/span><span dir=\"ltr\" role=\"presentation\">heute verlangen. <\/span><\/p>\n<p style=\"text-align: justify;\"><span dir=\"ltr\" role=\"presentation\">Die neu entwickelte R\u00fcckenlinie in <\/span><span dir=\"ltr\" role=\"presentation\">betont<\/span> <span dir=\"ltr\" role=\"presentation\">fl<\/span><span dir=\"ltr\" role=\"presentation\">acher Formgebung verschafft Schultern und <\/span><span dir=\"ltr\" role=\"presentation\">Armen optimale Bewegungsfreiheit.<\/span><br role=\"presentation\" \/><span dir=\"ltr\" role=\"presentation\">LS 40 bietet Platz, wo er ben\u00f6tigt wir! <\/span><\/p>\n<\/div>\n<\/div>\n<p>[\/vc_column_text][mvc_advanced_button btn_animation=&#8220;button&#8211;ujarak&#8220; btn_text=&#8220;Download PDF&#8220; btn_icon=&#8220;fas fa-file-download&#8220; btn_url=&#8220;url:https%3A%2F%2Fvogelsitze.com%2Fwp-content%2Fuploads%2FVogelsitze_LS40-2022.pdf&#8220; btn_hvrbg=&#8220;#003366&#8243;][\/vc_column_inner][vc_column_inner width=&#8220;1\/2&#8243;][vc_single_image image=&#8220;945&#8243; img_size=&#8220;full&#8220; css_animation=&#8220;none&#8220;][\/vc_column_inner][\/vc_row_inner][vc_empty_space height=&#8220;50px&#8220;][vc_row_inner el_id=&#8220;ls60&#8243;][vc_column_inner width=&#8220;1\/2&#8243;][vc_single_image image=&#8220;965&#8243; img_size=&#8220;full&#8220; css_animation=&#8220;none&#8220;][\/vc_column_inner][vc_column_inner width=&#8220;1\/2&#8243;][vc_separator color=&#8220;black&#8220;][vc_column_text]<strong style=\"font-size: 30px; margin-left: 15px;\">LS 60<\/strong>[\/vc_column_text][vc_column_text]<\/p>\n<div style=\"border-left: 1px solid #000000;\">\n<div style=\"margin-left: 15px;\">\n<p style=\"text-align: justify;\"><strong><span dir=\"ltr\" role=\"presentation\">Der Fahrgastsitz des 21. Jahrhunderts<\/span><\/strong><\/p>\n<p style=\"text-align: justify;\"><br role=\"presentation\" \/><span dir=\"ltr\" role=\"presentation\">Bestechende Eleganz, h\u00f6chster Komfort und perfekte <\/span><span dir=\"ltr\" role=\"presentation\">Sicherheit in innovativem Design und modernster Tech-<\/span><span dir=\"ltr\" role=\"presentation\">nik. <\/span><br \/>\n<span dir=\"ltr\" role=\"presentation\">Die Ergonomie des Sitzes, seine Linienf\u00fchrung und <\/span><span dir=\"ltr\" role=\"presentation\">Polsterung bieten h\u00f6chsten Komfort auf allen Strecken.<\/span><\/p>\n<\/div>\n<\/div>\n<p>[\/vc_column_text][mvc_advanced_button btn_animation=&#8220;button&#8211;ujarak&#8220; btn_text=&#8220;Download PDF&#8220; btn_icon=&#8220;fas fa-file-download&#8220; btn_url=&#8220;url:https%3A%2F%2Fvogelsitze.com%2Fwp-content%2Fuploads%2FVogelsitze_LS60-2022.pdf|target:_blank&#8220; btn_hvrbg=&#8220;#003366&#8243;][\/vc_column_inner][\/vc_row_inner][vc_empty_space height=&#8220;50px&#8220;][vc_row_inner el_id=&#8220;ls80&#8243;][vc_column_inner width=&#8220;1\/2&#8243;][vc_separator color=&#8220;black&#8220;][vc_column_text]<\/p>\n<p class=\"thememount-heading-align-left\"><strong style=\"font-size: 30px;\">LS80 \/ ACCENT<\/strong><\/p>\n<p>[\/vc_column_text][vc_column_text]<\/p>\n<div style=\"border-right: 1px solid #000000;\">\n<div style=\"margin-right: 15px;\">\n<h3 style=\"text-align: justify;\">F\u00fcr h\u00f6chste Anspr\u00fcche \u2013 die 3er Bestuhlung<\/h3>\n<p style=\"text-align: justify;\">Die Top-Ausstattung f\u00fcr besondere Fahrzeuge: LS80\/Accent f\u00fcr die 3er Bestuhlung mit einer Sitzplatzbreite von 500 mm. Polsterung DeLuxe oder Ambassador.<\/p>\n<\/div>\n<\/div>\n<p>[\/vc_column_text][mvc_advanced_button btn_animation=&#8220;button&#8211;ujarak&#8220; btn_text=&#8220;Download PDF&#8220; btn_icon=&#8220;fas fa-file-download&#8220; btn_url=&#8220;url:https%3A%2F%2Fvogelsitze.com%2Fwp-content%2Fuploads%2FAccent.pdf|target:_blank&#8220; btn_hvrbg=&#8220;#003366&#8243;][\/vc_column_inner][vc_column_inner width=&#8220;1\/2&#8243;][vc_single_image image=&#8220;997&#8243; img_size=&#8220;full&#8220; css_animation=&#8220;none&#8220;][\/vc_column_inner][\/vc_row_inner][\/vc_column][\/vc_row]<\/p>\n","protected":false},"excerpt":{"rendered":"<p>[vc_row css=&#8220;.vc_custom_1520677707881{margin-top: -30px !important;}&#8220;][vc_column el_class=&#8220;top_up_testing&#8220; css=&#8220;.vc_custom_1659604007422{margin-top: 0px !important;}&#8220;][vc_empty_space height=&#8220;50px&#8220;][vc_column_text]REISEVERKEHR[\/vc_column_text][vc_row_inner][vc_column_inner][vc_column_text] Immer die richtige L\u00f6sung f\u00fcr jeden Bedarf Die Reisebus Sitzsystemen von Vogelsitze bringen bestechende Eleganz, h\u00f6chster Komfort und perfekte Sicherheit in innovativem Design und modernster Technik. Mit vielf\u00e4ltigen Sitzsystemen und variablen Ausstattungsprogrammen bieten wir kundenindividuelle Produkte, funktionales und formsch\u00f6nes Zubeh\u00f6r &#8211; die perfekten L\u00f6sungen f\u00fcr jeden [&hellip;]<\/p>\n","protected":false},"author":8,"featured_media":0,"parent":0,"menu_order":0,"comment_status":"closed","ping_status":"closed","template":"","meta":{"footnotes":""},"class_list":["post-5201","page","type-page","status-publish","hentry"],"rttpg_featured_image_url":null,"rttpg_author":{"display_name":"\u00d6zcan YARDIMCI","author_link":"https:\/\/vogelsitze.com\/de\/author\/oyardimci\/"},"rttpg_comment":0,"rttpg_category":" <a href=\"https:\/\/vogelsitze.com\/de\/?taxonomy=translation_priority&#038;term=optional\" rel=\"tag\">Optional<\/a>","rttpg_excerpt":"[vc_row css=&#8220;.vc_custom_1520677707881{margin-top: -30px !important;}&#8220;][vc_column el_class=&#8220;top_up_testing&#8220; css=&#8220;.vc_custom_1659604007422{margin-top: 0px !important;}&#8220;][vc_empty_space height=&#8220;50px&#8220;][vc_column_text]REISEVERKEHR[\/vc_column_text][vc_row_inner][vc_column_inner][vc_column_text] Immer die richtige L\u00f6sung f\u00fcr jeden Bedarf Die Reisebus Sitzsystemen von Vogelsitze bringen bestechende Eleganz, h\u00f6chster Komfort und perfekte Sicherheit in innovativem Design und modernster Technik. Mit vielf\u00e4ltigen Sitzsystemen und variablen Ausstattungsprogrammen bieten wir kundenindividuelle Produkte, funktionales und formsch\u00f6nes Zubeh\u00f6r &#8211; die perfekten L\u00f6sungen f\u00fcr jeden&hellip;","_links":{"self":[{"href":"https:\/\/vogelsitze.com\/de\/wp-json\/wp\/v2\/pages\/5201","targetHints":{"allow":["GET"]}}],"collection":[{"href":"https:\/\/vogelsitze.com\/de\/wp-json\/wp\/v2\/pages"}],"about":[{"href":"https:\/\/vogelsitze.com\/de\/wp-json\/wp\/v2\/types\/page"}],"author":[{"embeddable":true,"href":"https:\/\/vogelsitze.com\/de\/wp-json\/wp\/v2\/users\/8"}],"replies":[{"embeddable":true,"href":"https:\/\/vogelsitze.com\/de\/wp-json\/wp\/v2\/comments?post=5201"}],"version-history":[{"count":43,"href":"https:\/\/vogelsitze.com\/de\/wp-json\/wp\/v2\/pages\/5201\/revisions"}],"predecessor-version":[{"id":7382,"href":"https:\/\/vogelsitze.com\/de\/wp-json\/wp\/v2\/pages\/5201\/revisions\/7382"}],"wp:attachment":[{"href":"https:\/\/vogelsitze.com\/de\/wp-json\/wp\/v2\/media?parent=5201"}],"curies":[{"name":"wp","href":"https:\/\/api.w.org\/{rel}","templated":true}]}}