{"id":5208,"date":"2022-07-27T11:46:16","date_gmt":"2022-07-27T09:46:16","guid":{"rendered":"https:\/\/nifty-chatelet.100-42-184-64.plesk.page\/minibus\/"},"modified":"2022-08-18T23:37:41","modified_gmt":"2022-08-18T21:37:41","slug":"minibus","status":"publish","type":"page","link":"https:\/\/vogelsitze.com\/de\/minibus\/","title":{"rendered":"Minibus"},"content":{"rendered":"<p>[vc_row css=&#8220;.vc_custom_1520677707881{margin-top: -30px !important;}&#8220;][vc_column el_class=&#8220;top_up_testing&#8220;][vc_empty_space height=&#8220;50px&#8220;][vc_column_text]<\/p>\n<p><strong style=\"font-size: 45px;\">MINIBUS<\/strong><\/p>\n<p>[\/vc_column_text][vc_empty_space height=&#8220;50px&#8220;][vc_row_inner el_id=&#8220;primus&#8220;][vc_column_inner width=&#8220;1\/2&#8243;][vc_column_text]<strong style=\"font-size: 30px;\">PRIMUS<\/strong>[\/vc_column_text][vc_column_text]<\/p>\n<div style=\"border-right: 1px solid #000000;\">\n<div style=\"margin-right: 15px;\">\n<p style=\"text-align: justify;\"><strong>Individuelle Kombinationsm\u00f6glichkeiten<\/strong><\/p>\n<p style=\"text-align: justify;\">Primus kann mit 2- und 3-Punkt Sicherheits-Gurten ausgestattet werden.<\/p>\n<p style=\"text-align: justify;\">Optionale R\u00fcckenabdeckschalen sch\u00fctzen wirkGepr\u00fcft nach UN ECE R 118.02ungsvoll Sitzr\u00fccken und Kissen.<\/p>\n<p style=\"text-align: justify;\">Primus entspricht als \u00dcberlandsitz allen Anforderungen dieser Klasse.<\/p>\n<p style=\"text-align: justify;\">Die Sitzplatzbreite 420 mm erlaubt Bestuhlungen vom Kleinbus bis hin zum gro\u00dfen Intercitybus.<\/p>\n<p style=\"text-align: justify;\">Modularit\u00e4t, Vielseitigkeit und Robustheit machen Primus zum idealen \u00dcberlandsitz.<\/p>\n<p style=\"text-align: justify;\">Die Vielf\u00e4ltigkeit vom schmalen Primus macht ihn zum Allrounder f\u00fcr Midibusse.<\/p>\n<p style=\"text-align: justify;\">Primus kann auch als Beifahrersitz verwendet werden.<\/p>\n<\/div>\n<\/div>\n<p>[\/vc_column_text][mvc_advanced_button btn_animation=&#8220;button&#8211;ujarak&#8220; btn_text=&#8220;Download PDF&#8220; btn_icon=&#8220;fas fa-file-download&#8220; btn_url=&#8220;url:https%3A%2F%2Fvogelsitze.com%2Fwp-content%2Fuploads%2Fprimus-2020.pdf|target:_blank&#8220; btn_hvrbg=&#8220;#003366&#8243;][\/vc_column_inner][vc_column_inner width=&#8220;1\/2&#8243;][vc_single_image image=&#8220;5437&#8243; img_size=&#8220;full&#8220; alignment=&#8220;right&#8220;][\/vc_column_inner][\/vc_row_inner][vc_empty_space height=&#8220;50px&#8220;][vc_row_inner el_id=&#8220;strada&#8220;][vc_column_inner width=&#8220;1\/2&#8243;][vc_single_image image=&#8220;1009&#8243; img_size=&#8220;full&#8220; alignment=&#8220;right&#8220; css_animation=&#8220;none&#8220;][\/vc_column_inner][vc_column_inner width=&#8220;1\/2&#8243;][vc_column_text]<strong style=\"font-size: 30px; margin-left: 15px;\">STRADA<\/strong>[\/vc_column_text][vc_column_text]<\/p>\n<div style=\"border-left: 1px solid #000000;\">\n<div style=\"margin-left: 15px;\">\n<h3 style=\"text-align: justify;\">Der Einzelsitz f\u00fcr alle g\u00e4ngigen Minibusse<\/h3>\n<p style=\"text-align: justify;\">Pr\u00fcfung der Festigkeit der Verankerungspunkte f\u00fcr Sicherheitsgurte gem\u00e4\u00df ECE R 16 sowie 76\/115\/EWG f\u00fcr Fahrzeuge der Klasse M1.<\/p>\n<p style=\"text-align: justify;\">Pr\u00fcfung der Sitze, Ihrer Verankerungen und Kopfst\u00fctzen gem\u00e4\u00df 74\/408\/EWG f\u00fcr Fahrzeuge der Klasse M1.<\/p>\n<p style=\"text-align: justify;\">Zulassung der Iso\ufb01x Verankerung gem\u00e4\u00df ECE R 14 f\u00fcr Fahrzeuge der Klasse M1.<\/p>\n<\/div>\n<\/div>\n<p>[\/vc_column_text][mvc_advanced_button btn_animation=&#8220;button&#8211;ujarak&#8220; btn_text=&#8220;Download PDF&#8220; btn_icon=&#8220;fas fa-file-download&#8220; btn_url=&#8220;url:https%3A%2F%2Fvogelsitze.com%2Fwp-content%2Fuploads%2FVogelsitze_Strada-2022.pdf|target:_blank&#8220; btn_hvrbg=&#8220;#003366&#8243;][\/vc_column_inner][\/vc_row_inner][\/vc_column][\/vc_row]<\/p>\n","protected":false},"excerpt":{"rendered":"<p>[vc_row css=&#8220;.vc_custom_1520677707881{margin-top: -30px !important;}&#8220;][vc_column el_class=&#8220;top_up_testing&#8220;][vc_empty_space height=&#8220;50px&#8220;][vc_column_text] MINIBUS [\/vc_column_text][vc_empty_space height=&#8220;50px&#8220;][vc_row_inner el_id=&#8220;primus&#8220;][vc_column_inner width=&#8220;1\/2&#8243;][vc_column_text]PRIMUS[\/vc_column_text][vc_column_text] Individuelle Kombinationsm\u00f6glichkeiten Primus kann mit 2- und 3-Punkt Sicherheits-Gurten ausgestattet werden. Optionale R\u00fcckenabdeckschalen sch\u00fctzen wirkGepr\u00fcft nach UN ECE R 118.02ungsvoll Sitzr\u00fccken und Kissen. Primus entspricht als \u00dcberlandsitz allen Anforderungen dieser Klasse. Die Sitzplatzbreite 420 mm erlaubt Bestuhlungen vom Kleinbus bis hin zum gro\u00dfen Intercitybus. [&hellip;]<\/p>\n","protected":false},"author":8,"featured_media":0,"parent":0,"menu_order":0,"comment_status":"closed","ping_status":"closed","template":"","meta":{"footnotes":""},"class_list":["post-5208","page","type-page","status-publish","hentry"],"rttpg_featured_image_url":null,"rttpg_author":{"display_name":"\u00d6zcan YARDIMCI","author_link":"https:\/\/vogelsitze.com\/de\/author\/oyardimci\/"},"rttpg_comment":0,"rttpg_category":" <a href=\"https:\/\/vogelsitze.com\/de\/?taxonomy=translation_priority&#038;term=optional\" rel=\"tag\">Optional<\/a>","rttpg_excerpt":"[vc_row css=&#8220;.vc_custom_1520677707881{margin-top: -30px !important;}&#8220;][vc_column el_class=&#8220;top_up_testing&#8220;][vc_empty_space height=&#8220;50px&#8220;][vc_column_text] MINIBUS [\/vc_column_text][vc_empty_space height=&#8220;50px&#8220;][vc_row_inner el_id=&#8220;primus&#8220;][vc_column_inner width=&#8220;1\/2&#8243;][vc_column_text]PRIMUS[\/vc_column_text][vc_column_text] Individuelle Kombinationsm\u00f6glichkeiten Primus kann mit 2- und 3-Punkt Sicherheits-Gurten ausgestattet werden. Optionale R\u00fcckenabdeckschalen sch\u00fctzen wirkGepr\u00fcft nach UN ECE R 118.02ungsvoll Sitzr\u00fccken und Kissen. Primus entspricht als \u00dcberlandsitz allen Anforderungen dieser Klasse. Die Sitzplatzbreite 420 mm erlaubt Bestuhlungen vom Kleinbus bis hin zum gro\u00dfen Intercitybus.&hellip;","_links":{"self":[{"href":"https:\/\/vogelsitze.com\/de\/wp-json\/wp\/v2\/pages\/5208","targetHints":{"allow":["GET"]}}],"collection":[{"href":"https:\/\/vogelsitze.com\/de\/wp-json\/wp\/v2\/pages"}],"about":[{"href":"https:\/\/vogelsitze.com\/de\/wp-json\/wp\/v2\/types\/page"}],"author":[{"embeddable":true,"href":"https:\/\/vogelsitze.com\/de\/wp-json\/wp\/v2\/users\/8"}],"replies":[{"embeddable":true,"href":"https:\/\/vogelsitze.com\/de\/wp-json\/wp\/v2\/comments?post=5208"}],"version-history":[{"count":20,"href":"https:\/\/vogelsitze.com\/de\/wp-json\/wp\/v2\/pages\/5208\/revisions"}],"predecessor-version":[{"id":7160,"href":"https:\/\/vogelsitze.com\/de\/wp-json\/wp\/v2\/pages\/5208\/revisions\/7160"}],"wp:attachment":[{"href":"https:\/\/vogelsitze.com\/de\/wp-json\/wp\/v2\/media?parent=5208"}],"curies":[{"name":"wp","href":"https:\/\/api.w.org\/{rel}","templated":true}]}}