{"id":5219,"date":"2022-07-27T12:34:37","date_gmt":"2022-07-27T10:34:37","guid":{"rendered":"https:\/\/nifty-chatelet.100-42-184-64.plesk.page\/sondersitze\/"},"modified":"2022-08-18T23:39:41","modified_gmt":"2022-08-18T21:39:41","slug":"sondersitze","status":"publish","type":"page","link":"https:\/\/vogelsitze.com\/de\/sondersitze\/","title":{"rendered":"Sondersitze"},"content":{"rendered":"<p>[vc_row css=&#8220;.vc_custom_1520677707881{margin-top: -30px !important;}&#8220;][vc_column el_class=&#8220;top_up_testing&#8220;][vc_empty_space height=&#8220;50px&#8220;][vc_column_text]<strong style=\"font-size: 45px;\">SONDERSITZE<\/strong>[\/vc_column_text][vc_empty_space height=&#8220;50px&#8220;][vc_row_inner][vc_column_inner width=&#8220;1\/2&#8243;][vc_separator color=&#8220;black&#8220;][vc_column_text]<strong style=\"font-size: 30px;\">Pino Klappsitz<\/strong>[\/vc_column_text][vc_column_text]<\/p>\n<div style=\"border-right: 1px #000000 solid;\">\n<div style=\"margin-right: 15px; text-align: justify;\">PINO Klappsitz ist ideal f\u00fcr den Einsatz im Rollstuhlbereich von Stadtbussen. Es garantiert eine optimale Raumnutzung. Durchdachte und robuste Konstruktion macht es langlebig.<\/div>\n<\/div>\n<p>[\/vc_column_text][mvc_advanced_button btn_animation=&#8220;button&#8211;ujarak&#8220; btn_text=&#8220;Download PDF&#8220; btn_icon=&#8220;fas fa-file-download&#8220; btn_url=&#8220;url:http%3A%2F%2Fvogelsitze.com%2Fwp-content%2Fuploads%2FPino-Railway.pdf|target:_blank&#8220;][\/vc_column_inner][vc_column_inner width=&#8220;1\/2&#8243;][vc_single_image image=&#8220;6238&#8243; img_size=&#8220;large&#8220;][vc_separator color=&#8220;black&#8220;][\/vc_column_inner][\/vc_row_inner][vc_row_inner][vc_column_inner width=&#8220;1\/2&#8243;][vc_single_image image=&#8220;6262&#8243; img_size=&#8220;large&#8220;][vc_separator color=&#8220;black&#8220;][\/vc_column_inner][vc_column_inner width=&#8220;1\/2&#8243;][vc_column_text]<strong style=\"font-size: 30px; margin-left: 15px;\">Create Klappsitz<\/strong>[\/vc_column_text][vc_column_text]<\/p>\n<div style=\"border-left: 1px #000000 solid;\">\n<div style=\"margin-left: 15px;\">\n<p style=\"text-align: justify;\">Create Klappsitz ist extrem d\u00fcnn und hochwertig. Dieser Klappsitz ist die perfekte L\u00f6sung f\u00fcr alle Gelegenheiten in einem Stadtbus.<\/p>\n<p style=\"text-align: justify;\">Mit der extrem d\u00fcnnen Sitz- und R\u00fcckenkonstruktion kann es die verf\u00fcgbare Bodenfl\u00e4che vergr\u00f6\u00dfern und schafft Platz f\u00fcr zus\u00e4tzliche Sitze und Rollst\u00fchle.<\/p>\n<\/div>\n<\/div>\n<p>[\/vc_column_text][mvc_advanced_button btn_animation=&#8220;button&#8211;ujarak&#8220; btn_text=&#8220;Download PDF&#8220; btn_icon=&#8220;fas fa-file-download&#8220; btn_url=&#8220;url:https%3A%2F%2Fvogelsitze.com%2Fwp-content%2Fuploads%2Ffoldingseat.pdf|target:_blank&#8220;][\/vc_column_inner][\/vc_row_inner][vc_row_inner][vc_column_inner width=&#8220;1\/2&#8243;][vc_column_text]<strong style=\"font-size: 30px;\">Easy-Fix Klappsitz<\/strong>[\/vc_column_text][vc_column_text]<\/p>\n<div style=\"border-right: 1px solid #000000;\">\n<div style=\"margin-right: 15px; text-align: justify;\">Der Easy Fix-Klappsitz ist der ideale Sitz f\u00fcr Stra\u00dfenbahnen und U-Bahnen. Create Klappsitz verf\u00fcgt \u00fcber einen innovativen, patentierten, gepolsterten Klappmechanismus und erf\u00fcllt alle Brand- und Vandalismusschutzanforderungen f\u00fcr diesen Bereich.<\/div>\n<\/div>\n<p>[\/vc_column_text][mvc_advanced_button btn_animation=&#8220;button&#8211;ujarak&#8220; btn_text=&#8220;Download PDF&#8220; btn_icon=&#8220;fas fa-file-download&#8220; btn_url=&#8220;url:https%3A%2F%2Fvogelsitze.com%2Fwp-content%2Fuploads%2Fklappitz5.pdf|target:_blank&#8220;][\/vc_column_inner][vc_column_inner width=&#8220;1\/2&#8243;][vc_single_image image=&#8220;6301&#8243; img_size=&#8220;large&#8220;][\/vc_column_inner][\/vc_row_inner][\/vc_column][\/vc_row]<\/p>\n","protected":false},"excerpt":{"rendered":"<p>[vc_row css=&#8220;.vc_custom_1520677707881{margin-top: -30px !important;}&#8220;][vc_column el_class=&#8220;top_up_testing&#8220;][vc_empty_space height=&#8220;50px&#8220;][vc_column_text]SONDERSITZE[\/vc_column_text][vc_empty_space height=&#8220;50px&#8220;][vc_row_inner][vc_column_inner width=&#8220;1\/2&#8243;][vc_separator color=&#8220;black&#8220;][vc_column_text]Pino Klappsitz[\/vc_column_text][vc_column_text] PINO Klappsitz ist ideal f\u00fcr den Einsatz im Rollstuhlbereich von Stadtbussen. Es garantiert eine optimale Raumnutzung. Durchdachte und robuste Konstruktion macht es langlebig. [\/vc_column_text][mvc_advanced_button btn_animation=&#8220;button&#8211;ujarak&#8220; btn_text=&#8220;Download PDF&#8220; btn_icon=&#8220;fas fa-file-download&#8220; btn_url=&#8220;url:http%3A%2F%2Fvogelsitze.com%2Fwp-content%2Fuploads%2FPino-Railway.pdf|target:_blank&#8220;][\/vc_column_inner][vc_column_inner width=&#8220;1\/2&#8243;][vc_single_image image=&#8220;6238&#8243; img_size=&#8220;large&#8220;][vc_separator color=&#8220;black&#8220;][\/vc_column_inner][\/vc_row_inner][vc_row_inner][vc_column_inner width=&#8220;1\/2&#8243;][vc_single_image image=&#8220;6262&#8243; img_size=&#8220;large&#8220;][vc_separator color=&#8220;black&#8220;][\/vc_column_inner][vc_column_inner width=&#8220;1\/2&#8243;][vc_column_text]Create Klappsitz[\/vc_column_text][vc_column_text] Create Klappsitz ist extrem d\u00fcnn [&hellip;]<\/p>\n","protected":false},"author":8,"featured_media":0,"parent":0,"menu_order":0,"comment_status":"closed","ping_status":"closed","template":"","meta":{"footnotes":""},"class_list":["post-5219","page","type-page","status-publish","hentry"],"rttpg_featured_image_url":null,"rttpg_author":{"display_name":"\u00d6zcan YARDIMCI","author_link":"https:\/\/vogelsitze.com\/de\/author\/oyardimci\/"},"rttpg_comment":0,"rttpg_category":" <a href=\"https:\/\/vogelsitze.com\/de\/?taxonomy=translation_priority&#038;term=optional\" rel=\"tag\">Optional<\/a>","rttpg_excerpt":"[vc_row css=&#8220;.vc_custom_1520677707881{margin-top: -30px !important;}&#8220;][vc_column el_class=&#8220;top_up_testing&#8220;][vc_empty_space height=&#8220;50px&#8220;][vc_column_text]SONDERSITZE[\/vc_column_text][vc_empty_space height=&#8220;50px&#8220;][vc_row_inner][vc_column_inner width=&#8220;1\/2&#8243;][vc_separator color=&#8220;black&#8220;][vc_column_text]Pino Klappsitz[\/vc_column_text][vc_column_text] PINO Klappsitz ist ideal f\u00fcr den Einsatz im Rollstuhlbereich von Stadtbussen. Es garantiert eine optimale Raumnutzung. Durchdachte und robuste Konstruktion macht es langlebig. [\/vc_column_text][mvc_advanced_button btn_animation=&#8220;button&#8211;ujarak&#8220; btn_text=&#8220;Download PDF&#8220; btn_icon=&#8220;fas fa-file-download&#8220; btn_url=&#8220;url:http%3A%2F%2Fvogelsitze.com%2Fwp-content%2Fuploads%2FPino-Railway.pdf|target:_blank&#8220;][\/vc_column_inner][vc_column_inner width=&#8220;1\/2&#8243;][vc_single_image image=&#8220;6238&#8243; img_size=&#8220;large&#8220;][vc_separator color=&#8220;black&#8220;][\/vc_column_inner][\/vc_row_inner][vc_row_inner][vc_column_inner width=&#8220;1\/2&#8243;][vc_single_image image=&#8220;6262&#8243; img_size=&#8220;large&#8220;][vc_separator color=&#8220;black&#8220;][\/vc_column_inner][vc_column_inner width=&#8220;1\/2&#8243;][vc_column_text]Create Klappsitz[\/vc_column_text][vc_column_text] Create Klappsitz ist extrem d\u00fcnn&hellip;","_links":{"self":[{"href":"https:\/\/vogelsitze.com\/de\/wp-json\/wp\/v2\/pages\/5219","targetHints":{"allow":["GET"]}}],"collection":[{"href":"https:\/\/vogelsitze.com\/de\/wp-json\/wp\/v2\/pages"}],"about":[{"href":"https:\/\/vogelsitze.com\/de\/wp-json\/wp\/v2\/types\/page"}],"author":[{"embeddable":true,"href":"https:\/\/vogelsitze.com\/de\/wp-json\/wp\/v2\/users\/8"}],"replies":[{"embeddable":true,"href":"https:\/\/vogelsitze.com\/de\/wp-json\/wp\/v2\/comments?post=5219"}],"version-history":[{"count":20,"href":"https:\/\/vogelsitze.com\/de\/wp-json\/wp\/v2\/pages\/5219\/revisions"}],"predecessor-version":[{"id":7161,"href":"https:\/\/vogelsitze.com\/de\/wp-json\/wp\/v2\/pages\/5219\/revisions\/7161"}],"wp:attachment":[{"href":"https:\/\/vogelsitze.com\/de\/wp-json\/wp\/v2\/media?parent=5219"}],"curies":[{"name":"wp","href":"https:\/\/api.w.org\/{rel}","templated":true}]}}