{"id":5237,"date":"2022-07-27T12:46:47","date_gmt":"2022-07-27T10:46:47","guid":{"rendered":"https:\/\/nifty-chatelet.100-42-184-64.plesk.page\/reiseverkehr-2\/"},"modified":"2022-08-18T23:35:51","modified_gmt":"2022-08-18T21:35:51","slug":"reiseverkehr-2","status":"publish","type":"page","link":"https:\/\/vogelsitze.com\/de\/reiseverkehr-2\/","title":{"rendered":"Reiseverkehr"},"content":{"rendered":"<p>[vc_row css=&#8220;.vc_custom_1520677707881{margin-top: -30px !important;}&#8220;][vc_column el_class=&#8220;top_up_testing&#8220;][vc_empty_space height=&#8220;50px&#8220;][vc_column_text]<strong style=\"font-size: 45px;\">REISEVERKEHR<\/strong>[\/vc_column_text][vc_row_inner][vc_column_inner][vc_column_text]<\/p>\n<h3 style=\"text-align: justify;\">Immer die richtige L\u00f6sung f\u00fcr jeden Bedarf<\/h3>\n<p style=\"text-align: justify;\">Die Reisebus Sitzsystemen von Vogelsitze bringen bestechende Eleganz, h\u00f6chster Komfort und perfekte Sicherheit in innovativem Design und modernster Technik.<\/p>\n<p style=\"text-align: justify;\">Mit vielf\u00e4ltigen Sitzsystemen und variablen Ausstattungsprogrammen bieten wir kundenindividuelle Produkte, funktionales und formsch\u00f6nes Zubeh\u00f6r &#8211; die perfekten L\u00f6sungen f\u00fcr jeden Bedarf.<\/p>\n<p>[\/vc_column_text][vc_empty_space height=&#8220;10px&#8220;][\/vc_column_inner][\/vc_row_inner][\/vc_column][\/vc_row][vc_row][vc_column][\/vc_column][\/vc_row]<\/p>\n","protected":false},"excerpt":{"rendered":"<p>[vc_row css=&#8220;.vc_custom_1520677707881{margin-top: -30px !important;}&#8220;][vc_column el_class=&#8220;top_up_testing&#8220;][vc_empty_space height=&#8220;50px&#8220;][vc_column_text]REISEVERKEHR[\/vc_column_text][vc_row_inner][vc_column_inner][vc_column_text] Immer die richtige L\u00f6sung f\u00fcr jeden Bedarf Die Reisebus Sitzsystemen von Vogelsitze bringen bestechende Eleganz, h\u00f6chster Komfort und perfekte Sicherheit in innovativem Design und modernster Technik. Mit vielf\u00e4ltigen Sitzsystemen und variablen Ausstattungsprogrammen bieten wir kundenindividuelle Produkte, funktionales und formsch\u00f6nes Zubeh\u00f6r &#8211; die perfekten L\u00f6sungen f\u00fcr jeden Bedarf. [\/vc_column_text][vc_empty_space height=&#8220;10px&#8220;][\/vc_column_inner][\/vc_row_inner][\/vc_column][\/vc_row][vc_row][vc_column][\/vc_column][\/vc_row]<\/p>\n","protected":false},"author":8,"featured_media":0,"parent":0,"menu_order":0,"comment_status":"closed","ping_status":"closed","template":"","meta":{"footnotes":""},"class_list":["post-5237","page","type-page","status-publish","hentry"],"rttpg_featured_image_url":null,"rttpg_author":{"display_name":"\u00d6zcan YARDIMCI","author_link":"https:\/\/vogelsitze.com\/de\/author\/oyardimci\/"},"rttpg_comment":0,"rttpg_category":" <a href=\"https:\/\/vogelsitze.com\/de\/?taxonomy=translation_priority&#038;term=optional\" rel=\"tag\">Optional<\/a>","rttpg_excerpt":"[vc_row css=&#8220;.vc_custom_1520677707881{margin-top: -30px !important;}&#8220;][vc_column el_class=&#8220;top_up_testing&#8220;][vc_empty_space height=&#8220;50px&#8220;][vc_column_text]REISEVERKEHR[\/vc_column_text][vc_row_inner][vc_column_inner][vc_column_text] Immer die richtige L\u00f6sung f\u00fcr jeden Bedarf Die Reisebus Sitzsystemen von Vogelsitze bringen bestechende Eleganz, h\u00f6chster Komfort und perfekte Sicherheit in innovativem Design und modernster Technik. Mit vielf\u00e4ltigen Sitzsystemen und variablen Ausstattungsprogrammen bieten wir kundenindividuelle Produkte, funktionales und formsch\u00f6nes Zubeh\u00f6r &#8211; die perfekten L\u00f6sungen f\u00fcr jeden Bedarf. [\/vc_column_text][vc_empty_space height=&#8220;10px&#8220;][\/vc_column_inner][\/vc_row_inner][\/vc_column][\/vc_row][vc_row][vc_column][\/vc_column][\/vc_row]","_links":{"self":[{"href":"https:\/\/vogelsitze.com\/de\/wp-json\/wp\/v2\/pages\/5237","targetHints":{"allow":["GET"]}}],"collection":[{"href":"https:\/\/vogelsitze.com\/de\/wp-json\/wp\/v2\/pages"}],"about":[{"href":"https:\/\/vogelsitze.com\/de\/wp-json\/wp\/v2\/types\/page"}],"author":[{"embeddable":true,"href":"https:\/\/vogelsitze.com\/de\/wp-json\/wp\/v2\/users\/8"}],"replies":[{"embeddable":true,"href":"https:\/\/vogelsitze.com\/de\/wp-json\/wp\/v2\/comments?post=5237"}],"version-history":[{"count":11,"href":"https:\/\/vogelsitze.com\/de\/wp-json\/wp\/v2\/pages\/5237\/revisions"}],"predecessor-version":[{"id":7158,"href":"https:\/\/vogelsitze.com\/de\/wp-json\/wp\/v2\/pages\/5237\/revisions\/7158"}],"wp:attachment":[{"href":"https:\/\/vogelsitze.com\/de\/wp-json\/wp\/v2\/media?parent=5237"}],"curies":[{"name":"wp","href":"https:\/\/api.w.org\/{rel}","templated":true}]}}