{"id":5245,"date":"2022-07-27T13:08:57","date_gmt":"2022-07-27T11:08:57","guid":{"rendered":"https:\/\/nifty-chatelet.100-42-184-64.plesk.page\/?page_id=5245"},"modified":"2022-08-02T14:49:11","modified_gmt":"2022-08-02T12:49:11","slug":"5245-22","status":"publish","type":"page","link":"https:\/\/vogelsitze.com\/de\/5245-22\/","title":{"rendered":"Regionalverkehr2"},"content":{"rendered":"<p>[vc_row][vc_column][vc_empty_space height=&#8220;50px&#8220;][vc_column_text]<strong style=\"font-size: 45px;\">REGIONALVERKEHR<\/strong>[\/vc_column_text][\/vc_column][\/vc_row][vc_row][vc_column css_animation=&#8220;fadeInLeft&#8220; width=&#8220;1\/2&#8243;][vc_column_text]<\/p>\n<h2>ARONDO<\/h2>\n<p>[\/vc_column_text][vc_column_text]Der moderne Sitz mit bestem Komfort.<\/p>\n<p>Ausgestattet mit verschiedenen Anbauteilen erf\u00fcllt das ARONDO Sitzsystem alle Anforderungen an einen Sitzseiner Klasse.<\/p>\n<p>Seine Leichtbauweise in Aluminium, der modulare Aufbau,die eingelassenen Polsterelemente mit Schnellwechsel- Bezugssystem trim-o-fix, die leicht zug\u00e4nglichen Bauteile ohne sichtbare Verschraubungen: alle Merkmale sprechen f\u00fcr eine praxisorientierte Konstruktion \u2013 f\u00fcr denpraxisgerechten Einsatz.<\/p>\n<p>Der sehr d\u00fcnne R\u00fccken l\u00e4sst eine maximale Beinfreiheit f\u00fcr den Passagier zu und bietet dennoch einen hohen Sitzkomfort.<\/p>\n<p>VOGELSITZE bietet f\u00fcr ARONDO Sitze das 3-Punkt Generations- Gurt System an, das dem Fahrgast erm\u00f6glicht der diagonalen Schulterh\u00f6he, je nach Alter und Gr\u00f6\u00dfe umbis zur einer Reichweite von +\/- von 100 mm ver\u00e4ndertwerden kann.[\/vc_column_text][mvc_advanced_button btn_animation=&#8220;button&#8211;ujarak&#8220; btn_text=&#8220;Download PDF&#8220; btn_icon=&#8220;fas fa-file-download&#8220; btn_hvrbg=&#8220;#003366&#8243; btn_url=&#8220;url:https%3A%2F%2Fvogelsitze.com%2Farondo-seating-system%2F|target:_blank&#8220;][\/vc_column][vc_column width=&#8220;1\/2&#8243;][vc_single_image image=&#8220;3556&#8243; img_size=&#8220;large&#8220; css_animation=&#8220;fadeInRight&#8220;][\/vc_column][\/vc_row][vc_row][vc_column][vc_separator color=&#8220;black&#8220; border_width=&#8220;2&#8243;][\/vc_column][\/vc_row][vc_row][vc_column width=&#8220;1\/2&#8243;][vc_single_image image=&#8220;4778&#8243; img_size=&#8220;full&#8220; css_animation=&#8220;fadeInLeft&#8220;][\/vc_column][vc_column css_animation=&#8220;fadeInRight&#8220; width=&#8220;1\/2&#8243;][vc_column_text]<\/p>\n<h2>FLEX-SITZE<\/h2>\n<p>[\/vc_column_text][\/vc_column][\/vc_row][vc_row][vc_column][\/vc_column][\/vc_row]<\/p>\n","protected":false},"excerpt":{"rendered":"<p>[vc_row][vc_column][vc_empty_space height=&#8220;50px&#8220;][vc_column_text]REGIONALVERKEHR[\/vc_column_text][\/vc_column][\/vc_row][vc_row][vc_column css_animation=&#8220;fadeInLeft&#8220; width=&#8220;1\/2&#8243;][vc_column_text] ARONDO [\/vc_column_text][vc_column_text]Der moderne Sitz mit bestem Komfort. Ausgestattet mit verschiedenen Anbauteilen erf\u00fcllt das ARONDO Sitzsystem alle Anforderungen an einen Sitzseiner Klasse. Seine Leichtbauweise in Aluminium, der modulare Aufbau,die eingelassenen Polsterelemente mit Schnellwechsel- Bezugssystem trim-o-fix, die leicht zug\u00e4nglichen Bauteile ohne sichtbare Verschraubungen: alle Merkmale sprechen f\u00fcr eine praxisorientierte Konstruktion \u2013 f\u00fcr denpraxisgerechten [&hellip;]<\/p>\n","protected":false},"author":8,"featured_media":0,"parent":0,"menu_order":0,"comment_status":"closed","ping_status":"closed","template":"","meta":{"footnotes":""},"class_list":["post-5245","page","type-page","status-publish","hentry"],"rttpg_featured_image_url":null,"rttpg_author":{"display_name":"\u00d6zcan YARDIMCI","author_link":"https:\/\/vogelsitze.com\/de\/author\/oyardimci\/"},"rttpg_comment":0,"rttpg_category":" <a href=\"https:\/\/vogelsitze.com\/de\/?taxonomy=translation_priority&#038;term=optional\" rel=\"tag\">Optional<\/a>","rttpg_excerpt":"[vc_row][vc_column][vc_empty_space height=&#8220;50px&#8220;][vc_column_text]REGIONALVERKEHR[\/vc_column_text][\/vc_column][\/vc_row][vc_row][vc_column css_animation=&#8220;fadeInLeft&#8220; width=&#8220;1\/2&#8243;][vc_column_text] ARONDO [\/vc_column_text][vc_column_text]Der moderne Sitz mit bestem Komfort. Ausgestattet mit verschiedenen Anbauteilen erf\u00fcllt das ARONDO Sitzsystem alle Anforderungen an einen Sitzseiner Klasse. Seine Leichtbauweise in Aluminium, der modulare Aufbau,die eingelassenen Polsterelemente mit Schnellwechsel- Bezugssystem trim-o-fix, die leicht zug\u00e4nglichen Bauteile ohne sichtbare Verschraubungen: alle Merkmale sprechen f\u00fcr eine praxisorientierte Konstruktion \u2013 f\u00fcr denpraxisgerechten&hellip;","_links":{"self":[{"href":"https:\/\/vogelsitze.com\/de\/wp-json\/wp\/v2\/pages\/5245","targetHints":{"allow":["GET"]}}],"collection":[{"href":"https:\/\/vogelsitze.com\/de\/wp-json\/wp\/v2\/pages"}],"about":[{"href":"https:\/\/vogelsitze.com\/de\/wp-json\/wp\/v2\/types\/page"}],"author":[{"embeddable":true,"href":"https:\/\/vogelsitze.com\/de\/wp-json\/wp\/v2\/users\/8"}],"replies":[{"embeddable":true,"href":"https:\/\/vogelsitze.com\/de\/wp-json\/wp\/v2\/comments?post=5245"}],"version-history":[{"count":9,"href":"https:\/\/vogelsitze.com\/de\/wp-json\/wp\/v2\/pages\/5245\/revisions"}],"predecessor-version":[{"id":5732,"href":"https:\/\/vogelsitze.com\/de\/wp-json\/wp\/v2\/pages\/5245\/revisions\/5732"}],"wp:attachment":[{"href":"https:\/\/vogelsitze.com\/de\/wp-json\/wp\/v2\/media?parent=5245"}],"curies":[{"name":"wp","href":"https:\/\/api.w.org\/{rel}","templated":true}]}}