{"id":5270,"date":"2022-07-28T08:06:26","date_gmt":"2022-07-28T06:06:26","guid":{"rendered":"https:\/\/nifty-chatelet.100-42-184-64.plesk.page\/ueber-uns\/"},"modified":"2022-08-18T15:35:41","modified_gmt":"2022-08-18T13:35:41","slug":"uber-uns","status":"publish","type":"page","link":"https:\/\/vogelsitze.com\/de\/uber-uns\/","title":{"rendered":"\u00dcber Uns"},"content":{"rendered":"<p>[vc_row css=&#8220;.vc_custom_1520677707881{margin-top: -30px !important;}&#8220;][vc_column el_class=&#8220;top_up&#8220;][vc_column_text]<strong style=\"font-size: 45px;\">\u00dcBER UNS<\/strong>[\/vc_column_text][vc_column_text]<\/p>\n<p style=\"text-align: justify;\">In den letzten 60 Jahren haben wir uns in der Bus- und Bahnbranche einen Namen geschaffen, der Verpflichtung und Herausforderung zugleich ist und an den unsere Kunden immer h\u00f6here Anspr\u00fcche stellen. Sie wollen nicht nur ein perfektes Produkt, sondern auch Probleml\u00f6sung, Erfahrung, Zuverl\u00e4ssigkeit, eine vertrauensvolle Gesch\u00e4ftsbeziehung und N\u00e4he. Dieses Komplettpaket bieten wir an \u2013 entweder direkt \u00fcber unsere eigenen Unternehmen oder \u00fcber einen unserer Kooperationspartner in den jeweiligen M\u00e4rkten.<\/p>\n<p>[\/vc_column_text][vc_column_text]<\/p>\n<p style=\"text-align: justify;\">Unsere internationale Ausrichtung durch Partnerunternehmen begann vor \u00fcber 35 Jahren und wir haben diese Struktur kontinuierlich an die sich \u00e4ndernden wirtschaftlichen Bedingungen der einzelnen M\u00e4rkte angepasst. Auf diese Kooperationen werden wir auch in Zukunft weiter bauen. Unsere Partner bringen ihre eigenen Kenntnisse ihrer M\u00e4rkte und ihre eigenen Erfahrungen in die Zusammenarbeit ein \u2013 zum Vorteil aller Beteiligten und zum Vorteil unserer Kunden.<\/p>\n<p>[\/vc_column_text][vc_column_text]<\/p>\n<p style=\"text-align: justify;\">Der Name Vogelsitze\u00ae steht f\u00fcr Qualit\u00e4t, Produktinnovation, Komfort, Sicherheit und zuverl\u00e4ssigen Service. Davon k\u00f6nnen Partner und Kunden in ihren jeweiligen M\u00e4rkten profitieren.<\/p>\n<p>[\/vc_column_text][vc_column_text]<\/p>\n<p style=\"text-align: justify;\">Unsere Partnerunternehmen produzieren und vertreiben vogelsitze\u00ae-Produkte in ihren M\u00e4rkten unter Nutzung des Namens Vogelsitze\u00ae, des technischen und kaufm\u00e4nnischen Know-hows, der Schutzrechte, Pr\u00fcfungen und Akkreditierungen.<\/p>\n<p>[\/vc_column_text][vc_column_text]<\/p>\n<p style=\"text-align: justify;\">Gemeinsam mit unseren Partnern agieren wir als internationale VOGELSITZE-Familie \u2013 immer da, wo der Kunde uns braucht!<\/p>\n<p>[\/vc_column_text][vc_column_text]<\/p>\n<p style=\"text-align: justify;\">Unser Hauptsitz in Karlsruhe ist das Kompetenzzentrum f\u00fcr Entwicklung und Marketing f\u00fcr alle unsere Partner und Werke.<\/p>\n<p>[\/vc_column_text][\/vc_column][\/vc_row]<\/p>\n","protected":false},"excerpt":{"rendered":"<p>[vc_row css=&#8220;.vc_custom_1520677707881{margin-top: -30px !important;}&#8220;][vc_column el_class=&#8220;top_up&#8220;][vc_column_text]\u00dcBER UNS[\/vc_column_text][vc_column_text] In den letzten 60 Jahren haben wir uns in der Bus- und Bahnbranche einen Namen geschaffen, der Verpflichtung und Herausforderung zugleich ist und an den unsere Kunden immer h\u00f6here Anspr\u00fcche stellen. Sie wollen nicht nur ein perfektes Produkt, sondern auch Probleml\u00f6sung, Erfahrung, Zuverl\u00e4ssigkeit, eine vertrauensvolle Gesch\u00e4ftsbeziehung und N\u00e4he. Dieses [&hellip;]<\/p>\n","protected":false},"author":8,"featured_media":0,"parent":0,"menu_order":0,"comment_status":"closed","ping_status":"closed","template":"","meta":{"footnotes":""},"class_list":["post-5270","page","type-page","status-publish","hentry"],"rttpg_featured_image_url":null,"rttpg_author":{"display_name":"\u00d6zcan YARDIMCI","author_link":"https:\/\/vogelsitze.com\/de\/author\/oyardimci\/"},"rttpg_comment":0,"rttpg_category":" <a href=\"https:\/\/vogelsitze.com\/de\/?taxonomy=translation_priority&#038;term=optional\" rel=\"tag\">Optional<\/a>","rttpg_excerpt":"[vc_row css=&#8220;.vc_custom_1520677707881{margin-top: -30px !important;}&#8220;][vc_column el_class=&#8220;top_up&#8220;][vc_column_text]\u00dcBER UNS[\/vc_column_text][vc_column_text] In den letzten 60 Jahren haben wir uns in der Bus- und Bahnbranche einen Namen geschaffen, der Verpflichtung und Herausforderung zugleich ist und an den unsere Kunden immer h\u00f6here Anspr\u00fcche stellen. Sie wollen nicht nur ein perfektes Produkt, sondern auch Probleml\u00f6sung, Erfahrung, Zuverl\u00e4ssigkeit, eine vertrauensvolle Gesch\u00e4ftsbeziehung und N\u00e4he. Dieses&hellip;","_links":{"self":[{"href":"https:\/\/vogelsitze.com\/de\/wp-json\/wp\/v2\/pages\/5270","targetHints":{"allow":["GET"]}}],"collection":[{"href":"https:\/\/vogelsitze.com\/de\/wp-json\/wp\/v2\/pages"}],"about":[{"href":"https:\/\/vogelsitze.com\/de\/wp-json\/wp\/v2\/types\/page"}],"author":[{"embeddable":true,"href":"https:\/\/vogelsitze.com\/de\/wp-json\/wp\/v2\/users\/8"}],"replies":[{"embeddable":true,"href":"https:\/\/vogelsitze.com\/de\/wp-json\/wp\/v2\/comments?post=5270"}],"version-history":[{"count":9,"href":"https:\/\/vogelsitze.com\/de\/wp-json\/wp\/v2\/pages\/5270\/revisions"}],"predecessor-version":[{"id":7091,"href":"https:\/\/vogelsitze.com\/de\/wp-json\/wp\/v2\/pages\/5270\/revisions\/7091"}],"wp:attachment":[{"href":"https:\/\/vogelsitze.com\/de\/wp-json\/wp\/v2\/media?parent=5270"}],"curies":[{"name":"wp","href":"https:\/\/api.w.org\/{rel}","templated":true}]}}