{"id":5485,"date":"2022-07-31T12:22:09","date_gmt":"2022-07-31T10:22:09","guid":{"rendered":"https:\/\/nifty-chatelet.100-42-184-64.plesk.page\/vibration-testing\/"},"modified":"2022-08-18T22:53:54","modified_gmt":"2022-08-18T20:53:54","slug":"vibration-testing","status":"publish","type":"page","link":"https:\/\/vogelsitze.com\/de\/vibration-testing\/","title":{"rendered":"Vibrationspr\u00fcfung"},"content":{"rendered":"<p>[vc_row content_placement=&#8220;top&#8220;][vc_column el_class=&#8220;top_up_testing&#8220;][vc_empty_space el_id=&#8220;headerText&#8220;][vc_column_text]<strong style=\"font-size: 45px;\">Vibrationspr\u00fcfung (R\u00fcttler-Test)<\/strong>[\/vc_column_text][vc_column_text]<\/p>\n<p style=\"text-align: justify;\">Wir bieten in unserem Testzentrum Testservice der Vibrationspr\u00fcfung, mit hochwertiger Ausr\u00fcstung, Simulation der Dauerpr\u00fcfung der Sitze. Wir testen mit den Methoden, die zur Verifizierung verwendet werden sollen. Dynamik ist entscheidend, um m\u00f6gliche M\u00e4ngel zu identifizieren, die zur Gef\u00e4hrdung der Verkehrssicherheit f\u00fchren k\u00f6nnten.<\/p>\n<p style=\"text-align: justify;\">Unser Hexapod Antriebsr\u00fcttler-Testsystem testet die Schlagz\u00e4higkeit sowie Zuverl\u00e4ssigkeit verschiedener Vibrationstestanwendungen. Im Labor k\u00f6nnen mit Hilfe eines Schwingungspr\u00fcfsystems Simulationen der Reproduktion von sinusf\u00f6rmigen, zuf\u00e4lligen, resonanten Such- und Verweil-, klassischen Schock- und Stra\u00dfenmodellen usw. durchgef\u00fchrt werden. Sie ist essentiell f\u00fcr die Produktqualit\u00e4tssicherung, die Forschung und Entwicklung neuer Produkte. sind aufgrund der sechs Freiheitsgrade (6DoF) Mobilit\u00e4t in alle Richtungen plus Umdrehungen um alle Achsen ideal f\u00fcr die Pr\u00fcfaufgabe geeignet. Zu den wichtigsten Pr\u00fcfschritten nach Norm geh\u00f6ren die Messung der Steifigkeitskennlinien sowie die Simulation der dynamischen Belastungen als Lebensdauertest.<\/p>\n<p style=\"text-align: justify;\">Unsere Hexamove-Steuerung automatisiert diese Testfunktionen. Eine besondere St\u00e4rke ist, dass Weg- und Kraftsteuerung in den verschiedenen Freiheitsgraden vermischt werden k\u00f6nnen. So steuert der Pr\u00fcfstand die simulierte Belastung als Kraftregelung, w\u00e4hrend horizontale Verschiebungen oder Drehungen als Bahn und Winkel gesteuert werden. Das Koordinatensystem kann je nach Bedarf frei auf den Pr\u00fcfling \u00fcbertragen werden, so dass sich Rotationen auch auf die Referenzpunkte beziehen.<\/p>\n<p>[\/vc_column_text][\/vc_column][\/vc_row]<\/p>\n","protected":false},"excerpt":{"rendered":"<p>[vc_row content_placement=&#8220;top&#8220;][vc_column el_class=&#8220;top_up_testing&#8220;][vc_empty_space el_id=&#8220;headerText&#8220;][vc_column_text]Vibrationspr\u00fcfung (R\u00fcttler-Test)[\/vc_column_text][vc_column_text] Wir bieten in unserem Testzentrum Testservice der Vibrationspr\u00fcfung, mit hochwertiger Ausr\u00fcstung, Simulation der Dauerpr\u00fcfung der Sitze. Wir testen mit den Methoden, die zur Verifizierung verwendet werden sollen. Dynamik ist entscheidend, um m\u00f6gliche M\u00e4ngel zu identifizieren, die zur Gef\u00e4hrdung der Verkehrssicherheit f\u00fchren k\u00f6nnten. Unser Hexapod Antriebsr\u00fcttler-Testsystem testet die Schlagz\u00e4higkeit sowie Zuverl\u00e4ssigkeit [&hellip;]<\/p>\n","protected":false},"author":8,"featured_media":0,"parent":0,"menu_order":0,"comment_status":"closed","ping_status":"closed","template":"","meta":{"footnotes":""},"class_list":["post-5485","page","type-page","status-publish","hentry"],"rttpg_featured_image_url":null,"rttpg_author":{"display_name":"\u00d6zcan YARDIMCI","author_link":"https:\/\/vogelsitze.com\/de\/author\/oyardimci\/"},"rttpg_comment":0,"rttpg_category":" <a href=\"https:\/\/vogelsitze.com\/de\/?taxonomy=translation_priority&#038;term=optional\" rel=\"tag\">Optional<\/a>","rttpg_excerpt":"[vc_row content_placement=&#8220;top&#8220;][vc_column el_class=&#8220;top_up_testing&#8220;][vc_empty_space el_id=&#8220;headerText&#8220;][vc_column_text]Vibrationspr\u00fcfung (R\u00fcttler-Test)[\/vc_column_text][vc_column_text] Wir bieten in unserem Testzentrum Testservice der Vibrationspr\u00fcfung, mit hochwertiger Ausr\u00fcstung, Simulation der Dauerpr\u00fcfung der Sitze. Wir testen mit den Methoden, die zur Verifizierung verwendet werden sollen. Dynamik ist entscheidend, um m\u00f6gliche M\u00e4ngel zu identifizieren, die zur Gef\u00e4hrdung der Verkehrssicherheit f\u00fchren k\u00f6nnten. Unser Hexapod Antriebsr\u00fcttler-Testsystem testet die Schlagz\u00e4higkeit sowie Zuverl\u00e4ssigkeit&hellip;","_links":{"self":[{"href":"https:\/\/vogelsitze.com\/de\/wp-json\/wp\/v2\/pages\/5485","targetHints":{"allow":["GET"]}}],"collection":[{"href":"https:\/\/vogelsitze.com\/de\/wp-json\/wp\/v2\/pages"}],"about":[{"href":"https:\/\/vogelsitze.com\/de\/wp-json\/wp\/v2\/types\/page"}],"author":[{"embeddable":true,"href":"https:\/\/vogelsitze.com\/de\/wp-json\/wp\/v2\/users\/8"}],"replies":[{"embeddable":true,"href":"https:\/\/vogelsitze.com\/de\/wp-json\/wp\/v2\/comments?post=5485"}],"version-history":[{"count":15,"href":"https:\/\/vogelsitze.com\/de\/wp-json\/wp\/v2\/pages\/5485\/revisions"}],"predecessor-version":[{"id":5593,"href":"https:\/\/vogelsitze.com\/de\/wp-json\/wp\/v2\/pages\/5485\/revisions\/5593"}],"wp:attachment":[{"href":"https:\/\/vogelsitze.com\/de\/wp-json\/wp\/v2\/media?parent=5485"}],"curies":[{"name":"wp","href":"https:\/\/api.w.org\/{rel}","templated":true}]}}