{"id":5683,"date":"2022-08-01T14:28:09","date_gmt":"2022-08-01T12:28:09","guid":{"rendered":"https:\/\/nifty-chatelet.100-42-184-64.plesk.page\/vision-2\/"},"modified":"2022-08-18T15:38:36","modified_gmt":"2022-08-18T13:38:36","slug":"vision-2","status":"publish","type":"page","link":"https:\/\/vogelsitze.com\/de\/vision-2\/","title":{"rendered":"Vision"},"content":{"rendered":"<p>[vc_row css=&#8220;.vc_custom_1520677707881{margin-top: -30px !important;}&#8220;][vc_column el_class=&#8220;top_up&#8220;][vc_column_text]<strong style=\"font-size: 45px;\">VISION<\/strong>[\/vc_column_text][vc_column_text]<\/p>\n<p style=\"text-align: justify;\">Wir, die Vogelsitze GmbH, verfolgen das Ziel, durch prozessorientierte Strategien Sitzsysteme und Sitzkomponenten auf h\u00f6chstem Qualit\u00e4tsniveau wettbewerbsf\u00e4hig und wirtschaftlich zu entwickeln und herzustellen.<\/p>\n<p>Dabei ist sicherzustellen, dass Kundenforderungen, geltende Gesetze und der Schutz der Werte im Unternehmen ber\u00fccksichtigt sowie die Lieferanten zur Ber\u00fccksichtigung dieser verpflichtet werden.<\/p>\n<p>[\/vc_column_text][\/vc_column][\/vc_row]<\/p>\n","protected":false},"excerpt":{"rendered":"<p>[vc_row css=&#8220;.vc_custom_1520677707881{margin-top: -30px !important;}&#8220;][vc_column el_class=&#8220;top_up&#8220;][vc_column_text]VISION[\/vc_column_text][vc_column_text] Wir, die Vogelsitze GmbH, verfolgen das Ziel, durch prozessorientierte Strategien Sitzsysteme und Sitzkomponenten auf h\u00f6chstem Qualit\u00e4tsniveau wettbewerbsf\u00e4hig und wirtschaftlich zu entwickeln und herzustellen. Dabei ist sicherzustellen, dass Kundenforderungen, geltende Gesetze und der Schutz der Werte im Unternehmen ber\u00fccksichtigt sowie die Lieferanten zur Ber\u00fccksichtigung dieser verpflichtet werden. [\/vc_column_text][\/vc_column][\/vc_row]<\/p>\n","protected":false},"author":8,"featured_media":0,"parent":0,"menu_order":0,"comment_status":"closed","ping_status":"closed","template":"","meta":{"footnotes":""},"class_list":["post-5683","page","type-page","status-publish","hentry"],"rttpg_featured_image_url":null,"rttpg_author":{"display_name":"\u00d6zcan YARDIMCI","author_link":"https:\/\/vogelsitze.com\/de\/author\/oyardimci\/"},"rttpg_comment":0,"rttpg_category":" <a href=\"https:\/\/vogelsitze.com\/de\/?taxonomy=translation_priority&#038;term=optional\" rel=\"tag\">Optional<\/a>","rttpg_excerpt":"[vc_row css=&#8220;.vc_custom_1520677707881{margin-top: -30px !important;}&#8220;][vc_column el_class=&#8220;top_up&#8220;][vc_column_text]VISION[\/vc_column_text][vc_column_text] Wir, die Vogelsitze GmbH, verfolgen das Ziel, durch prozessorientierte Strategien Sitzsysteme und Sitzkomponenten auf h\u00f6chstem Qualit\u00e4tsniveau wettbewerbsf\u00e4hig und wirtschaftlich zu entwickeln und herzustellen. Dabei ist sicherzustellen, dass Kundenforderungen, geltende Gesetze und der Schutz der Werte im Unternehmen ber\u00fccksichtigt sowie die Lieferanten zur Ber\u00fccksichtigung dieser verpflichtet werden. [\/vc_column_text][\/vc_column][\/vc_row]","_links":{"self":[{"href":"https:\/\/vogelsitze.com\/de\/wp-json\/wp\/v2\/pages\/5683","targetHints":{"allow":["GET"]}}],"collection":[{"href":"https:\/\/vogelsitze.com\/de\/wp-json\/wp\/v2\/pages"}],"about":[{"href":"https:\/\/vogelsitze.com\/de\/wp-json\/wp\/v2\/types\/page"}],"author":[{"embeddable":true,"href":"https:\/\/vogelsitze.com\/de\/wp-json\/wp\/v2\/users\/8"}],"replies":[{"embeddable":true,"href":"https:\/\/vogelsitze.com\/de\/wp-json\/wp\/v2\/comments?post=5683"}],"version-history":[{"count":6,"href":"https:\/\/vogelsitze.com\/de\/wp-json\/wp\/v2\/pages\/5683\/revisions"}],"predecessor-version":[{"id":7099,"href":"https:\/\/vogelsitze.com\/de\/wp-json\/wp\/v2\/pages\/5683\/revisions\/7099"}],"wp:attachment":[{"href":"https:\/\/vogelsitze.com\/de\/wp-json\/wp\/v2\/media?parent=5683"}],"curies":[{"name":"wp","href":"https:\/\/api.w.org\/{rel}","templated":true}]}}