{"id":5688,"date":"2022-08-01T14:31:58","date_gmt":"2022-08-01T12:31:58","guid":{"rendered":"https:\/\/nifty-chatelet.100-42-184-64.plesk.page\/mission-2\/"},"modified":"2022-08-18T15:48:29","modified_gmt":"2022-08-18T13:48:29","slug":"mission-2","status":"publish","type":"page","link":"https:\/\/vogelsitze.com\/de\/mission-2\/","title":{"rendered":"Mission"},"content":{"rendered":"<p>[vc_row css=&#8220;.vc_custom_1520677707881{margin-top: -30px !important;}&#8220;][vc_column el_class=&#8220;top_up&#8220;][vc_column_text]<strong style=\"font-size: 45px;\">MISSION<\/strong>[\/vc_column_text][vc_column_text]<\/p>\n<p style=\"text-align: justify;\">Eine starke und stabile Leistung in <strong>finanzieller<\/strong> Hinsicht zu zeigen. Unsere Gewinnorientierung zum Wohle unseres Unternehmens, unserer Aktion\u00e4re und Mitarbeiter hat einen hohen Stellenwert.<\/p>\n<p>[\/vc_column_text][vc_column_text]<\/p>\n<p style=\"text-align: justify;\"><strong>Kundenzufriedenheit<\/strong> steht bei uns im Mittelpunkt. Der Wettbewerb besteht darin, in jedem Markt einen umfassenden Service anzubieten und den zu zahlenden Preis anzugeben.<\/p>\n<p>[\/vc_column_text][vc_column_text]<\/p>\n<p style=\"text-align: justify;\">Wir planen und handeln absolut <strong>umweltbewusst<\/strong>.<\/p>\n<p>[\/vc_column_text][vc_column_text]<\/p>\n<p style=\"text-align: justify;\">Die <strong>Qualit\u00e4t<\/strong> unserer Leistung bestimmt unseren Erfolg am Markt und hat dementsprechend einen hohen Stellenwert.<\/p>\n<p>[\/vc_column_text][vc_column_text]<\/p>\n<p style=\"text-align: justify;\">Wir sind ein Innovator mit intensiver F&amp;E und hoher <strong>technologischer Kompetenz<\/strong>. Wir schaffen neue M\u00e4rkte durch zukunftsweisende Probleml\u00f6sungen und schnelle Produkteinf\u00fchrungen.<\/p>\n<p>[\/vc_column_text][vc_column_text]<\/p>\n<p style=\"text-align: justify;\">Unser Unternehmen lebt ma\u00dfgeblich von unseren <strong>Mitarbeitern<\/strong>. Ein Arbeitsumfeld zu schaffen, das unsere Mitarbeiter, die am Erfolg unseres Unternehmens teilhaben, anzieht, h\u00e4lt und entwickelt.<\/p>\n<p>[\/vc_column_text][\/vc_column][\/vc_row]<\/p>\n","protected":false},"excerpt":{"rendered":"<p>[vc_row css=&#8220;.vc_custom_1520677707881{margin-top: -30px !important;}&#8220;][vc_column el_class=&#8220;top_up&#8220;][vc_column_text]MISSION[\/vc_column_text][vc_column_text] Eine starke und stabile Leistung in finanzieller Hinsicht zu zeigen. Unsere Gewinnorientierung zum Wohle unseres Unternehmens, unserer Aktion\u00e4re und Mitarbeiter hat einen hohen Stellenwert. [\/vc_column_text][vc_column_text] Kundenzufriedenheit steht bei uns im Mittelpunkt. Der Wettbewerb besteht darin, in jedem Markt einen umfassenden Service anzubieten und den zu zahlenden Preis anzugeben. [\/vc_column_text][vc_column_text] Wir [&hellip;]<\/p>\n","protected":false},"author":8,"featured_media":0,"parent":0,"menu_order":0,"comment_status":"closed","ping_status":"closed","template":"","meta":{"footnotes":""},"class_list":["post-5688","page","type-page","status-publish","hentry"],"rttpg_featured_image_url":null,"rttpg_author":{"display_name":"\u00d6zcan YARDIMCI","author_link":"https:\/\/vogelsitze.com\/de\/author\/oyardimci\/"},"rttpg_comment":0,"rttpg_category":" <a href=\"https:\/\/vogelsitze.com\/de\/?taxonomy=translation_priority&#038;term=optional\" rel=\"tag\">Optional<\/a>","rttpg_excerpt":"[vc_row css=&#8220;.vc_custom_1520677707881{margin-top: -30px !important;}&#8220;][vc_column el_class=&#8220;top_up&#8220;][vc_column_text]MISSION[\/vc_column_text][vc_column_text] Eine starke und stabile Leistung in finanzieller Hinsicht zu zeigen. Unsere Gewinnorientierung zum Wohle unseres Unternehmens, unserer Aktion\u00e4re und Mitarbeiter hat einen hohen Stellenwert. [\/vc_column_text][vc_column_text] Kundenzufriedenheit steht bei uns im Mittelpunkt. Der Wettbewerb besteht darin, in jedem Markt einen umfassenden Service anzubieten und den zu zahlenden Preis anzugeben. [\/vc_column_text][vc_column_text] Wir&hellip;","_links":{"self":[{"href":"https:\/\/vogelsitze.com\/de\/wp-json\/wp\/v2\/pages\/5688","targetHints":{"allow":["GET"]}}],"collection":[{"href":"https:\/\/vogelsitze.com\/de\/wp-json\/wp\/v2\/pages"}],"about":[{"href":"https:\/\/vogelsitze.com\/de\/wp-json\/wp\/v2\/types\/page"}],"author":[{"embeddable":true,"href":"https:\/\/vogelsitze.com\/de\/wp-json\/wp\/v2\/users\/8"}],"replies":[{"embeddable":true,"href":"https:\/\/vogelsitze.com\/de\/wp-json\/wp\/v2\/comments?post=5688"}],"version-history":[{"count":10,"href":"https:\/\/vogelsitze.com\/de\/wp-json\/wp\/v2\/pages\/5688\/revisions"}],"predecessor-version":[{"id":7101,"href":"https:\/\/vogelsitze.com\/de\/wp-json\/wp\/v2\/pages\/5688\/revisions\/7101"}],"wp:attachment":[{"href":"https:\/\/vogelsitze.com\/de\/wp-json\/wp\/v2\/media?parent=5688"}],"curies":[{"name":"wp","href":"https:\/\/api.w.org\/{rel}","templated":true}]}}