{"id":6561,"date":"2022-08-10T09:03:39","date_gmt":"2022-08-10T07:03:39","guid":{"rendered":"https:\/\/nifty-chatelet.100-42-184-64.plesk.page\/nachhaltige-produkte\/"},"modified":"2022-08-18T22:38:59","modified_gmt":"2022-08-18T20:38:59","slug":"nachhaltige-produkte","status":"publish","type":"page","link":"https:\/\/vogelsitze.com\/de\/nachhaltige-produkte\/","title":{"rendered":"Nachhaltige Produkte"},"content":{"rendered":"<p>[vc_row][vc_column][vc_row_inner][vc_column_inner width=&#8220;1\/2&#8243;][vc_column_text]<strong style=\"font-size: 30px;\">Kreislaufwirtschaft<\/strong>[\/vc_column_text][vc_column_text]<\/p>\n<p style=\"text-align: justify;\">Wir wollen unsere Produkte \u00fcber ihren gesamten Lebenszyklus nachhaltig gestalten \u2013 von der Beschaffung und Produktion \u00fcber die Nutzung, R\u00fccknahme und Wiederaufarbeitung bis hin zum Recycling und der Wiederverwendung von Materialien.<\/p>\n<p style=\"text-align: justify;\">Vogelsitze setzt sich f\u00fcr nachhaltige Materialien ein und wir setzen diese \u00c4nderungen in unserer Passagiersitzentwicklung um.<\/p>\n<p style=\"text-align: justify;\">Nachhaltige Materialien sind ein Startpunkt, um netto CO2-neutral zu werden. Recycelte PET-Flaschen werden zermahlen und zu einem Polyestergarn verarbeitet, um einen Sitzbezug herzustellen. Die Aluminiumprofile und die Struktur des Sitzes sind ebenfalls aus CO2-armem Aluminium produziert.<\/p>\n<p style=\"text-align: justify;\">Wir sind nicht weit davon entfernt, einen Sitz zu haben, der vollst\u00e4ndig aus nachwachsenden Rohstoffen besteht.<\/p>\n<p style=\"text-align: justify;\">Vogelsitze wird weiterhin mit innovativen und umweltfreundlichen Materialien experimentieren.<\/p>\n<p>[\/vc_column_text][\/vc_column_inner][vc_column_inner width=&#8220;1\/2&#8243;][vc_empty_space height=&#8220;100px&#8220;][vc_single_image image=&#8220;6182&#8243; img_size=&#8220;full&#8220; alignment=&#8220;center&#8220;][\/vc_column_inner][\/vc_row_inner][vc_empty_space height=&#8220;50px&#8220;][vc_separator color=&#8220;black&#8220; border_width=&#8220;2&#8243;][vc_empty_space height=&#8220;50px&#8220;][vc_row_inner][vc_column_inner width=&#8220;1\/2&#8243;][vc_column_text]<strong style=\"font-size: 30px;\">Kunststoff<\/strong>[\/vc_column_text][vc_column_text]<\/p>\n<p style=\"text-align: justify;\">Etwa 40 verschiedene Arten von Basiskunststoffen und Polymeren werden heute h\u00e4ufig zur Herstellung von Fahrzeugen verwendet. Der Gro\u00dfteil der Kunststoffe wird aus Erd\u00f6l- und Erdgasrohstoffen gewonnen, und wenn Fahrzeuge ausgemustert werden, werden diese Materialien in der Regel auf Deponien entsorgt.<\/p>\n<p style=\"text-align: justify;\">Vogelsitze f\u00fchrt Produkte aus nat\u00fcrlichen und recycelten Materialien ein, um den Kunststoffverbrauch zu ersetzen und zu reduzieren.<\/p>\n<p>[\/vc_column_text][\/vc_column_inner][vc_column_inner width=&#8220;1\/2&#8243;][vc_single_image image=&#8220;6095&#8243; img_size=&#8220;full&#8220; alignment=&#8220;center&#8220;][\/vc_column_inner][\/vc_row_inner][vc_empty_space height=&#8220;50px&#8220;][vc_separator color=&#8220;black&#8220; border_width=&#8220;2&#8243;][vc_empty_space height=&#8220;50px&#8220;][vc_row_inner][vc_column_inner width=&#8220;1\/2&#8243;][vc_column_text]<strong style=\"font-size: 30px;\">Sitzbezug<\/strong>[\/vc_column_text][vc_column_text]<\/p>\n<p style=\"text-align: justify;\">Wir treiben unsere Bem\u00fchungen in allen Bereichen der Nachhaltigkeit &#8211; nicht nur in den Kohlenstoffemissionen &#8211; weiter voran. Wir entwickeln Sitzbezugsmaterial, das aus Textilien aus recyceltem Material wie PET-Flaschen besteht.<\/p>\n<p>[\/vc_column_text][\/vc_column_inner][vc_column_inner width=&#8220;1\/2&#8243;][vc_single_image image=&#8220;6270&#8243; img_size=&#8220;medium&#8220; alignment=&#8220;center&#8220; css=&#8220;.vc_custom_1660028429441{margin-top: -30px !important;}&#8220;][\/vc_column_inner][\/vc_row_inner][\/vc_column][\/vc_row]<\/p>\n","protected":false},"excerpt":{"rendered":"<p>[vc_row][vc_column][vc_row_inner][vc_column_inner width=&#8220;1\/2&#8243;][vc_column_text]Kreislaufwirtschaft[\/vc_column_text][vc_column_text] Wir wollen unsere Produkte \u00fcber ihren gesamten Lebenszyklus nachhaltig gestalten \u2013 von der Beschaffung und Produktion \u00fcber die Nutzung, R\u00fccknahme und Wiederaufarbeitung bis hin zum Recycling und der Wiederverwendung von Materialien. Vogelsitze setzt sich f\u00fcr nachhaltige Materialien ein und wir setzen diese \u00c4nderungen in unserer Passagiersitzentwicklung um. Nachhaltige Materialien sind ein Startpunkt, um [&hellip;]<\/p>\n","protected":false},"author":4,"featured_media":0,"parent":0,"menu_order":0,"comment_status":"closed","ping_status":"closed","template":"","meta":{"footnotes":""},"class_list":["post-6561","page","type-page","status-publish","hentry"],"rttpg_featured_image_url":null,"rttpg_author":{"display_name":"Bilgi \u0130slem","author_link":"https:\/\/vogelsitze.com\/de\/author\/admin\/"},"rttpg_comment":0,"rttpg_category":" <a href=\"https:\/\/vogelsitze.com\/de\/?taxonomy=translation_priority&#038;term=optional\" rel=\"tag\">Optional<\/a>","rttpg_excerpt":"[vc_row][vc_column][vc_row_inner][vc_column_inner width=&#8220;1\/2&#8243;][vc_column_text]Kreislaufwirtschaft[\/vc_column_text][vc_column_text] Wir wollen unsere Produkte \u00fcber ihren gesamten Lebenszyklus nachhaltig gestalten \u2013 von der Beschaffung und Produktion \u00fcber die Nutzung, R\u00fccknahme und Wiederaufarbeitung bis hin zum Recycling und der Wiederverwendung von Materialien. Vogelsitze setzt sich f\u00fcr nachhaltige Materialien ein und wir setzen diese \u00c4nderungen in unserer Passagiersitzentwicklung um. Nachhaltige Materialien sind ein Startpunkt, um&hellip;","_links":{"self":[{"href":"https:\/\/vogelsitze.com\/de\/wp-json\/wp\/v2\/pages\/6561","targetHints":{"allow":["GET"]}}],"collection":[{"href":"https:\/\/vogelsitze.com\/de\/wp-json\/wp\/v2\/pages"}],"about":[{"href":"https:\/\/vogelsitze.com\/de\/wp-json\/wp\/v2\/types\/page"}],"author":[{"embeddable":true,"href":"https:\/\/vogelsitze.com\/de\/wp-json\/wp\/v2\/users\/4"}],"replies":[{"embeddable":true,"href":"https:\/\/vogelsitze.com\/de\/wp-json\/wp\/v2\/comments?post=6561"}],"version-history":[{"count":5,"href":"https:\/\/vogelsitze.com\/de\/wp-json\/wp\/v2\/pages\/6561\/revisions"}],"predecessor-version":[{"id":7121,"href":"https:\/\/vogelsitze.com\/de\/wp-json\/wp\/v2\/pages\/6561\/revisions\/7121"}],"wp:attachment":[{"href":"https:\/\/vogelsitze.com\/de\/wp-json\/wp\/v2\/media?parent=6561"}],"curies":[{"name":"wp","href":"https:\/\/api.w.org\/{rel}","templated":true}]}}