{"id":6565,"date":"2022-08-10T09:05:01","date_gmt":"2022-08-10T07:05:01","guid":{"rendered":"https:\/\/nifty-chatelet.100-42-184-64.plesk.page\/soziale-nachhaltigkeit-2\/"},"modified":"2022-08-18T22:38:23","modified_gmt":"2022-08-18T20:38:23","slug":"soziale-nachhaltigkeit-2","status":"publish","type":"page","link":"https:\/\/vogelsitze.com\/de\/soziale-nachhaltigkeit-2\/","title":{"rendered":"Soziale Nachhaltigkeit"},"content":{"rendered":"<p>[vc_row][vc_column][vc_row_inner][vc_column_inner width=&#8220;1\/2&#8243;][vc_column_text]<strong style=\"font-size: 30px;\">Risiken Erkennen, Arbeitsunf\u00e4lle Vermeiden<\/strong>[\/vc_column_text][vc_column_text]<\/p>\n<p style=\"text-align: justify;\">Unf\u00e4lle zu vermeiden und Sicherheit am Arbeitsplatz zu gew\u00e4hrleisten, ist zentraler Teil unserer Verantwortung als Arbeitgeber.<\/p>\n<p style=\"text-align: justify;\">Ein Schl\u00fcssel zu unserem Erfolg liegt darin, gef\u00e4hrliche Situationen zu erkennen, bevor ein Unfall entsteht. Deshalb liegt einer unserer Schwerpunkte auf Schulungen und Sensibilisierungsma\u00dfnahmen, um Risiken fr\u00fchzeitig zu erkennen und Arbeitsunf\u00e4lle zu vermeiden. Mit innovativen Konzepten und neuen Techniken gestalten wir das Angebot f\u00fcr unsere Mitarbeiter attraktiv und abwechslungsreich.<\/p>\n<p>[\/vc_column_text][vc_empty_space height=&#8220;110px&#8220;][\/vc_column_inner][vc_column_inner width=&#8220;1\/2&#8243;][vc_single_image image=&#8220;6455&#8243; img_size=&#8220;full&#8220; alignment=&#8220;center&#8220; css=&#8220;.vc_custom_1660043202038{margin-top: 10px !important;}&#8220;][vc_empty_space height=&#8220;75px&#8220;][vc_separator color=&#8220;black&#8220; border_width=&#8220;2&#8243;][\/vc_column_inner][\/vc_row_inner][vc_row_inner][vc_column_inner width=&#8220;1\/2&#8243;][vc_column_text]<strong style=\"font-size: 30px;\">Gesundheitsschutz<\/strong>[\/vc_column_text][vc_column_text]<\/p>\n<p style=\"text-align: justify;\">Die individuelle Gesundheit ist f\u00fcr die Motivation und Zufriedenheit der Besch\u00e4ftigten und auch f\u00fcr Vogelsitze als Unternehmen von entscheidender Bedeutung. Wir haben den Gesundheitsschutz deshalb in unsere Arbeitsgrunds\u00e4tze aufgenommen und zum festen Bestandteil unserer Unternehmenskultur gemacht.<\/p>\n<p style=\"text-align: justify;\">Unser betriebliches Gesundheitsmanagement deckt ein breites Spektrum von Themen ab: Es reicht von der medizinischen Vorsorge und dem Erhalt der k\u00f6rperlichen und geistigen Leistungsf\u00e4higkeit \u00fcber die psychische Gesundheit bis hin zu Ern\u00e4hrungstipps und der Arbeitsplatzgestaltung.<\/p>\n<p>[\/vc_column_text][\/vc_column_inner][vc_column_inner width=&#8220;1\/2&#8243;][vc_single_image image=&#8220;6457&#8243; img_size=&#8220;full&#8220; alignment=&#8220;center&#8220;][\/vc_column_inner][\/vc_row_inner][\/vc_column][\/vc_row]<\/p>\n","protected":false},"excerpt":{"rendered":"<p>[vc_row][vc_column][vc_row_inner][vc_column_inner width=&#8220;1\/2&#8243;][vc_column_text]Risiken Erkennen, Arbeitsunf\u00e4lle Vermeiden[\/vc_column_text][vc_column_text] Unf\u00e4lle zu vermeiden und Sicherheit am Arbeitsplatz zu gew\u00e4hrleisten, ist zentraler Teil unserer Verantwortung als Arbeitgeber. Ein Schl\u00fcssel zu unserem Erfolg liegt darin, gef\u00e4hrliche Situationen zu erkennen, bevor ein Unfall entsteht. Deshalb liegt einer unserer Schwerpunkte auf Schulungen und Sensibilisierungsma\u00dfnahmen, um Risiken fr\u00fchzeitig zu erkennen und Arbeitsunf\u00e4lle zu vermeiden. Mit [&hellip;]<\/p>\n","protected":false},"author":4,"featured_media":0,"parent":0,"menu_order":0,"comment_status":"closed","ping_status":"closed","template":"","meta":{"footnotes":""},"class_list":["post-6565","page","type-page","status-publish","hentry"],"rttpg_featured_image_url":null,"rttpg_author":{"display_name":"Bilgi \u0130slem","author_link":"https:\/\/vogelsitze.com\/de\/author\/admin\/"},"rttpg_comment":0,"rttpg_category":" <a href=\"https:\/\/vogelsitze.com\/de\/?taxonomy=translation_priority&#038;term=optional\" rel=\"tag\">Optional<\/a>","rttpg_excerpt":"[vc_row][vc_column][vc_row_inner][vc_column_inner width=&#8220;1\/2&#8243;][vc_column_text]Risiken Erkennen, Arbeitsunf\u00e4lle Vermeiden[\/vc_column_text][vc_column_text] Unf\u00e4lle zu vermeiden und Sicherheit am Arbeitsplatz zu gew\u00e4hrleisten, ist zentraler Teil unserer Verantwortung als Arbeitgeber. Ein Schl\u00fcssel zu unserem Erfolg liegt darin, gef\u00e4hrliche Situationen zu erkennen, bevor ein Unfall entsteht. Deshalb liegt einer unserer Schwerpunkte auf Schulungen und Sensibilisierungsma\u00dfnahmen, um Risiken fr\u00fchzeitig zu erkennen und Arbeitsunf\u00e4lle zu vermeiden. Mit&hellip;","_links":{"self":[{"href":"https:\/\/vogelsitze.com\/de\/wp-json\/wp\/v2\/pages\/6565","targetHints":{"allow":["GET"]}}],"collection":[{"href":"https:\/\/vogelsitze.com\/de\/wp-json\/wp\/v2\/pages"}],"about":[{"href":"https:\/\/vogelsitze.com\/de\/wp-json\/wp\/v2\/types\/page"}],"author":[{"embeddable":true,"href":"https:\/\/vogelsitze.com\/de\/wp-json\/wp\/v2\/users\/4"}],"replies":[{"embeddable":true,"href":"https:\/\/vogelsitze.com\/de\/wp-json\/wp\/v2\/comments?post=6565"}],"version-history":[{"count":8,"href":"https:\/\/vogelsitze.com\/de\/wp-json\/wp\/v2\/pages\/6565\/revisions"}],"predecessor-version":[{"id":7120,"href":"https:\/\/vogelsitze.com\/de\/wp-json\/wp\/v2\/pages\/6565\/revisions\/7120"}],"wp:attachment":[{"href":"https:\/\/vogelsitze.com\/de\/wp-json\/wp\/v2\/media?parent=6565"}],"curies":[{"name":"wp","href":"https:\/\/api.w.org\/{rel}","templated":true}]}}