{"id":6846,"date":"2022-08-15T14:49:58","date_gmt":"2022-08-15T12:49:58","guid":{"rendered":"https:\/\/nifty-chatelet.100-42-184-64.plesk.page\/lieferanten\/"},"modified":"2022-08-18T22:47:24","modified_gmt":"2022-08-18T20:47:24","slug":"lieferanten","status":"publish","type":"page","link":"https:\/\/vogelsitze.com\/de\/lieferanten\/","title":{"rendered":"Lieferanten"},"content":{"rendered":"<p>[vc_row css=&#8220;.vc_custom_1520677707881{margin-top: -30px !important;}&#8220;][vc_column][vc_row_inner][vc_column_inner][vc_column_text]<\/p>\n<p style=\"font-size: 30px;\"><strong>Lieferanten<\/strong><\/p>\n<p>[\/vc_column_text][\/vc_column_inner][\/vc_row_inner][vc_column_text]<\/p>\n<p style=\"text-align: justify;\">Wir w\u00e4hlen die besten und wettbewerbsf\u00e4higsten Lieferanten zur Zusammenarbeit aus, um Innovationen zu entwickeln und L\u00f6sungen auf Weltklasse-Niveau zu liefern.<\/p>\n<p>[\/vc_column_text][vc_column_text]<\/p>\n<p style=\"text-align: justify;\">Die Zusammenarbeit mit unseren Lieferanten ist ein wesentlicher Aspekt unserer Philosophie. Wir wissen, dass sich Qualit\u00e4t nicht nur im Produkt widerspiegelt, sondern den gesamten Produktionsprozess betrifft. Deshalb suchen wir auch \u00fcber die Grenzen der Automobilindustrie hinaus nach Innovationen. Gemeinsam liefern wir bereits heute bahnbrechende Technologien und weisen den Weg f\u00fcr die nachhaltige Mobilit\u00e4t der Zukunft.<\/p>\n<p>[\/vc_column_text][vc_column_text]<\/p>\n<p style=\"font-size: 30px;\"><strong>Liefer- und Gesch\u00e4ftsbedingungen<\/strong><\/p>\n<p>[\/vc_column_text][vc_column_text]<\/p>\n<p style=\"text-align: justify;\">W\u00e4hlen Sie die Region des belieferten Vogelsitze-Standorts, um die jeweiligen Liefer- und Einkaufsbedingungen anzuzeigen:<\/p>\n<p>[\/vc_column_text][vc_btn title=&#8220;Europa&#8220; color=&#8220;danger&#8220; link=&#8220;url:https%3A%2F%2Fvogelsitze.com%2Fde%2Flieferanteninformation%2F|title:Lieferanteninformation|target:_blank&#8220;][\/vc_column][\/vc_row]<\/p>\n","protected":false},"excerpt":{"rendered":"<p>[vc_row css=&#8220;.vc_custom_1520677707881{margin-top: -30px !important;}&#8220;][vc_column][vc_row_inner][vc_column_inner][vc_column_text] Lieferanten [\/vc_column_text][\/vc_column_inner][\/vc_row_inner][vc_column_text] Wir w\u00e4hlen die besten und wettbewerbsf\u00e4higsten Lieferanten zur Zusammenarbeit aus, um Innovationen zu entwickeln und L\u00f6sungen auf Weltklasse-Niveau zu liefern. [\/vc_column_text][vc_column_text] Die Zusammenarbeit mit unseren Lieferanten ist ein wesentlicher Aspekt unserer Philosophie. Wir wissen, dass sich Qualit\u00e4t nicht nur im Produkt widerspiegelt, sondern den gesamten Produktionsprozess betrifft. Deshalb suchen [&hellip;]<\/p>\n","protected":false},"author":4,"featured_media":0,"parent":0,"menu_order":0,"comment_status":"closed","ping_status":"closed","template":"","meta":{"footnotes":""},"class_list":["post-6846","page","type-page","status-publish","hentry"],"rttpg_featured_image_url":null,"rttpg_author":{"display_name":"Bilgi \u0130slem","author_link":"https:\/\/vogelsitze.com\/de\/author\/admin\/"},"rttpg_comment":0,"rttpg_category":" <a href=\"https:\/\/vogelsitze.com\/de\/?taxonomy=translation_priority&#038;term=optional\" rel=\"tag\">Optional<\/a>","rttpg_excerpt":"[vc_row css=&#8220;.vc_custom_1520677707881{margin-top: -30px !important;}&#8220;][vc_column][vc_row_inner][vc_column_inner][vc_column_text] Lieferanten [\/vc_column_text][\/vc_column_inner][\/vc_row_inner][vc_column_text] Wir w\u00e4hlen die besten und wettbewerbsf\u00e4higsten Lieferanten zur Zusammenarbeit aus, um Innovationen zu entwickeln und L\u00f6sungen auf Weltklasse-Niveau zu liefern. [\/vc_column_text][vc_column_text] Die Zusammenarbeit mit unseren Lieferanten ist ein wesentlicher Aspekt unserer Philosophie. Wir wissen, dass sich Qualit\u00e4t nicht nur im Produkt widerspiegelt, sondern den gesamten Produktionsprozess betrifft. Deshalb suchen&hellip;","_links":{"self":[{"href":"https:\/\/vogelsitze.com\/de\/wp-json\/wp\/v2\/pages\/6846","targetHints":{"allow":["GET"]}}],"collection":[{"href":"https:\/\/vogelsitze.com\/de\/wp-json\/wp\/v2\/pages"}],"about":[{"href":"https:\/\/vogelsitze.com\/de\/wp-json\/wp\/v2\/types\/page"}],"author":[{"embeddable":true,"href":"https:\/\/vogelsitze.com\/de\/wp-json\/wp\/v2\/users\/4"}],"replies":[{"embeddable":true,"href":"https:\/\/vogelsitze.com\/de\/wp-json\/wp\/v2\/comments?post=6846"}],"version-history":[{"count":6,"href":"https:\/\/vogelsitze.com\/de\/wp-json\/wp\/v2\/pages\/6846\/revisions"}],"predecessor-version":[{"id":7126,"href":"https:\/\/vogelsitze.com\/de\/wp-json\/wp\/v2\/pages\/6846\/revisions\/7126"}],"wp:attachment":[{"href":"https:\/\/vogelsitze.com\/de\/wp-json\/wp\/v2\/media?parent=6846"}],"curies":[{"name":"wp","href":"https:\/\/api.w.org\/{rel}","templated":true}]}}