{"id":6849,"date":"2022-08-15T14:50:59","date_gmt":"2022-08-15T12:50:59","guid":{"rendered":"https:\/\/nifty-chatelet.100-42-184-64.plesk.page\/lieferanteninformation\/"},"modified":"2022-08-18T22:47:44","modified_gmt":"2022-08-18T20:47:44","slug":"lieferanteninformation","status":"publish","type":"page","link":"https:\/\/vogelsitze.com\/de\/lieferanteninformation\/","title":{"rendered":"Lieferanteninformation"},"content":{"rendered":"<p>[vc_row css=&#8220;.vc_custom_1520677707881{margin-top: -30px !important;}&#8220;][vc_column][vc_row_inner][vc_column_inner][vc_column_text]<\/p>\n<p style=\"font-size: 30px; text-align: left;\"><strong>Lieferanteninformation<\/strong><\/p>\n<p style=\"text-align: left;\">Europa<\/p>\n<p>[\/vc_column_text][\/vc_column_inner][\/vc_row_inner][vc_column_text]<\/p>\n<p style=\"text-align: left;\"><strong>Allgemeine Gesch\u00e4ftsbedingungen<\/strong><\/p>\n<p>[\/vc_column_text][vc_column_text]<\/p>\n<p style=\"text-align: justify;\"><a href=\"https:\/\/vogelsitze.com\/wp-content\/uploads\/Einkaufsbedingungen-deutsch-2006.pdf\">Einkaufsbedingungen f\u00fcr Vogelsitze in <\/a><a href=\"https:\/\/tureng.com\/tr\/almanca-ingilizce\/Deutschland\">Deutschland<\/a><a href=\"https:\/\/vogelsitze.com\/wp-content\/uploads\/Einkaufsbedingungen-deutsch-2006.pdf\"> (Deutsch)<\/a><\/p>\n<p style=\"text-align: justify;\"><a href=\"https:\/\/vogelsitze.com\/wp-content\/uploads\/Einkaufsbedingungen-englisch-2006-.pdf\">Einkaufsbedingungen <\/a><a href=\"https:\/\/vogelsitze.com\/wp-content\/uploads\/Einkaufsbedingungen-deutsch-2006.pdf\">f\u00fcr <\/a><a href=\"https:\/\/vogelsitze.com\/wp-content\/uploads\/Einkaufsbedingungen-englisch-2006-.pdf\">Vogelsitze in <\/a><a href=\"https:\/\/tureng.com\/tr\/almanca-ingilizce\/Deutschland\">Deutschland<\/a><a href=\"https:\/\/vogelsitze.com\/wp-content\/uploads\/Einkaufsbedingungen-englisch-2006-.pdf\">\u00a0(Englisch)<\/a><\/p>\n<p style=\"text-align: justify;\">Einkaufsbedingungen <a href=\"https:\/\/vogelsitze.com\/wp-content\/uploads\/Einkaufsbedingungen-deutsch-2006.pdf\">f\u00fcr <\/a>Vogelsitze in T\u00fcrkei (T\u00fcrkisch)<\/p>\n<p style=\"text-align: justify;\">Einkaufsbedingungen <a href=\"https:\/\/vogelsitze.com\/wp-content\/uploads\/Einkaufsbedingungen-deutsch-2006.pdf\">f\u00fcr <\/a>Vogelsitze in T\u00fcrkei (Englisch)<\/p>\n<p>[\/vc_column_text][\/vc_column][\/vc_row]<\/p>\n","protected":false},"excerpt":{"rendered":"<p>[vc_row css=&#8220;.vc_custom_1520677707881{margin-top: -30px !important;}&#8220;][vc_column][vc_row_inner][vc_column_inner][vc_column_text] Lieferanteninformation Europa [\/vc_column_text][\/vc_column_inner][\/vc_row_inner][vc_column_text] Allgemeine Gesch\u00e4ftsbedingungen [\/vc_column_text][vc_column_text] Einkaufsbedingungen f\u00fcr Vogelsitze in Deutschland (Deutsch) Einkaufsbedingungen f\u00fcr Vogelsitze in Deutschland\u00a0(Englisch) Einkaufsbedingungen f\u00fcr Vogelsitze in T\u00fcrkei (T\u00fcrkisch) Einkaufsbedingungen f\u00fcr Vogelsitze in T\u00fcrkei (Englisch) [\/vc_column_text][\/vc_column][\/vc_row]<\/p>\n","protected":false},"author":4,"featured_media":0,"parent":0,"menu_order":0,"comment_status":"closed","ping_status":"closed","template":"","meta":{"footnotes":""},"class_list":["post-6849","page","type-page","status-publish","hentry"],"rttpg_featured_image_url":null,"rttpg_author":{"display_name":"Bilgi \u0130slem","author_link":"https:\/\/vogelsitze.com\/de\/author\/admin\/"},"rttpg_comment":0,"rttpg_category":" <a href=\"https:\/\/vogelsitze.com\/de\/?taxonomy=translation_priority&#038;term=optional\" rel=\"tag\">Optional<\/a>","rttpg_excerpt":"[vc_row css=&#8220;.vc_custom_1520677707881{margin-top: -30px !important;}&#8220;][vc_column][vc_row_inner][vc_column_inner][vc_column_text] Lieferanteninformation Europa [\/vc_column_text][\/vc_column_inner][\/vc_row_inner][vc_column_text] Allgemeine Gesch\u00e4ftsbedingungen [\/vc_column_text][vc_column_text] Einkaufsbedingungen f\u00fcr Vogelsitze in Deutschland (Deutsch) Einkaufsbedingungen f\u00fcr Vogelsitze in Deutschland\u00a0(Englisch) Einkaufsbedingungen f\u00fcr Vogelsitze in T\u00fcrkei (T\u00fcrkisch) Einkaufsbedingungen f\u00fcr Vogelsitze in T\u00fcrkei (Englisch) [\/vc_column_text][\/vc_column][\/vc_row]","_links":{"self":[{"href":"https:\/\/vogelsitze.com\/de\/wp-json\/wp\/v2\/pages\/6849","targetHints":{"allow":["GET"]}}],"collection":[{"href":"https:\/\/vogelsitze.com\/de\/wp-json\/wp\/v2\/pages"}],"about":[{"href":"https:\/\/vogelsitze.com\/de\/wp-json\/wp\/v2\/types\/page"}],"author":[{"embeddable":true,"href":"https:\/\/vogelsitze.com\/de\/wp-json\/wp\/v2\/users\/4"}],"replies":[{"embeddable":true,"href":"https:\/\/vogelsitze.com\/de\/wp-json\/wp\/v2\/comments?post=6849"}],"version-history":[{"count":7,"href":"https:\/\/vogelsitze.com\/de\/wp-json\/wp\/v2\/pages\/6849\/revisions"}],"predecessor-version":[{"id":7127,"href":"https:\/\/vogelsitze.com\/de\/wp-json\/wp\/v2\/pages\/6849\/revisions\/7127"}],"wp:attachment":[{"href":"https:\/\/vogelsitze.com\/de\/wp-json\/wp\/v2\/media?parent=6849"}],"curies":[{"name":"wp","href":"https:\/\/api.w.org\/{rel}","templated":true}]}}