{"id":6875,"date":"2022-08-15T15:56:29","date_gmt":"2022-08-15T13:56:29","guid":{"rendered":"https:\/\/nifty-chatelet.100-42-184-64.plesk.page\/fuer-mitarbeiter\/"},"modified":"2022-08-18T22:25:33","modified_gmt":"2022-08-18T20:25:33","slug":"fuer-mitarbeiter","status":"publish","type":"page","link":"https:\/\/vogelsitze.com\/de\/fuer-mitarbeiter\/","title":{"rendered":"F\u00fcr Mitarbeiter"},"content":{"rendered":"<p>[vc_row css=&#8220;.vc_custom_1520677707881{margin-top: -30px !important;}&#8220;][vc_column][vc_row_inner][vc_column_inner][vc_column_text]<\/p>\n<p style=\"font-size: 30px;\"><strong>Sie sind Teil von etwas Gr\u00f6\u00dferem<\/strong><\/p>\n<p>[\/vc_column_text][\/vc_column_inner][\/vc_row_inner][vc_column_text]<\/p>\n<p style=\"text-align: justify;\">Unser Unternehmen lebt ma\u00dfgeblich von unseren\u00a0Mitarbeitern. Vogelsitze hat sich dank der Leistungen seiner einzigartigen Mitarbeitenden zu einem weltweit f\u00fchrenden Hersteller von Sitzsystemen entwickelt. Hingebungsvoll, engagiert, kreativ \u2013 Ihre harte Arbeit ist die Grundlage f\u00fcr unseren Erfolg und der Erfolg unserer einzigartigen fairen Unternehmenskultur ist das Ergebnis Ihres Engagements und Ihrer Beteiligung.<\/p>\n<p>[\/vc_column_text][vc_single_image image=&#8220;6923&#8243; img_size=&#8220;full&#8220;][vc_column_text]<\/p>\n<p style=\"font-size: 30px;\"><strong>Unsere Unternehmenskultur<\/strong><\/p>\n<p>[\/vc_column_text][vc_column_text]<\/p>\n<p style=\"text-align: justify;\">Wir glauben, dass einzigartige Ideen aus einzigartigen Perspektiven kommen. Wir investieren in unsere Mitarbeiter und haben viele\u00a0Entwicklungsprogramme, um ihnen zu helfen, F\u00e4higkeiten zu erwerben, die sie ben\u00f6tigen, um zuk\u00fcnftige F\u00fchrungskr\u00e4fte zu werden. Vogelsitze bietet die globale Reichweite. Unsere Hintergr\u00fcnde und Sprachen unterscheiden sich, aber unsere Leidenschaften sind die gleichen. In der Vogelsitze gibt es keine Grenzen.<\/p>\n<p>[\/vc_column_text][vc_single_image image=&#8220;6873&#8243; img_size=&#8220;full&#8220;][vc_column_text]<\/p>\n<p style=\"font-size: 30px;\"><strong>Stellenangebote<\/strong><\/p>\n<p>[\/vc_column_text][vc_column_text]<\/p>\n<p style=\"text-align: justify;\">Egal, ob Sie Ihr vorhandenes Know-how weiterentwickeln oder etwas anderes ausprobieren m\u00f6chten, wir engagieren uns f\u00fcr Ihr Wachstum. Schauen Sie sich unsere neuesten M\u00f6glichkeiten f\u00fcr Mitarbeiter an.<\/p>\n<p>[\/vc_column_text][vc_btn title=&#8220;Alle aktuellen Stellen anzeigen&#8220; color=&#8220;danger&#8220; link=&#8220;url:https%3A%2F%2Fvogelsitze.com%2Fde%2Fstellenanzeigen%2F|title:STELLENANZEIGEN%C2%A0|target:_blank&#8220;][vc_column_text]<\/p>\n<p style=\"font-size: 30px;\"><strong>Human Resources Policy<\/strong><\/p>\n<p>[\/vc_column_text][vc_column_text]VOGELSITZE Verhaltens \u2013 und Ethikkodex[\/vc_column_text][\/vc_column][\/vc_row]<\/p>\n","protected":false},"excerpt":{"rendered":"<p>[vc_row css=&#8220;.vc_custom_1520677707881{margin-top: -30px !important;}&#8220;][vc_column][vc_row_inner][vc_column_inner][vc_column_text] Sie sind Teil von etwas Gr\u00f6\u00dferem [\/vc_column_text][\/vc_column_inner][\/vc_row_inner][vc_column_text] Unser Unternehmen lebt ma\u00dfgeblich von unseren\u00a0Mitarbeitern. Vogelsitze hat sich dank der Leistungen seiner einzigartigen Mitarbeitenden zu einem weltweit f\u00fchrenden Hersteller von Sitzsystemen entwickelt. Hingebungsvoll, engagiert, kreativ \u2013 Ihre harte Arbeit ist die Grundlage f\u00fcr unseren Erfolg und der Erfolg unserer einzigartigen fairen Unternehmenskultur ist [&hellip;]<\/p>\n","protected":false},"author":4,"featured_media":0,"parent":0,"menu_order":0,"comment_status":"closed","ping_status":"closed","template":"","meta":{"footnotes":""},"class_list":["post-6875","page","type-page","status-publish","hentry"],"rttpg_featured_image_url":null,"rttpg_author":{"display_name":"Bilgi \u0130slem","author_link":"https:\/\/vogelsitze.com\/de\/author\/admin\/"},"rttpg_comment":0,"rttpg_category":" <a href=\"https:\/\/vogelsitze.com\/de\/?taxonomy=translation_priority&#038;term=optional\" rel=\"tag\">Optional<\/a>","rttpg_excerpt":"[vc_row css=&#8220;.vc_custom_1520677707881{margin-top: -30px !important;}&#8220;][vc_column][vc_row_inner][vc_column_inner][vc_column_text] Sie sind Teil von etwas Gr\u00f6\u00dferem [\/vc_column_text][\/vc_column_inner][\/vc_row_inner][vc_column_text] Unser Unternehmen lebt ma\u00dfgeblich von unseren\u00a0Mitarbeitern. Vogelsitze hat sich dank der Leistungen seiner einzigartigen Mitarbeitenden zu einem weltweit f\u00fchrenden Hersteller von Sitzsystemen entwickelt. Hingebungsvoll, engagiert, kreativ \u2013 Ihre harte Arbeit ist die Grundlage f\u00fcr unseren Erfolg und der Erfolg unserer einzigartigen fairen Unternehmenskultur ist&hellip;","_links":{"self":[{"href":"https:\/\/vogelsitze.com\/de\/wp-json\/wp\/v2\/pages\/6875","targetHints":{"allow":["GET"]}}],"collection":[{"href":"https:\/\/vogelsitze.com\/de\/wp-json\/wp\/v2\/pages"}],"about":[{"href":"https:\/\/vogelsitze.com\/de\/wp-json\/wp\/v2\/types\/page"}],"author":[{"embeddable":true,"href":"https:\/\/vogelsitze.com\/de\/wp-json\/wp\/v2\/users\/4"}],"replies":[{"embeddable":true,"href":"https:\/\/vogelsitze.com\/de\/wp-json\/wp\/v2\/comments?post=6875"}],"version-history":[{"count":21,"href":"https:\/\/vogelsitze.com\/de\/wp-json\/wp\/v2\/pages\/6875\/revisions"}],"predecessor-version":[{"id":7108,"href":"https:\/\/vogelsitze.com\/de\/wp-json\/wp\/v2\/pages\/6875\/revisions\/7108"}],"wp:attachment":[{"href":"https:\/\/vogelsitze.com\/de\/wp-json\/wp\/v2\/media?parent=6875"}],"curies":[{"name":"wp","href":"https:\/\/api.w.org\/{rel}","templated":true}]}}