{"id":771,"date":"2018-03-11T15:33:57","date_gmt":"2018-03-11T14:33:57","guid":{"rendered":"https:\/\/nifty-chatelet.100-42-184-64.plesk.page\/?page_id=771"},"modified":"2026-03-30T09:02:32","modified_gmt":"2026-03-30T07:02:32","slug":"ersatzteile-fuer-aeltere-und-neue-sitzmodelle","status":"publish","type":"page","link":"https:\/\/vogelsitze.com\/de\/ersatzteile-fuer-aeltere-und-neue-sitzmodelle\/","title":{"rendered":"Ersatzteile f\u00fcr \u00e4ltere und neue Sitzmodelle"},"content":{"rendered":"<p>[vc_row css=&#8220;.vc_custom_1520678008886{margin-top: -50px !important;}&#8220;][vc_column width=&#8220;2\/3&#8243; el_class=&#8220;top_up&#8220;][vc_column_text]<strong style=\"font-size: 30px;\">ERSATZTEILE\u00a0<\/strong>[\/vc_column_text][vc_column_text]f\u00fcr \u00e4ltere und neue Sitzmodelle[\/vc_column_text][vc_column_text]<style type='text\/css' media='all'>#rt-tpg-container-1514571803 .rt-holder .rt-woo-info .price{color:#0367bf;}body .rt-tpg-container .rt-tpg-isotope-buttons .selected,\n\t\t\t\t\t#rt-tpg-container-1514571803 .layout12 .rt-holder:hover .rt-detail,\n\t\t\t\t\t#rt-tpg-container-1514571803 .isotope8 .rt-holder:hover .rt-detail,\n\t\t\t\t\t#rt-tpg-container-1514571803 .carousel8 .rt-holder:hover .rt-detail,\n\t\t\t\t\t#rt-tpg-container-1514571803 .layout13 .rt-holder .overlay .post-info,\n\t\t\t\t\t#rt-tpg-container-1514571803 .isotope9 .rt-holder .overlay .post-info,\n\t\t\t\t\t#rt-tpg-container-1514571803.rt-tpg-container .layout4 .rt-holder .rt-detail,\n\t\t\t\t\t.rt-modal-1514571803 .md-content,\n\t\t\t\t\t.rt-modal-1514571803 .md-content > .rt-md-content-holder .rt-md-content,\n\t\t\t\t\t.rt-popup-wrap-1514571803.rt-popup-wrap .rt-popup-navigation-wrap,\n\t\t\t\t\t#rt-tpg-container-1514571803 .carousel9 .rt-holder .overlay .post-info{background-color:#0367bf;}#rt-tpg-container-1514571803 .layout5 .rt-holder .overlay, #rt-tpg-container-1514571803 .isotope2 .rt-holder .overlay, #rt-tpg-container-1514571803 .carousel2 .rt-holder .overlay,#rt-tpg-container-1514571803 .layout15 .rt-holder h3, #rt-tpg-container-1514571803 .isotope11 .rt-holder h3, #rt-tpg-container-1514571803 .carousel11 .rt-holder h3, #rt-tpg-container-1514571803 .layout16 .rt-holder h3,\n\t\t\t\t\t#rt-tpg-container-1514571803 .isotope12 .rt-holder h3, #rt-tpg-container-1514571803 .carousel12 .rt-holder h3 {background-color:rgba(3,103,191,0.8);}#rt-tpg-container-1514571803 .read-more a{border-radius:px;}#rt-tpg-container-1514571803 .rt-img-holder img.rt-img-responsive,#rt-tpg-container-1514571803 .rt-img-holder,\n\t\t\t\t\t#rt-tpg-container-1514571803 .rt-post-overlay .post-img,\n\t\t\t\t\t#rt-tpg-container-1514571803 .post-sm .post-img,\n\t\t\t\t\t#rt-tpg-container-1514571803 .rt-post-grid .post-img,\n\t\t\t\t\t#rt-tpg-container-1514571803 .post-img img {border-radius:px;}<\/style><div class='rt-container-fluid rt-tpg-container tpg-shortcode-main-wrapper ' id='rt-tpg-container-1514571803'   data-layout='layout1' data-grid-style='even' data-desktop-col='3'  data-tab-col='2'  data-mobile-col='1' data-sc-id='1717'><div data-title='Loading ...' class='rt-row rt-content-loader   layout1 tpg-even '><div class=\"rt-col-md-4 rt-col-sm-6 rt-col-xs-12 even-grid-item rt-grid-item\" data-id=\"779\"><div class=\"rt-holder\"><div class=\"rt-img-holder\"><a data-id=\"779\" class=\"\" href=\"https:\/\/vogelsitze.com\/de\/ersatzteile-fuer-aeltere-und-neue-sitzmodelle\/griffe\/\"><img loading=\"lazy\" decoding=\"async\" width=\"150\" height=\"113\" src=\"https:\/\/vogelsitze.com\/wp-content\/uploads\/eteil-111106301.jpg\" class=\"rt-img-responsive \" alt=\"\" \/><\/a><\/div><div class='rt-detail'><h2 class=\"entry-title\"><a data-id=\"779\" class=\"\" href=\"https:\/\/vogelsitze.com\/de\/ersatzteile-fuer-aeltere-und-neue-sitzmodelle\/griffe\/\">Griffe<\/a><\/h2><\/div><\/div><\/div><div class=\"rt-col-md-4 rt-col-sm-6 rt-col-xs-12 even-grid-item rt-grid-item\" data-id=\"799\"><div class=\"rt-holder\"><div class=\"rt-img-holder\"><a data-id=\"799\" class=\"\" href=\"https:\/\/vogelsitze.com\/de\/ersatzteile-fuer-aeltere-und-neue-sitzmodelle\/ascher\/\"><img loading=\"lazy\" decoding=\"async\" width=\"150\" height=\"113\" src=\"https:\/\/vogelsitze.com\/wp-content\/uploads\/eteil-ascher.jpg\" class=\"rt-img-responsive \" alt=\"\" \/><\/a><\/div><div class='rt-detail'><h2 class=\"entry-title\"><a data-id=\"799\" class=\"\" href=\"https:\/\/vogelsitze.com\/de\/ersatzteile-fuer-aeltere-und-neue-sitzmodelle\/ascher\/\">Ascher<\/a><\/h2><\/div><\/div><\/div><div class=\"rt-col-md-4 rt-col-sm-6 rt-col-xs-12 even-grid-item rt-grid-item\" data-id=\"801\"><div class=\"rt-holder\"><div class=\"rt-img-holder\"><a data-id=\"801\" class=\"\" href=\"https:\/\/vogelsitze.com\/de\/ersatzteile-fuer-aeltere-und-neue-sitzmodelle\/tische\/\"><img loading=\"lazy\" decoding=\"async\" width=\"150\" height=\"113\" src=\"https:\/\/vogelsitze.com\/wp-content\/uploads\/eteil-tische.jpg\" class=\"rt-img-responsive \" alt=\"\" \/><\/a><\/div><div class='rt-detail'><h2 class=\"entry-title\"><a data-id=\"801\" class=\"\" href=\"https:\/\/vogelsitze.com\/de\/ersatzteile-fuer-aeltere-und-neue-sitzmodelle\/tische\/\">Tische<\/a><\/h2><\/div><\/div><\/div><div class=\"rt-col-md-4 rt-col-sm-6 rt-col-xs-12 even-grid-item rt-grid-item\" data-id=\"803\"><div class=\"rt-holder\"><div class=\"rt-img-holder\"><a data-id=\"803\" class=\"\" href=\"https:\/\/vogelsitze.com\/de\/ersatzteile-fuer-aeltere-und-neue-sitzmodelle\/gurte\/\"><img loading=\"lazy\" decoding=\"async\" width=\"150\" height=\"113\" src=\"https:\/\/vogelsitze.com\/wp-content\/uploads\/eteil-gurte.jpg\" class=\"rt-img-responsive \" alt=\"\" \/><\/a><\/div><div class='rt-detail'><h2 class=\"entry-title\"><a data-id=\"803\" class=\"\" href=\"https:\/\/vogelsitze.com\/de\/ersatzteile-fuer-aeltere-und-neue-sitzmodelle\/gurte\/\">Gurte<\/a><\/h2><\/div><\/div><\/div><div class=\"rt-col-md-4 rt-col-sm-6 rt-col-xs-12 even-grid-item rt-grid-item\" data-id=\"808\"><div class=\"rt-holder\"><div class=\"rt-img-holder\"><a data-id=\"808\" class=\"\" href=\"https:\/\/vogelsitze.com\/de\/ersatzteile-fuer-aeltere-und-neue-sitzmodelle\/netze\/\"><img loading=\"lazy\" decoding=\"async\" width=\"150\" height=\"113\" src=\"https:\/\/vogelsitze.com\/wp-content\/uploads\/eteil-netze.jpg\" class=\"rt-img-responsive \" alt=\"\" \/><\/a><\/div><div class='rt-detail'><h2 class=\"entry-title\"><a data-id=\"808\" class=\"\" href=\"https:\/\/vogelsitze.com\/de\/ersatzteile-fuer-aeltere-und-neue-sitzmodelle\/netze\/\">Netze<\/a><\/h2><\/div><\/div><\/div><\/div><\/div>[\/vc_column_text][\/vc_column][vc_column width=&#8220;1\/3&#8243;][vc_column_text]<strong style=\"font-size: 30px;\">Ihr Ansprechpartner<\/strong>[\/vc_column_text][vc_raw_html]JTNDcCUzRSUzQ3N0cm9uZyUzRSUzQyUyRnN0cm9uZyUzRSUzQyUyRnAlM0UlMEElM0N1bCUyMGNsYXNzJTNEJTIydGhlbWVtb3VudF92Y19jb250YWN0X3dyYXBwZXIlMjIlM0UlMEElMjAlMjAlMjAlM0NsaSUyMGNsYXNzJTNEJTIydGhlbWVtb3VudC1jb250YWN0LXBob25lbnVtYmVyJTIwdG1pY29uLWZhLXBob25lJTIyJTNFJTIwJTNDYSUyMGhyZWYlM0QlMjJ0ZWwlM0ElMkI0OTcyMTQ3MDIyMCUyMiUzRSUyQjQ5JTIwJTI4NzIxJTI5JTIwNDcwMjAlM0MlMkZhJTNFJTNDJTJGbGklM0UlMEElMjAlMEElMjAlMjAlM0NsaSUyMGNsYXNzJTNEJTIydGhlbWVtb3VudC1jb250YWN0LWVtYWlsJTIwdG1pY29uLWZhLWVudmVsb3BlLW8lMjIlM0UlM0NhJTIwaHJlZiUzRCUyMm1haWx0byUzQWluZm8lNDB2b2dlbHNpdHplLmNvbSUyMiUzRSUyMGluZm8lNDB2b2dlbHNpdHplLmNvbSUzQyUyRmElM0UlM0MlMkZsaSUzRSUwQSUzQyUyRnVsJTNF[\/vc_raw_html][vc_column_text]<strong style=\"font-size: 30px;\">\u00dcbersicht &#8211; Nach Teilen geordnet<\/strong>[\/vc_column_text][vc_column_text]<\/p>\n<p style=\"text-align: justify;\" align=\"left\">Hier werden die am h\u00e4ufigsten angeforderten Ersatzteile als Tabelle aufgelistet.<br \/>\nFotos und Beschreibungen helfen, das gesuchte Teil schnell zu finden.<\/p>\n<p style=\"text-align: justify;\" align=\"left\">Eine Anleitung zur leichteren Identifizierung und Zuordnung von Teilen finden sie in unserer Hilfe:<\/p>\n<h3 style=\"text-align: justify;\" align=\"left\"><a href=\"https:\/\/vogelsitze.com\/de\/ersatzteile-fuer-aeltere-und-neue-sitzmodelle\/faq\/\">ET-Hilfe<\/a><\/h3>\n<p>[\/vc_column_text][\/vc_column][\/vc_row][vc_row][vc_column][vc_separator][vc_column_text]<strong style=\"font-size: 30px;\">Nach Sitztypen geordnet:<\/strong>[\/vc_column_text][\/vc_column][\/vc_row][vc_row][vc_column width=&#8220;1\/2&#8243;]<section class=\"thememount-servicebox thememount-servicebox-lefticon  float-shadow \"><div class=\"thememount-servicebox-title-wrapper\"><i class=\"fas fa-\"><\/i><h2 class=\"thememount-servicebox-title\"><a class=\"thememount-sb-title-link\" href=\"https:\/\/vogelsitze.com\/wp-content\/uploads\/E-Teile-accent.pdf\"\n   title=\"Produktbrosch\u00fcre als PDF-Dokument zum Download (Dateigr\u00f6\u00dfe:  1.200 KB)\" target=\"\">Accent 210-220-280<\/a><\/h2><h4 class=\"thememount-servicebox-subtitle\">Produktbrosch\u00fcre als PDF-Dokument zum Download (Dateigr\u00f6\u00dfe: 1.200 KB)<\/h4><div class=\"thememount-servicebox-content\"><\/div><\/div><\/section><section class=\"thememount-servicebox thememount-servicebox-lefticon  float-shadow \"><div class=\"thememount-servicebox-title-wrapper\"><i class=\"fas fa-\"><\/i><h2 class=\"thememount-servicebox-title\"><a class=\"thememount-sb-title-link\" href=\"https:\/\/vogelsitze.com\/wp-content\/uploads\/E-Teile-Top2020.pdf\"\n   title=\"Produktbrosch\u00fcre als PDF-Dokument zum Download (Dateigr\u00f6\u00dfe:  640 KB)\" target=\"\">Top 2020<\/a><\/h2><h4 class=\"thememount-servicebox-subtitle\">Produktbrosch\u00fcre als PDF-Dokument zum Download (Dateigr\u00f6\u00dfe: 640 KB)<\/h4><div class=\"thememount-servicebox-content\"><\/div><\/div><\/section><section class=\"thememount-servicebox thememount-servicebox-lefticon  float-shadow \"><div class=\"thememount-servicebox-title-wrapper\"><i class=\"fas fa-\"><\/i><h2 class=\"thememount-servicebox-title\"><a class=\"thememount-sb-title-link\" href=\"https:\/\/vogelsitze.com\/wp-content\/uploads\/E-Teile-System400.pdf\"\n   title=\"Produktbrosch\u00fcre als PDF-Dokument zum Download (Dateigr\u00f6\u00dfe:  1.340 KB)\" target=\"\">System 400<\/a><\/h2><h4 class=\"thememount-servicebox-subtitle\">Produktbrosch\u00fcre als PDF-Dokument zum Download (Dateigr\u00f6\u00dfe: 1.340 KB)<\/h4><div class=\"thememount-servicebox-content\"><\/div><\/div><\/section><section class=\"thememount-servicebox thememount-servicebox-lefticon  float-shadow \"><div class=\"thememount-servicebox-title-wrapper\"><i class=\"fas fa-\"><\/i><h2 class=\"thememount-servicebox-title\"><a class=\"thememount-sb-title-link\" href=\"https:\/\/vogelsitze.com\/wp-content\/uploads\/E-Teile-System600.pdf\"\n   title=\"Produktbrosch\u00fcre als PDF-Dokument zum Download (Dateigr\u00f6\u00dfe:  590 KB)\" target=\"\">System 600<\/a><\/h2><h4 class=\"thememount-servicebox-subtitle\">Produktbrosch\u00fcre als PDF-Dokument zum Download (Dateigr\u00f6\u00dfe: 590 KB)<\/h4><div class=\"thememount-servicebox-content\"><\/div><\/div><\/section><section class=\"thememount-servicebox thememount-servicebox-lefticon  float-shadow \"><div class=\"thememount-servicebox-title-wrapper\"><i class=\"fas fa-\"><\/i><h2 class=\"thememount-servicebox-title\"><a class=\"thememount-sb-title-link\" href=\"https:\/\/vogelsitze.com\/wp-content\/uploads\/E-Teile-System500.pdf\"\n   title=\"Produktbrosch\u00fcre als PDF-Dokument zum Download (Dateigr\u00f6\u00dfe:  4.060 KB)\" target=\"\">System 500<\/a><\/h2><h4 class=\"thememount-servicebox-subtitle\">Produktbrosch\u00fcre als PDF-Dokument zum Download (Dateigr\u00f6\u00dfe: 4.060 KB)<\/h4><div class=\"thememount-servicebox-content\"><\/div><\/div><\/section>[\/vc_column][vc_column width=&#8220;1\/2&#8243;]<section class=\"thememount-servicebox thememount-servicebox-lefticon  float-shadow \"><div class=\"thememount-servicebox-title-wrapper\"><i class=\"fas fa-\"><\/i><h2 class=\"thememount-servicebox-title\"><a class=\"thememount-sb-title-link\" href=\"https:\/\/vogelsitze.com\/wp-content\/uploads\/E-Teile-ECO.pdf\"\n   title=\"Produktbrosch\u00fcre als PDF-Dokument zum Download (Dateigr\u00f6\u00dfe:  1.370 KB)\" target=\"\">ECO 010 - 020 - 030 - 040<\/a><\/h2><h4 class=\"thememount-servicebox-subtitle\">Produktbrosch\u00fcre als PDF-Dokument zum Download (Dateigr\u00f6\u00dfe: 1.370 KB)<\/h4><div class=\"thememount-servicebox-content\"><\/div><\/div><\/section><section class=\"thememount-servicebox thememount-servicebox-lefticon  float-shadow \"><div class=\"thememount-servicebox-title-wrapper\"><i class=\"fas fa-\"><\/i><h2 class=\"thememount-servicebox-title\"><a class=\"thememount-sb-title-link\" href=\"https:\/\/vogelsitze.com\/wp-content\/uploads\/E-Teile-Pino.pdf\"\n   title=\"Produktbrosch\u00fcre als PDF-Dokument zum Download (Dateigr\u00f6\u00dfe:  1.940 KB)\" target=\"\">Pino 100 - 200 - 300 - 500<\/a><\/h2><h4 class=\"thememount-servicebox-subtitle\">Produktbrosch\u00fcre als PDF-Dokument zum Download (Dateigr\u00f6\u00dfe: 1.940 KB)<\/h4><div class=\"thememount-servicebox-content\"><\/div><\/div><\/section><section class=\"thememount-servicebox thememount-servicebox-lefticon  float-shadow \"><div class=\"thememount-servicebox-title-wrapper\"><i class=\"fas fa-\"><\/i><h2 class=\"thememount-servicebox-title\"><a class=\"thememount-sb-title-link\" href=\"https:\/\/vogelsitze.com\/wp-content\/uploads\/E-Teile-System650.pdf\"\n   title=\"Produktbrosch\u00fcre als PDF-Dokument zum Download (Dateigr\u00f6\u00dfe:  730 KB)\" target=\"\">System 650<\/a><\/h2><h4 class=\"thememount-servicebox-subtitle\">Produktbrosch\u00fcre als PDF-Dokument zum Download (Dateigr\u00f6\u00dfe: 730 KB)<\/h4><div class=\"thememount-servicebox-content\"><\/div><\/div><\/section><section class=\"thememount-servicebox thememount-servicebox-lefticon  float-shadow \"><div class=\"thememount-servicebox-title-wrapper\"><i class=\"fas fa-\"><\/i><h2 class=\"thememount-servicebox-title\"><a class=\"thememount-sb-title-link\" href=\"https:\/\/vogelsitze.com\/wp-content\/uploads\/E-Teile-quadro.pdf\"\n   title=\"Produktbrosch\u00fcre als PDF-Dokument zum Download (Dateigr\u00f6\u00dfe:  1.600 KB)\" target=\"\">Quadro 1000 - 2000 - 3000 - 4000<\/a><\/h2><h4 class=\"thememount-servicebox-subtitle\">Produktbrosch\u00fcre als PDF-Dokument zum Download (Dateigr\u00f6\u00dfe: 1.600 KB)<\/h4><div class=\"thememount-servicebox-content\"><\/div><\/div><\/section>[\/vc_column][\/vc_row]<\/p>\n","protected":false},"excerpt":{"rendered":"<p>[vc_row css=&#8220;.vc_custom_1520678008886{margin-top: -50px !important;}&#8220;][vc_column width=&#8220;2\/3&#8243; el_class=&#8220;top_up&#8220;][vc_column_text]ERSATZTEILE\u00a0[\/vc_column_text][vc_column_text]f\u00fcr \u00e4ltere und neue Sitzmodelle[\/vc_column_text][vc_column_text][\/vc_column_text][\/vc_column][vc_column width=&#8220;1\/3&#8243;][vc_column_text]Ihr Ansprechpartner[\/vc_column_text][vc_raw_html]JTNDcCUzRSUzQ3N0cm9uZyUzRSUzQyUyRnN0cm9uZyUzRSUzQyUyRnAlM0UlMEElM0N1bCUyMGNsYXNzJTNEJTIydGhlbWVtb3VudF92Y19jb250YWN0X3dyYXBwZXIlMjIlM0UlMEElMjAlMjAlMjAlM0NsaSUyMGNsYXNzJTNEJTIydGhlbWVtb3VudC1jb250YWN0LXBob25lbnVtYmVyJTIwdG1pY29uLWZhLXBob25lJTIyJTNFJTIwJTNDYSUyMGhyZWYlM0QlMjJ0ZWwlM0ElMkI0OTcyMTQ3MDIyMCUyMiUzRSUyQjQ5JTIwJTI4NzIxJTI5JTIwNDcwMjAlM0MlMkZhJTNFJTNDJTJGbGklM0UlMEElMjAlMEElMjAlMjAlM0NsaSUyMGNsYXNzJTNEJTIydGhlbWVtb3VudC1jb250YWN0LWVtYWlsJTIwdG1pY29uLWZhLWVudmVsb3BlLW8lMjIlM0UlM0NhJTIwaHJlZiUzRCUyMm1haWx0byUzQWluZm8lNDB2b2dlbHNpdHplLmNvbSUyMiUzRSUyMGluZm8lNDB2b2dlbHNpdHplLmNvbSUzQyUyRmElM0UlM0MlMkZsaSUzRSUwQSUzQyUyRnVsJTNF[\/vc_raw_html][vc_column_text]\u00dcbersicht &#8211; Nach Teilen geordnet[\/vc_column_text][vc_column_text] Hier werden die am h\u00e4ufigsten angeforderten Ersatzteile als Tabelle aufgelistet. Fotos und Beschreibungen helfen, das gesuchte Teil schnell zu finden. Eine Anleitung zur leichteren Identifizierung und Zuordnung von Teilen finden sie in unserer Hilfe: ET-Hilfe [\/vc_column_text][\/vc_column][\/vc_row][vc_row][vc_column][vc_separator][vc_column_text]Nach Sitztypen geordnet:[\/vc_column_text][\/vc_column][\/vc_row][vc_row][vc_column width=&#8220;1\/2&#8243;][\/vc_column][vc_column [&hellip;]<\/p>\n","protected":false},"author":8,"featured_media":0,"parent":0,"menu_order":0,"comment_status":"closed","ping_status":"closed","template":"","meta":{"footnotes":""},"class_list":["post-771","page","type-page","status-publish","hentry"],"rttpg_featured_image_url":null,"rttpg_author":{"display_name":"\u00d6zcan YARDIMCI","author_link":"https:\/\/vogelsitze.com\/de\/author\/oyardimci\/"},"rttpg_comment":0,"rttpg_category":" <a href=\"https:\/\/vogelsitze.com\/de\/?taxonomy=translation_priority&#038;term=optional\" rel=\"tag\">Optional<\/a><a href=\"https:\/\/vogelsitze.com\/en\/?taxonomy=translation_priority&#038;term=optional-en\" rel=\"tag\">Optional<\/a>","rttpg_excerpt":"[vc_row css=&#8220;.vc_custom_1520678008886{margin-top: -50px !important;}&#8220;][vc_column width=&#8220;2\/3&#8243; el_class=&#8220;top_up&#8220;][vc_column_text]ERSATZTEILE\u00a0[\/vc_column_text][vc_column_text]f\u00fcr \u00e4ltere und neue Sitzmodelle[\/vc_column_text][vc_column_text][\/vc_column_text][\/vc_column][vc_column width=&#8220;1\/3&#8243;][vc_column_text]Ihr Ansprechpartner[\/vc_column_text][vc_raw_html]JTNDcCUzRSUzQ3N0cm9uZyUzRSUzQyUyRnN0cm9uZyUzRSUzQyUyRnAlM0UlMEElM0N1bCUyMGNsYXNzJTNEJTIydGhlbWVtb3VudF92Y19jb250YWN0X3dyYXBwZXIlMjIlM0UlMEElMjAlMjAlMjAlM0NsaSUyMGNsYXNzJTNEJTIydGhlbWVtb3VudC1jb250YWN0LXBob25lbnVtYmVyJTIwdG1pY29uLWZhLXBob25lJTIyJTNFJTIwJTNDYSUyMGhyZWYlM0QlMjJ0ZWwlM0ElMkI0OTcyMTQ3MDIyMCUyMiUzRSUyQjQ5JTIwJTI4NzIxJTI5JTIwNDcwMjAlM0MlMkZhJTNFJTNDJTJGbGklM0UlMEElMjAlMEElMjAlMjAlM0NsaSUyMGNsYXNzJTNEJTIydGhlbWVtb3VudC1jb250YWN0LWVtYWlsJTIwdG1pY29uLWZhLWVudmVsb3BlLW8lMjIlM0UlM0NhJTIwaHJlZiUzRCUyMm1haWx0byUzQWluZm8lNDB2b2dlbHNpdHplLmNvbSUyMiUzRSUyMGluZm8lNDB2b2dlbHNpdHplLmNvbSUzQyUyRmElM0UlM0MlMkZsaSUzRSUwQSUzQyUyRnVsJTNF[\/vc_raw_html][vc_column_text]\u00dcbersicht &#8211; Nach Teilen geordnet[\/vc_column_text][vc_column_text] Hier werden die am h\u00e4ufigsten angeforderten Ersatzteile als Tabelle aufgelistet. Fotos und Beschreibungen helfen, das gesuchte Teil schnell zu finden. Eine Anleitung zur leichteren Identifizierung und Zuordnung von Teilen finden sie in unserer Hilfe: ET-Hilfe [\/vc_column_text][\/vc_column][\/vc_row][vc_row][vc_column][vc_separator][vc_column_text]Nach Sitztypen geordnet:[\/vc_column_text][\/vc_column][\/vc_row][vc_row][vc_column width=&#8220;1\/2&#8243;][\/vc_column][vc_column&hellip;","_links":{"self":[{"href":"https:\/\/vogelsitze.com\/de\/wp-json\/wp\/v2\/pages\/771","targetHints":{"allow":["GET"]}}],"collection":[{"href":"https:\/\/vogelsitze.com\/de\/wp-json\/wp\/v2\/pages"}],"about":[{"href":"https:\/\/vogelsitze.com\/de\/wp-json\/wp\/v2\/types\/page"}],"author":[{"embeddable":true,"href":"https:\/\/vogelsitze.com\/de\/wp-json\/wp\/v2\/users\/8"}],"replies":[{"embeddable":true,"href":"https:\/\/vogelsitze.com\/de\/wp-json\/wp\/v2\/comments?post=771"}],"version-history":[{"count":29,"href":"https:\/\/vogelsitze.com\/de\/wp-json\/wp\/v2\/pages\/771\/revisions"}],"predecessor-version":[{"id":7494,"href":"https:\/\/vogelsitze.com\/de\/wp-json\/wp\/v2\/pages\/771\/revisions\/7494"}],"wp:attachment":[{"href":"https:\/\/vogelsitze.com\/de\/wp-json\/wp\/v2\/media?parent=771"}],"curies":[{"name":"wp","href":"https:\/\/api.w.org\/{rel}","templated":true}]}}